{"id":16578,"date":"2025-12-01T16:08:37","date_gmt":"2025-12-01T16:08:37","guid":{"rendered":"https:\/\/agurotech.yourtechclub.com\/?page_id=16578"},"modified":"2025-12-01T16:11:03","modified_gmt":"2025-12-01T16:11:03","slug":"eula","status":"publish","type":"page","link":"https:\/\/agurotech.yourtechclub.com\/pt\/eula\/","title":{"rendered":"EULA"},"content":{"rendered":"\t\t<div data-elementor-type=\"wp-page\" data-elementor-id=\"16578\" class=\"elementor elementor-16578 elementor-16573\" data-elementor-post-type=\"page\">\n\t\t\t\t<div class=\"elementor-element elementor-element-4c1bdd0 e-flex e-con-boxed e-con e-parent\" data-id=\"4c1bdd0\" data-element_type=\"container\">\n\t\t\t\t\t<div class=\"e-con-inner\">\n\t\t\t\t<div class=\"elementor-element elementor-element-4e3e6b5 elementor-widget elementor-widget-heading\" data-id=\"4e3e6b5\" data-element_type=\"widget\" data-widget_type=\"heading.default\">\n\t\t\t\t\t<h3 class=\"elementor-heading-title elementor-size-default\">EULA - Licen\u00e7a de utilizador final<\/h3>\t\t\t\t<\/div>\n\t\t\t\t<div class=\"elementor-element elementor-element-de64b04 elementor-widget elementor-widget-text-editor\" data-id=\"de64b04\" data-element_type=\"widget\" data-widget_type=\"text-editor.default\">\n\t\t\t\t\t\t\t\t\t<p><b><span data-contrast=\"auto\">\u00daltima atualiza\u00e7\u00e3o: 17 de fevereiro de 2025<\/span><\/b> <br><b><span data-contrast=\"auto\">Contacto: info@agurotech.yourtechclub.com<\/span><\/b><span data-ccp-props=\"{}\"> <\/span><\/p><p><b><span data-contrast=\"auto\">1. Introdu\u00e7\u00e3o<\/span><\/b><\/p><p><span data-contrast=\"auto\">Esta Licen\u00e7a de Utilizador Final (&#8220;EULA&#8221;) aplica-se \u00e0 utiliza\u00e7\u00e3o do Sistema de Monitoriza\u00e7\u00e3o e Apoio \u00e0 Decis\u00e3o da Agurotech, incluindo a aplica\u00e7\u00e3o m\u00f3vel, a aplica\u00e7\u00e3o web, os algoritmos, os pain\u00e9is de controlo e todo o software associado (&#8220;Software&#8221;).<\/span> <br><span data-contrast=\"auto\">Ao criar uma conta, iniciar sess\u00e3o ou utilizar o Software, o utilizador (&#8220;Utilizador Final&#8221;) concorda com este EULA.<\/span><span data-ccp-props=\"{}\"> <\/span><\/p><p><b><span data-contrast=\"auto\">2. Concess\u00e3o de licen\u00e7as<\/span><\/b><\/p><p><span data-contrast=\"auto\">A Agurotech concede ao Utilizador Final uma licen\u00e7a limitada, revog\u00e1vel, intransfer\u00edvel e n\u00e3o exclusiva para utilizar o Software para opera\u00e7\u00f5es internas de neg\u00f3cios agr\u00edcolas.<\/span><span data-ccp-props=\"{}\"> <\/span><\/p><p><b><span data-contrast=\"auto\">3. Restri\u00e7\u00f5es<\/span><\/b><\/p><p><span data-contrast=\"auto\">O Utilizador Final n\u00e3o pode:<\/span><span data-ccp-props=\"{}\"> <\/span><\/p><ul><li><span data-contrast=\"auto\">copia, modifica ou cria trabalhos derivados do software<\/span><span data-ccp-props=\"{}\"> <\/span><\/li><li><span data-contrast=\"auto\">descompilar, fazer engenharia inversa ou tentar obter o c\u00f3digo fonte<\/span><span data-ccp-props=\"{}\"> <\/span><\/li><li><span data-contrast=\"auto\">vende, sublicencia ou distribui o Software<\/span><span data-ccp-props=\"{}\"> <\/span><\/li><li><span data-contrast=\"auto\">contornar as medidas de seguran\u00e7a<\/span><span data-ccp-props=\"{}\"> <\/span><\/li><li><span data-contrast=\"auto\">Utiliza o software para o desenvolvimento de produtos competitivos<\/span><span data-ccp-props=\"{}\"> <\/span><\/li><\/ul><p><b><span data-contrast=\"auto\">4. Propriedade<\/span><\/b><\/p><p><span data-contrast=\"auto\">Todos os direitos de propriedade intelectual pertencem exclusivamente \u00e0 Agurotech.<\/span><span data-ccp-props=\"{}\"> <\/span><\/p><p><b><span data-contrast=\"auto\">5. Obriga\u00e7\u00f5es do utilizador final<\/span><\/b><\/p><p><span data-contrast=\"auto\">O utilizador final \u00e9 respons\u00e1vel por:<\/span><span data-ccp-props=\"{}\"> <\/span><\/p><ul><li><span data-contrast=\"auto\">introdu\u00e7\u00e3o correta dos dados relativos \u00e0 parcela, ao solo e \u00e0 cultura<\/span><span data-ccp-props=\"{}\"> <\/span><\/li><li><span data-contrast=\"auto\">instala\u00e7\u00e3o e manuten\u00e7\u00e3o corretas do hardware<\/span><span data-ccp-props=\"{}\"> <\/span><\/li><li><span data-contrast=\"auto\">seguran\u00e7a da conta de utilizador<\/span><span data-ccp-props=\"{}\"> <\/span><\/li><\/ul><p><span data-contrast=\"auto\">A Agurotech n\u00e3o se responsabiliza por imprecis\u00f5es devidas a introdu\u00e7\u00e3o, instala\u00e7\u00e3o ou utiliza\u00e7\u00e3o incorrectas.<\/span><span data-ccp-props=\"{}\"> <\/span><\/p><p><b><span data-contrast=\"auto\">6. Actualiza\u00e7\u00f5es de software<\/span><\/b><\/p><p><span data-contrast=\"auto\">A Agurotech pode efetuar actualiza\u00e7\u00f5es, melhoramentos ou manuten\u00e7\u00e3o em qualquer altura.<\/span> <br><span data-contrast=\"auto\">Algumas actualiza\u00e7\u00f5es podem alterar a funcionalidade. A continua\u00e7\u00e3o da utiliza\u00e7\u00e3o significa que aceitaste. <\/span><span data-ccp-props=\"{}\"> <\/span><\/p><p><b><span data-contrast=\"auto\">7. Ren\u00fancia \u00e0 tomada de decis\u00f5es<\/span><\/b><\/p><p><span data-contrast=\"auto\">Todos os resultados (tais como alertas, \u00edndices, visualiza\u00e7\u00f5es e resultados de modelos) s\u00e3o <\/span><b><span data-contrast=\"auto\">apoio \u00e0 decis\u00e3o<\/span><\/b><span data-contrast=\"auto\">.<\/span> <br><span data-contrast=\"auto\">N\u00e3o constituem <\/span><b><span data-contrast=\"auto\">n\u00e3o s\u00e3o conselhos agron\u00f3micos, de irriga\u00e7\u00e3o ou de fertiliza\u00e7\u00e3o<\/span><\/b><span data-contrast=\"auto\">.<\/span><span data-ccp-props=\"{}\"> <\/span><\/p><p><span data-contrast=\"auto\">O Utilizador Final \u00e9 sempre respons\u00e1vel por todas as decis\u00f5es de cultivo.<\/span><span data-ccp-props=\"{}\"> <\/span><\/p><p><b><span data-contrast=\"auto\">8. Dados<\/span><\/b><\/p><p><span data-contrast=\"auto\">O tratamento de dados \u00e9 regulado na <\/span><b><span data-contrast=\"auto\">Pol\u00edtica de privacidade da Agurotech<\/span><\/b><span data-contrast=\"auto\">.<\/span> <br><span data-contrast=\"auto\">O utilizador final autoriza a Agurotech a processar dados para a funcionalidade e melhoria do sistema.<\/span><span data-ccp-props=\"{}\"> <\/span><\/p><p><b><span data-contrast=\"auto\">9. Disponibilidade<\/span><\/b><\/p><p><span data-contrast=\"auto\">O software \u00e9 fornecido numa base de melhor esfor\u00e7o. N\u00e3o existe qualquer direito a uma disponibilidade ininterrupta. <\/span><span data-ccp-props=\"{}\"> <\/span><\/p><p><b><span data-contrast=\"auto\">10. Rescis\u00e3o<\/span><\/b><\/p><p><span data-contrast=\"auto\">A Agurotech pode p\u00f4r termo ao acesso em:<\/span><span data-ccp-props=\"{}\"> <\/span><\/p><ul><li><span data-contrast=\"auto\">n\u00e3o pagamento<\/span><span data-ccp-props=\"{}\"> <\/span><\/li><li><span data-contrast=\"auto\">viola\u00e7\u00e3o do presente EULA<\/span><span data-ccp-props=\"{}\"> <\/span><\/li><li><span data-contrast=\"auto\">utiliza\u00e7\u00e3o indevida ou ilegal<\/span><span data-ccp-props=\"{}\"> <\/span><\/li><\/ul><p><span data-contrast=\"auto\">Em caso de rescis\u00e3o, a licen\u00e7a expira imediatamente.<\/span><span data-ccp-props=\"{}\"> <\/span><\/p><p><b><span data-contrast=\"auto\">11. Responsabilidade civil<\/span><\/b><\/p><p><span data-contrast=\"auto\">A responsabilidade da Agurotech est\u00e1 limitada ao montante pago pelo cliente nos \u00faltimos 12 meses.<\/span> <br><span data-contrast=\"auto\">A Agurotech n\u00e3o se responsabiliza por danos nas culturas, perdas de rendimento, danos indirectos ou decis\u00f5es baseadas em resultados.<\/span><span data-ccp-props=\"{}\"> <\/span><\/p><p><b><span data-contrast=\"auto\">12. Direito aplic\u00e1vel<\/span><\/b><\/p><p><span data-contrast=\"auto\">Aplica-se o direito neerland\u00eas.<\/span> <br><span data-contrast=\"auto\">Os lit\u00edgios s\u00e3o submetidos ao Tribunal Distrital de Amesterd\u00e3o.<\/span><span data-ccp-props=\"{}\">    <\/span><span data-ccp-props=\"{}\"> <\/span><\/p>\t\t\t\t\t\t\t\t<\/div>\n\t\t\t\t\t<\/div>\n\t\t\t\t<\/div>\n\t\t\t\t<\/div>\n\t\t","protected":false},"excerpt":{"rendered":"<p>EULA &#8211; Licen\u00e7a de utilizador final \u00daltima atualiza\u00e7\u00e3o: 17 de fevereiro de 2025 Contacto: info@agurotech.yourtechclub.com 1. Introdu\u00e7\u00e3o Esta Licen\u00e7a de Utilizador Final (&#8220;EULA&#8221;) aplica-se \u00e0 utiliza\u00e7\u00e3o do Sistema de Monitoriza\u00e7\u00e3o e Apoio \u00e0 Decis\u00e3o da Agurotech, incluindo a aplica\u00e7\u00e3o m\u00f3vel, a aplica\u00e7\u00e3o web, os algoritmos, os pain\u00e9is de controlo e todo o software associado (&#8220;Software&#8221;). [&hellip;]<\/p>\n","protected":false},"author":5,"featured_media":0,"parent":0,"menu_order":0,"comment_status":"closed","ping_status":"closed","template":"","meta":{"_acf_changed":false,"footnotes":""},"class_list":["post-16578","page","type-page","status-publish","hentry"],"acf":[],"yoast_head":"<!-- This site is optimized with the Yoast SEO plugin v26.8 - https:\/\/yoast.com\/product\/yoast-seo-wordpress\/ -->\n<title>EULA &#8211; Agurotech<\/title>\n<meta name=\"description\" content=\"EULA - Licen\u00e7a de utilizador final \u00daltima atualiza\u00e7\u00e3o: 17 de fevereiro de 2025 Contacto: info@agurotech.yourtechclub.com 1. Introdu\u00e7\u00e3oEsta Licen\u00e7a de - Agurotech\" \/>\n<meta name=\"robots\" content=\"index, follow, max-snippet:-1, max-image-preview:large, max-video-preview:-1\" \/>\n<link rel=\"canonical\" href=\"https:\/\/agurotech.yourtechclub.com\/pt\/eula\/\" \/>\n<meta property=\"og:locale\" content=\"pt_PT\" \/>\n<meta property=\"og:type\" content=\"article\" \/>\n<meta property=\"og:title\" content=\"EULA &#8211; Agurotech\" \/>\n<meta property=\"og:description\" content=\"EULA - Licen\u00e7a de utilizador final \u00daltima atualiza\u00e7\u00e3o: 17 de fevereiro de 2025 Contacto: info@agurotech.yourtechclub.com 1. Introdu\u00e7\u00e3oEsta Licen\u00e7a de - Agurotech\" \/>\n<meta property=\"og:url\" content=\"https:\/\/agurotech.yourtechclub.com\/pt\/eula\/\" \/>\n<meta property=\"og:site_name\" content=\"Agurotech\" \/>\n<meta property=\"article:modified_time\" content=\"2025-12-01T16:11:03+00:00\" \/>\n<meta property=\"og:image\" content=\"https:\/\/agurotech.yourtechclub.com\/wp-content\/uploads\/2024\/09\/c2311cda1ce735f53bfc454c16ccd9b3-scaled.webp\" \/>\n\t<meta property=\"og:image:width\" content=\"2560\" \/>\n\t<meta property=\"og:image:height\" content=\"1710\" \/>\n\t<meta property=\"og:image:type\" content=\"image\/webp\" \/>\n<meta name=\"twitter:card\" content=\"summary_large_image\" \/>\n<script type=\"application\/ld+json\" class=\"yoast-schema-graph\">{\"@context\":\"https:\/\/schema.org\",\"@graph\":[{\"@type\":\"WebPage\",\"@id\":\"https:\/\/agurotech.yourtechclub.com\/pt\/eula\/\",\"url\":\"https:\/\/agurotech.yourtechclub.com\/pt\/eula\/\",\"name\":\"EULA &#8211; Agurotech\",\"isPartOf\":{\"@id\":\"https:\/\/agurotech.yourtechclub.com\/pt\/#website\"},\"datePublished\":\"2025-12-01T16:08:37+00:00\",\"dateModified\":\"2025-12-01T16:11:03+00:00\",\"description\":\"EULA - Licen\u00e7a de utilizador final \u00daltima atualiza\u00e7\u00e3o: 17 de fevereiro de 2025 Contacto: info@agurotech.yourtechclub.com 1. Introdu\u00e7\u00e3oEsta Licen\u00e7a de - Agurotech\",\"breadcrumb\":{\"@id\":\"https:\/\/agurotech.yourtechclub.com\/pt\/eula\/#breadcrumb\"},\"inLanguage\":\"pt-Port\",\"potentialAction\":[{\"@type\":\"ReadAction\",\"target\":[\"https:\/\/agurotech.yourtechclub.com\/pt\/eula\/\"]}]},{\"@type\":\"BreadcrumbList\",\"@id\":\"https:\/\/agurotech.yourtechclub.com\/pt\/eula\/#breadcrumb\",\"itemListElement\":[{\"@type\":\"ListItem\",\"position\":1,\"name\":\"Home\",\"item\":\"https:\/\/agurotech.yourtechclub.com\/pt\/\"},{\"@type\":\"ListItem\",\"position\":2,\"name\":\"EULA\"}]},{\"@type\":\"WebSite\",\"@id\":\"https:\/\/agurotech.yourtechclub.com\/pt\/#website\",\"url\":\"https:\/\/agurotech.yourtechclub.com\/pt\/\",\"name\":\"Agurotech\",\"description\":\"L\u00edder de mercado em tecnologia de sensores e agricultura de precis\u00e3o.\",\"publisher\":{\"@id\":\"https:\/\/agurotech.yourtechclub.com\/pt\/#organization\"},\"potentialAction\":[{\"@type\":\"SearchAction\",\"target\":{\"@type\":\"EntryPoint\",\"urlTemplate\":\"https:\/\/agurotech.yourtechclub.com\/pt\/?s={search_term_string}\"},\"query-input\":{\"@type\":\"PropertyValueSpecification\",\"valueRequired\":true,\"valueName\":\"search_term_string\"}}],\"inLanguage\":\"pt-Port\"},{\"@type\":\"Organization\",\"@id\":\"https:\/\/agurotech.yourtechclub.com\/pt\/#organization\",\"name\":\"Agurotech\",\"url\":\"https:\/\/agurotech.yourtechclub.com\/pt\/\",\"logo\":{\"@type\":\"ImageObject\",\"inLanguage\":\"pt-Port\",\"@id\":\"https:\/\/agurotech.yourtechclub.com\/pt\/#\/schema\/logo\/image\/\",\"url\":\"https:\/\/agurotech.yourtechclub.com\/wp-content\/uploads\/2024\/08\/logo-500-21.png\",\"contentUrl\":\"https:\/\/agurotech.yourtechclub.com\/wp-content\/uploads\/2024\/08\/logo-500-21.png\",\"width\":186,\"height\":38,\"caption\":\"Agurotech\"},\"image\":{\"@id\":\"https:\/\/agurotech.yourtechclub.com\/pt\/#\/schema\/logo\/image\/\"},\"sameAs\":[\"https:\/\/www.linkedin.com\/company\/agurotech-b-v\/\"]}]}<\/script>\n<!-- \/ Yoast SEO plugin. -->","yoast_head_json":{"title":"EULA &#8211; Agurotech","description":"EULA - Licen\u00e7a de utilizador final \u00daltima atualiza\u00e7\u00e3o: 17 de fevereiro de 2025 Contacto: info@agurotech.yourtechclub.com 1. Introdu\u00e7\u00e3oEsta Licen\u00e7a de - Agurotech","robots":{"index":"index","follow":"follow","max-snippet":"max-snippet:-1","max-image-preview":"max-image-preview:large","max-video-preview":"max-video-preview:-1"},"canonical":"https:\/\/agurotech.yourtechclub.com\/pt\/eula\/","og_locale":"pt_PT","og_type":"article","og_title":"EULA &#8211; Agurotech","og_description":"EULA - Licen\u00e7a de utilizador final \u00daltima atualiza\u00e7\u00e3o: 17 de fevereiro de 2025 Contacto: info@agurotech.yourtechclub.com 1. Introdu\u00e7\u00e3oEsta Licen\u00e7a de - Agurotech","og_url":"https:\/\/agurotech.yourtechclub.com\/pt\/eula\/","og_site_name":"Agurotech","article_modified_time":"2025-12-01T16:11:03+00:00","og_image":[{"width":2560,"height":1710,"url":"https:\/\/agurotech.yourtechclub.com\/wp-content\/uploads\/2024\/09\/c2311cda1ce735f53bfc454c16ccd9b3-scaled.webp","type":"image\/webp"}],"twitter_card":"summary_large_image","schema":{"@context":"https:\/\/schema.org","@graph":[{"@type":"WebPage","@id":"https:\/\/agurotech.yourtechclub.com\/pt\/eula\/","url":"https:\/\/agurotech.yourtechclub.com\/pt\/eula\/","name":"EULA &#8211; Agurotech","isPartOf":{"@id":"https:\/\/agurotech.yourtechclub.com\/pt\/#website"},"datePublished":"2025-12-01T16:08:37+00:00","dateModified":"2025-12-01T16:11:03+00:00","description":"EULA - Licen\u00e7a de utilizador final \u00daltima atualiza\u00e7\u00e3o: 17 de fevereiro de 2025 Contacto: info@agurotech.yourtechclub.com 1. Introdu\u00e7\u00e3oEsta Licen\u00e7a de - Agurotech","breadcrumb":{"@id":"https:\/\/agurotech.yourtechclub.com\/pt\/eula\/#breadcrumb"},"inLanguage":"pt-Port","potentialAction":[{"@type":"ReadAction","target":["https:\/\/agurotech.yourtechclub.com\/pt\/eula\/"]}]},{"@type":"BreadcrumbList","@id":"https:\/\/agurotech.yourtechclub.com\/pt\/eula\/#breadcrumb","itemListElement":[{"@type":"ListItem","position":1,"name":"Home","item":"https:\/\/agurotech.yourtechclub.com\/pt\/"},{"@type":"ListItem","position":2,"name":"EULA"}]},{"@type":"WebSite","@id":"https:\/\/agurotech.yourtechclub.com\/pt\/#website","url":"https:\/\/agurotech.yourtechclub.com\/pt\/","name":"Agurotech","description":"L\u00edder de mercado em tecnologia de sensores e agricultura de precis\u00e3o.","publisher":{"@id":"https:\/\/agurotech.yourtechclub.com\/pt\/#organization"},"potentialAction":[{"@type":"SearchAction","target":{"@type":"EntryPoint","urlTemplate":"https:\/\/agurotech.yourtechclub.com\/pt\/?s={search_term_string}"},"query-input":{"@type":"PropertyValueSpecification","valueRequired":true,"valueName":"search_term_string"}}],"inLanguage":"pt-Port"},{"@type":"Organization","@id":"https:\/\/agurotech.yourtechclub.com\/pt\/#organization","name":"Agurotech","url":"https:\/\/agurotech.yourtechclub.com\/pt\/","logo":{"@type":"ImageObject","inLanguage":"pt-Port","@id":"https:\/\/agurotech.yourtechclub.com\/pt\/#\/schema\/logo\/image\/","url":"https:\/\/agurotech.yourtechclub.com\/wp-content\/uploads\/2024\/08\/logo-500-21.png","contentUrl":"https:\/\/agurotech.yourtechclub.com\/wp-content\/uploads\/2024\/08\/logo-500-21.png","width":186,"height":38,"caption":"Agurotech"},"image":{"@id":"https:\/\/agurotech.yourtechclub.com\/pt\/#\/schema\/logo\/image\/"},"sameAs":["https:\/\/www.linkedin.com\/company\/agurotech-b-v\/"]}]}},"_links":{"self":[{"href":"https:\/\/agurotech.yourtechclub.com\/pt\/wp-json\/wp\/v2\/pages\/16578","targetHints":{"allow":["GET"]}}],"collection":[{"href":"https:\/\/agurotech.yourtechclub.com\/pt\/wp-json\/wp\/v2\/pages"}],"about":[{"href":"https:\/\/agurotech.yourtechclub.com\/pt\/wp-json\/wp\/v2\/types\/page"}],"author":[{"embeddable":true,"href":"https:\/\/agurotech.yourtechclub.com\/pt\/wp-json\/wp\/v2\/users\/5"}],"replies":[{"embeddable":true,"href":"https:\/\/agurotech.yourtechclub.com\/pt\/wp-json\/wp\/v2\/comments?post=16578"}],"version-history":[{"count":3,"href":"https:\/\/agurotech.yourtechclub.com\/pt\/wp-json\/wp\/v2\/pages\/16578\/revisions"}],"predecessor-version":[{"id":16603,"href":"https:\/\/agurotech.yourtechclub.com\/pt\/wp-json\/wp\/v2\/pages\/16578\/revisions\/16603"}],"wp:attachment":[{"href":"https:\/\/agurotech.yourtechclub.com\/pt\/wp-json\/wp\/v2\/media?parent=16578"}],"curies":[{"name":"wp","href":"https:\/\/api.w.org\/{rel}","templated":true}]}}