{"id":15170,"date":"2025-01-05T20:12:50","date_gmt":"2025-01-05T20:12:50","guid":{"rendered":"https:\/\/agurotech.yourtechclub.com\/refund_returns\/"},"modified":"2025-10-09T11:37:22","modified_gmt":"2025-10-09T11:37:22","slug":"refund_returns","status":"publish","type":"page","link":"https:\/\/agurotech.yourtechclub.com\/pt\/refund_returns\/","title":{"rendered":"Pol\u00edtica de reembolso e devolu\u00e7\u00e3o"},"content":{"rendered":"\n<p><b>Esta \u00e9 uma p\u00e1gina de amostra.<\/b><\/p>\n\n<h2 class=\"wp-block-heading\">Vis\u00e3o geral<\/h2>\n\n<p>A nossa pol\u00edtica de reembolso e devolu\u00e7\u00e3o tem uma dura\u00e7\u00e3o de 30 dias. Se tiverem passado 30 dias desde a tua compra, n\u00e3o podemos oferecer-te um reembolso total ou uma troca. <\/p>\n\n<p>Para poder ser devolvido, o teu artigo n\u00e3o deve ter sido utilizado e deve estar nas mesmas condi\u00e7\u00f5es em que o recebeste. Tamb\u00e9m deve estar na embalagem original. <\/p>\n\n<p>H\u00e1 v\u00e1rios tipos de bens que n\u00e3o podem ser devolvidos. Os produtos perec\u00edveis, tais como alimentos, flores, jornais ou revistas, n\u00e3o podem ser devolvidos. Tamb\u00e9m n\u00e3o aceitamos produtos que sejam bens \u00edntimos ou sanit\u00e1rios, materiais perigosos ou l\u00edquidos ou gases inflam\u00e1veis.  <\/p>\n\n<p>Outros artigos que n\u00e3o podem ser devolvidos:<\/p>\n\n<ul class=\"wp-block-list\">\n<li>Cart\u00f5es de oferta<\/li>\n<li>Produtos de software descarreg\u00e1veis<\/li>\n<li>Alguns artigos de sa\u00fade e de cuidados pessoais<\/li>\n<\/ul>\n\n<p>Para efetuar a tua devolu\u00e7\u00e3o, necessitamos de um recibo ou prova de compra.<\/p>\n\n<p>Por favor, n\u00e3o devolvas a tua compra ao fabricante.<\/p>\n\n<p>Em determinadas situa\u00e7\u00f5es, s\u00f3 s\u00e3o concedidos reembolsos parciais:<\/p>\n\n<ul class=\"wp-block-list\">\n<li>Livro com sinais evidentes de utiliza\u00e7\u00e3o<\/li>\n<li>CD, DVD, fita VHS, software, jogo de v\u00eddeo, fita cassete ou disco de vinil que tenha sido aberto.<\/li>\n<li>Qualquer artigo que n\u00e3o esteja no seu estado original, que esteja danificado ou que faltem pe\u00e7as por raz\u00f5es que n\u00e3o se devam a um erro nosso.<\/li>\n<li>Qualquer artigo que seja devolvido mais de 30 dias ap\u00f3s a entrega<\/li>\n<\/ul>\n\n<h2>Reembolsos<\/h2>\n\n<p>Assim que a tua devolu\u00e7\u00e3o for recebida e inspeccionada, enviar-te-emos um e-mail para te notificar de que recebemos o teu artigo devolvido. Tamb\u00e9m te notificaremos da aprova\u00e7\u00e3o ou rejei\u00e7\u00e3o do teu reembolso. <\/p>\n\n<p>Se fores aprovado, o teu reembolso ser\u00e1 processado e ser\u00e1 automaticamente aplicado um cr\u00e9dito no teu cart\u00e3o de cr\u00e9dito ou m\u00e9todo de pagamento original, dentro de um determinado n\u00famero de dias.<\/p>\n\n<h3 class=\"wp-block-heading\">Reembolsos atrasados ou em falta<\/h3>\n\n<p>Se ainda n\u00e3o recebeste o reembolso, come\u00e7a por verificar novamente a tua conta banc\u00e1ria.<\/p>\n\n<p>Em seguida, contacta a empresa do teu cart\u00e3o de cr\u00e9dito, pois pode demorar algum tempo at\u00e9 que o teu reembolso seja oficialmente publicado.<\/p>\n\n<p>Em seguida, contacta o teu banco. \u00c9 frequente haver algum tempo de processamento antes de um reembolso ser lan\u00e7ado. <\/p>\n\n<p>Se fizeste tudo isto e ainda n\u00e3o recebeste o teu reembolso, contacta-nos atrav\u00e9s do endere\u00e7o {email address}.<\/p>\n\n<h3 class=\"wp-block-heading\">Artigos em promo\u00e7\u00e3o<\/h3>\n\n<p>Apenas os artigos de pre\u00e7o normal podem ser reembolsados. Os artigos em promo\u00e7\u00e3o n\u00e3o podem ser reembolsados. <\/p>\n\n<h2>Trocas<\/h2>\n\n<p>S\u00f3 substitu\u00edmos os artigos se estiverem defeituosos ou danificados. Se precisares de o trocar pelo mesmo artigo, envia-nos um e-mail para {endere\u00e7o de e-mail} e envia o teu artigo para: {endere\u00e7o f\u00edsico}. <\/p>\n\n<h2>Presentes<\/h2>\n\n<p>Se o artigo foi marcado como presente quando foi comprado e enviado diretamente para ti, receber\u00e1s um cr\u00e9dito de presente no valor da tua devolu\u00e7\u00e3o. Assim que o artigo devolvido for recebido, ser-te-\u00e1 enviado um certificado de oferta. <\/p>\n\n<p>Se o artigo n\u00e3o tiver sido marcado como presente quando foi comprado, ou se o presenteador tiver mandado enviar a encomenda para ele pr\u00f3prio para te oferecer mais tarde, enviaremos um reembolso ao presenteador e ele ficar\u00e1 a saber da tua devolu\u00e7\u00e3o.<\/p>\n\n<h2>Devolu\u00e7\u00f5es de envios<\/h2>\n\n<p>Para devolveres o teu produto, deves envi\u00e1-lo por correio para: {endere\u00e7o f\u00edsico}.<\/p>\n\n<p>Ser\u00e1s respons\u00e1vel pelo pagamento dos teus pr\u00f3prios custos de envio para devolver o teu artigo. Os custos de envio n\u00e3o s\u00e3o reembols\u00e1veis. Se receberes um reembolso, o custo do envio da devolu\u00e7\u00e3o ser\u00e1 deduzido do teu reembolso.  <\/p>\n\n<p>Dependendo do local onde vives, o tempo que pode demorar a chegar o teu produto trocado pode variar.<\/p>\n\n<p>Se estiveres a devolver artigos mais caros, podes considerar utilizar um servi\u00e7o de envio rastre\u00e1vel ou adquirir um seguro de envio. N\u00e3o garantimos que receberemos o teu artigo devolvido. <\/p>\n\n<h2>Precisas de ajuda?<\/h2>\n\n<p>Contacta-nos em {email} para quest\u00f5es relacionadas com reembolsos e devolu\u00e7\u00f5es.<\/p>\n","protected":false},"excerpt":{"rendered":"<p>Esta \u00e9 uma p\u00e1gina de amostra. Vis\u00e3o geral A nossa pol\u00edtica de reembolso e devolu\u00e7\u00e3o tem uma dura\u00e7\u00e3o de 30 dias. Se tiverem passado 30 dias desde a tua compra, n\u00e3o podemos oferecer-te um reembolso total ou uma troca. Para poder ser devolvido, o teu artigo n\u00e3o deve ter sido utilizado e deve estar nas [&hellip;]<\/p>\n","protected":false},"author":1,"featured_media":0,"parent":0,"menu_order":0,"comment_status":"closed","ping_status":"closed","template":"","meta":{"_acf_changed":false,"footnotes":""},"class_list":["post-15170","page","type-page","status-publish","hentry"],"acf":[],"yoast_head":"<!-- This site is optimized with the Yoast SEO plugin v26.8 - https:\/\/yoast.com\/product\/yoast-seo-wordpress\/ -->\n<title>Pol\u00edtica de reembolso e devolu\u00e7\u00e3o &#8211; Agurotech<\/title>\n<meta name=\"description\" content=\"Esta \u00e9 uma p\u00e1gina de amostra. Vis\u00e3o geral A nossa pol\u00edtica de reembolso e devolu\u00e7\u00e3o tem uma dura\u00e7\u00e3o de 30 dias. Se tiverem passado 30 dias desde a tua - Agurotech\" \/>\n<meta name=\"robots\" content=\"index, follow, max-snippet:-1, max-image-preview:large, max-video-preview:-1\" \/>\n<link rel=\"canonical\" href=\"https:\/\/agurotech.yourtechclub.com\/pt\/refund_returns\/\" \/>\n<meta property=\"og:locale\" content=\"pt_PT\" \/>\n<meta property=\"og:type\" content=\"article\" \/>\n<meta property=\"og:title\" content=\"Pol\u00edtica de reembolso e devolu\u00e7\u00e3o &#8211; Agurotech\" \/>\n<meta property=\"og:description\" content=\"Esta \u00e9 uma p\u00e1gina de amostra. Vis\u00e3o geral A nossa pol\u00edtica de reembolso e devolu\u00e7\u00e3o tem uma dura\u00e7\u00e3o de 30 dias. Se tiverem passado 30 dias desde a tua - Agurotech\" \/>\n<meta property=\"og:url\" content=\"https:\/\/agurotech.yourtechclub.com\/pt\/refund_returns\/\" \/>\n<meta property=\"og:site_name\" content=\"Agurotech\" \/>\n<meta property=\"article:modified_time\" content=\"2025-10-09T11:37:22+00:00\" \/>\n<meta property=\"og:image\" content=\"https:\/\/agurotech.yourtechclub.com\/wp-content\/uploads\/2024\/09\/c2311cda1ce735f53bfc454c16ccd9b3-scaled.webp\" \/>\n\t<meta property=\"og:image:width\" content=\"2560\" \/>\n\t<meta property=\"og:image:height\" content=\"1710\" \/>\n\t<meta property=\"og:image:type\" content=\"image\/webp\" \/>\n<meta name=\"twitter:card\" content=\"summary_large_image\" \/>\n<script type=\"application\/ld+json\" class=\"yoast-schema-graph\">{\"@context\":\"https:\/\/schema.org\",\"@graph\":[{\"@type\":\"WebPage\",\"@id\":\"https:\/\/agurotech.yourtechclub.com\/pt\/refund_returns\/\",\"url\":\"https:\/\/agurotech.yourtechclub.com\/pt\/refund_returns\/\",\"name\":\"Pol\u00edtica de reembolso e devolu\u00e7\u00e3o &#8211; Agurotech\",\"isPartOf\":{\"@id\":\"https:\/\/agurotech.yourtechclub.com\/pt\/#website\"},\"datePublished\":\"2025-01-05T20:12:50+00:00\",\"dateModified\":\"2025-10-09T11:37:22+00:00\",\"description\":\"Esta \u00e9 uma p\u00e1gina de amostra. Vis\u00e3o geral A nossa pol\u00edtica de reembolso e devolu\u00e7\u00e3o tem uma dura\u00e7\u00e3o de 30 dias. Se tiverem passado 30 dias desde a tua - Agurotech\",\"breadcrumb\":{\"@id\":\"https:\/\/agurotech.yourtechclub.com\/pt\/refund_returns\/#breadcrumb\"},\"inLanguage\":\"pt-Port\",\"potentialAction\":[{\"@type\":\"ReadAction\",\"target\":[\"https:\/\/agurotech.yourtechclub.com\/pt\/refund_returns\/\"]}]},{\"@type\":\"BreadcrumbList\",\"@id\":\"https:\/\/agurotech.yourtechclub.com\/pt\/refund_returns\/#breadcrumb\",\"itemListElement\":[{\"@type\":\"ListItem\",\"position\":1,\"name\":\"Home\",\"item\":\"https:\/\/agurotech.yourtechclub.com\/pt\/\"},{\"@type\":\"ListItem\",\"position\":2,\"name\":\"Pol\u00edtica de reembolso e devolu\u00e7\u00e3o\"}]},{\"@type\":\"WebSite\",\"@id\":\"https:\/\/agurotech.yourtechclub.com\/pt\/#website\",\"url\":\"https:\/\/agurotech.yourtechclub.com\/pt\/\",\"name\":\"Agurotech\",\"description\":\"L\u00edder de mercado em tecnologia de sensores e agricultura de precis\u00e3o.\",\"publisher\":{\"@id\":\"https:\/\/agurotech.yourtechclub.com\/pt\/#organization\"},\"potentialAction\":[{\"@type\":\"SearchAction\",\"target\":{\"@type\":\"EntryPoint\",\"urlTemplate\":\"https:\/\/agurotech.yourtechclub.com\/pt\/?s={search_term_string}\"},\"query-input\":{\"@type\":\"PropertyValueSpecification\",\"valueRequired\":true,\"valueName\":\"search_term_string\"}}],\"inLanguage\":\"pt-Port\"},{\"@type\":\"Organization\",\"@id\":\"https:\/\/agurotech.yourtechclub.com\/pt\/#organization\",\"name\":\"Agurotech\",\"url\":\"https:\/\/agurotech.yourtechclub.com\/pt\/\",\"logo\":{\"@type\":\"ImageObject\",\"inLanguage\":\"pt-Port\",\"@id\":\"https:\/\/agurotech.yourtechclub.com\/pt\/#\/schema\/logo\/image\/\",\"url\":\"https:\/\/agurotech.yourtechclub.com\/wp-content\/uploads\/2024\/08\/logo-500-21.png\",\"contentUrl\":\"https:\/\/agurotech.yourtechclub.com\/wp-content\/uploads\/2024\/08\/logo-500-21.png\",\"width\":186,\"height\":38,\"caption\":\"Agurotech\"},\"image\":{\"@id\":\"https:\/\/agurotech.yourtechclub.com\/pt\/#\/schema\/logo\/image\/\"},\"sameAs\":[\"https:\/\/www.linkedin.com\/company\/agurotech-b-v\/\"]}]}<\/script>\n<!-- \/ Yoast SEO plugin. -->","yoast_head_json":{"title":"Pol\u00edtica de reembolso e devolu\u00e7\u00e3o &#8211; Agurotech","description":"Esta \u00e9 uma p\u00e1gina de amostra. Vis\u00e3o geral A nossa pol\u00edtica de reembolso e devolu\u00e7\u00e3o tem uma dura\u00e7\u00e3o de 30 dias. Se tiverem passado 30 dias desde a tua - Agurotech","robots":{"index":"index","follow":"follow","max-snippet":"max-snippet:-1","max-image-preview":"max-image-preview:large","max-video-preview":"max-video-preview:-1"},"canonical":"https:\/\/agurotech.yourtechclub.com\/pt\/refund_returns\/","og_locale":"pt_PT","og_type":"article","og_title":"Pol\u00edtica de reembolso e devolu\u00e7\u00e3o &#8211; Agurotech","og_description":"Esta \u00e9 uma p\u00e1gina de amostra. Vis\u00e3o geral A nossa pol\u00edtica de reembolso e devolu\u00e7\u00e3o tem uma dura\u00e7\u00e3o de 30 dias. Se tiverem passado 30 dias desde a tua - Agurotech","og_url":"https:\/\/agurotech.yourtechclub.com\/pt\/refund_returns\/","og_site_name":"Agurotech","article_modified_time":"2025-10-09T11:37:22+00:00","og_image":[{"width":2560,"height":1710,"url":"https:\/\/agurotech.yourtechclub.com\/wp-content\/uploads\/2024\/09\/c2311cda1ce735f53bfc454c16ccd9b3-scaled.webp","type":"image\/webp"}],"twitter_card":"summary_large_image","schema":{"@context":"https:\/\/schema.org","@graph":[{"@type":"WebPage","@id":"https:\/\/agurotech.yourtechclub.com\/pt\/refund_returns\/","url":"https:\/\/agurotech.yourtechclub.com\/pt\/refund_returns\/","name":"Pol\u00edtica de reembolso e devolu\u00e7\u00e3o &#8211; Agurotech","isPartOf":{"@id":"https:\/\/agurotech.yourtechclub.com\/pt\/#website"},"datePublished":"2025-01-05T20:12:50+00:00","dateModified":"2025-10-09T11:37:22+00:00","description":"Esta \u00e9 uma p\u00e1gina de amostra. Vis\u00e3o geral A nossa pol\u00edtica de reembolso e devolu\u00e7\u00e3o tem uma dura\u00e7\u00e3o de 30 dias. Se tiverem passado 30 dias desde a tua - Agurotech","breadcrumb":{"@id":"https:\/\/agurotech.yourtechclub.com\/pt\/refund_returns\/#breadcrumb"},"inLanguage":"pt-Port","potentialAction":[{"@type":"ReadAction","target":["https:\/\/agurotech.yourtechclub.com\/pt\/refund_returns\/"]}]},{"@type":"BreadcrumbList","@id":"https:\/\/agurotech.yourtechclub.com\/pt\/refund_returns\/#breadcrumb","itemListElement":[{"@type":"ListItem","position":1,"name":"Home","item":"https:\/\/agurotech.yourtechclub.com\/pt\/"},{"@type":"ListItem","position":2,"name":"Pol\u00edtica de reembolso e devolu\u00e7\u00e3o"}]},{"@type":"WebSite","@id":"https:\/\/agurotech.yourtechclub.com\/pt\/#website","url":"https:\/\/agurotech.yourtechclub.com\/pt\/","name":"Agurotech","description":"L\u00edder de mercado em tecnologia de sensores e agricultura de precis\u00e3o.","publisher":{"@id":"https:\/\/agurotech.yourtechclub.com\/pt\/#organization"},"potentialAction":[{"@type":"SearchAction","target":{"@type":"EntryPoint","urlTemplate":"https:\/\/agurotech.yourtechclub.com\/pt\/?s={search_term_string}"},"query-input":{"@type":"PropertyValueSpecification","valueRequired":true,"valueName":"search_term_string"}}],"inLanguage":"pt-Port"},{"@type":"Organization","@id":"https:\/\/agurotech.yourtechclub.com\/pt\/#organization","name":"Agurotech","url":"https:\/\/agurotech.yourtechclub.com\/pt\/","logo":{"@type":"ImageObject","inLanguage":"pt-Port","@id":"https:\/\/agurotech.yourtechclub.com\/pt\/#\/schema\/logo\/image\/","url":"https:\/\/agurotech.yourtechclub.com\/wp-content\/uploads\/2024\/08\/logo-500-21.png","contentUrl":"https:\/\/agurotech.yourtechclub.com\/wp-content\/uploads\/2024\/08\/logo-500-21.png","width":186,"height":38,"caption":"Agurotech"},"image":{"@id":"https:\/\/agurotech.yourtechclub.com\/pt\/#\/schema\/logo\/image\/"},"sameAs":["https:\/\/www.linkedin.com\/company\/agurotech-b-v\/"]}]}},"_links":{"self":[{"href":"https:\/\/agurotech.yourtechclub.com\/pt\/wp-json\/wp\/v2\/pages\/15170","targetHints":{"allow":["GET"]}}],"collection":[{"href":"https:\/\/agurotech.yourtechclub.com\/pt\/wp-json\/wp\/v2\/pages"}],"about":[{"href":"https:\/\/agurotech.yourtechclub.com\/pt\/wp-json\/wp\/v2\/types\/page"}],"author":[{"embeddable":true,"href":"https:\/\/agurotech.yourtechclub.com\/pt\/wp-json\/wp\/v2\/users\/1"}],"replies":[{"embeddable":true,"href":"https:\/\/agurotech.yourtechclub.com\/pt\/wp-json\/wp\/v2\/comments?post=15170"}],"version-history":[{"count":0,"href":"https:\/\/agurotech.yourtechclub.com\/pt\/wp-json\/wp\/v2\/pages\/15170\/revisions"}],"wp:attachment":[{"href":"https:\/\/agurotech.yourtechclub.com\/pt\/wp-json\/wp\/v2\/media?parent=15170"}],"curies":[{"name":"wp","href":"https:\/\/api.w.org\/{rel}","templated":true}]}}