{"id":8825,"date":"2024-12-03T17:18:26","date_gmt":"2024-12-03T17:18:26","guid":{"rendered":"https:\/\/agurotech.yourtechclub.com\/privacy-beleid\/"},"modified":"2025-12-02T10:27:53","modified_gmt":"2025-12-02T10:27:53","slug":"politique-de-confidentialite","status":"publish","type":"page","link":"https:\/\/agurotech.yourtechclub.com\/fr\/politique-de-confidentialite\/","title":{"rendered":"Politique de confidentialit\u00e9"},"content":{"rendered":"\t\t<div data-elementor-type=\"wp-page\" data-elementor-id=\"8825\" class=\"elementor elementor-8825 elementor-7454\" data-elementor-post-type=\"page\">\n\t\t\t\t<div class=\"elementor-element elementor-element-4c1bdd0 e-flex e-con-boxed e-con e-parent\" data-id=\"4c1bdd0\" data-element_type=\"container\">\n\t\t\t\t\t<div class=\"e-con-inner\">\n\t\t\t\t<div class=\"elementor-element elementor-element-4e3e6b5 elementor-widget elementor-widget-heading\" data-id=\"4e3e6b5\" data-element_type=\"widget\" data-widget_type=\"heading.default\">\n\t\t\t\t\t<h3 class=\"elementor-heading-title elementor-size-default\">Politique de confidentialit\u00e9<\/h3>\t\t\t\t<\/div>\n\t\t\t\t<div class=\"elementor-element elementor-element-de64b04 elementor-widget elementor-widget-text-editor\" data-id=\"de64b04\" data-element_type=\"widget\" data-widget_type=\"text-editor.default\">\n\t\t\t\t\t\t\t\t\t<p><b><span data-contrast=\"auto\">Derni\u00e8re mise \u00e0 jour : 17 f\u00e9vrier 2025<\/span><\/b> <br><b><span data-contrast=\"auto\">Contact : info@agurotech.yourtechclub.com<\/span><\/b><span data-ccp-props=\"{}\"> <\/span><\/p><p><b><span data-contrast=\"auto\">1. Introduction<\/span><\/b><\/p><p><span data-contrast=\"auto\">La pr\u00e9sente d\u00e9claration de confidentialit\u00e9 d\u00e9crit la mani\u00e8re dont Agurotech B.V. (\u00ab\u00a0Agurotech\u00a0\u00bb, \u00ab\u00a0nous\u00a0\u00bb) recueille, traite et prot\u00e8ge les donn\u00e9es \u00e0 caract\u00e8re personnel et les donn\u00e9es du syst\u00e8me lors de l&rsquo;utilisation du syst\u00e8me de surveillance et d&rsquo;aide \u00e0 la d\u00e9cision d&rsquo;Agurotech.<\/span><\/p><p><b><span data-contrast=\"auto\">2. Quelles sont les donn\u00e9es que nous collectons ?<\/span><\/b><\/p><p><b><span data-contrast=\"auto\">a) Compte et coordonn\u00e9es<\/span><\/b><\/p><p><span data-contrast=\"auto\">Nom, e-mail, organisation, d\u00e9tails de connexion.<\/span><span data-ccp-props=\"{}\"> <\/span><\/p><p><b><span data-contrast=\"auto\">(b) Donn\u00e9es relatives au syst\u00e8me et \u00e0 l&rsquo;appareil<\/span><\/b><\/p><p><span data-contrast=\"auto\">Valeurs des capteurs (VWC, EC, temp\u00e9rature), donn\u00e9es de la station m\u00e9t\u00e9orologique, donn\u00e9es sur le gel, donn\u00e9es de localisation, adresse IP, fichiers journaux.<\/span><span data-ccp-props=\"{}\"> <\/span><\/p><p><b><span data-contrast=\"auto\">(c) Donn\u00e9es op\u00e9rationnelles<\/span><\/b><\/p><p><span data-contrast=\"auto\">Donn\u00e9es sur les cultures et les parcelles, param\u00e8tres, alertes, donn\u00e9es d&rsquo;utilisation.<\/span><span data-ccp-props=\"{}\"> <\/span><\/p><p><b><span data-contrast=\"auto\">(d) Donn\u00e9es de soutien<\/span><\/b><\/p><p><span data-contrast=\"auto\">Billets, courriels, communication.<\/span><\/p><p><b><span data-contrast=\"auto\">3. Les fondements juridiques<\/span><\/b><\/p><p><span data-contrast=\"auto\">Nous traitons les donn\u00e9es sur la base de :<\/span><span data-ccp-props=\"{}\"> <\/span><\/p><ul><li aria-setsize=\"-1\" data-leveltext=\"\uf0b7\" data-font=\"Symbol\" data-listid=\"13\" data-list-defn-props=\"{\"335552541\":1,\"335559685\":720,\"335559991\":360,\"469769226\":\"Symbol\",\"469769242\":[8226],\"469777803\":\"left\",\"469777804\":\"\uf0b7\",\"469777815\":\"multilevel\"}\" data-aria-posinset=\"1\" data-aria-level=\"1\"><span data-contrast=\"auto\">ex\u00e9cution du contrat<\/span><span data-ccp-props=\"{}\"> <\/span><\/li><\/ul><ul><li aria-setsize=\"-1\" data-leveltext=\"\uf0b7\" data-font=\"Symbol\" data-listid=\"13\" data-list-defn-props=\"{\"335552541\":1,\"335559685\":720,\"335559991\":360,\"469769226\":\"Symbol\",\"469769242\":[8226],\"469777803\":\"left\",\"469777804\":\"\uf0b7\",\"469777815\":\"multilevel\"}\" data-aria-posinset=\"2\" data-aria-level=\"1\"><span data-contrast=\"auto\">int\u00e9r\u00eat l\u00e9gitime<\/span><span data-ccp-props=\"{}\"> <\/span><\/li><\/ul><ul><li aria-setsize=\"-1\" data-leveltext=\"\uf0b7\" data-font=\"Symbol\" data-listid=\"13\" data-list-defn-props=\"{\"335552541\":1,\"335559685\":720,\"335559991\":360,\"469769226\":\"Symbol\",\"469769242\":[8226],\"469777803\":\"left\",\"469777804\":\"\uf0b7\",\"469777815\":\"multilevel\"}\" data-aria-posinset=\"3\" data-aria-level=\"1\"><span data-contrast=\"auto\">autorisation si n\u00e9cessaire<\/span><span data-ccp-props=\"{}\"> <\/span><\/li><\/ul><p><b><span data-contrast=\"auto\">4. Finalit\u00e9s du traitement<\/span><\/b><\/p><p><span data-contrast=\"auto\">Les donn\u00e9es sont trait\u00e9es pour :<\/span><span data-ccp-props=\"{}\"> <\/span><\/p><ul><li><span data-contrast=\"auto\">assurer la fonctionnalit\u00e9 du logiciel<\/span><span data-ccp-props=\"{}\"> <\/span><\/li><li><span data-contrast=\"auto\">g\u00e9n\u00e9rer des mod\u00e8les, des algorithmes et des alertes<\/span><span data-ccp-props=\"{}\"> <\/span><\/li><li><span data-contrast=\"auto\">am\u00e9liorer les produits<\/span><span data-ccp-props=\"{}\"> <\/span><\/li><li><span data-contrast=\"auto\">fournir un soutien<\/span><span data-ccp-props=\"{}\"> <\/span><\/li><li><span data-contrast=\"auto\">se conformer aux obligations l\u00e9gales<\/span><span data-ccp-props=\"{}\"> <\/span><\/li><\/ul><p><span data-contrast=\"auto\">Les donn\u00e9es anonymes peuvent \u00eatre utilis\u00e9es pour la recherche et le d\u00e9veloppement de produits.<\/span><span data-ccp-props=\"{}\"> <\/span><\/p><p><b><span data-contrast=\"auto\">5. Partage des donn\u00e9es<\/span><\/b><\/p><p><span data-contrast=\"auto\">Les donn\u00e9es peuvent \u00eatre partag\u00e9es avec :<\/span><span data-ccp-props=\"{}\"> <\/span><\/p><ul><li><span data-contrast=\"auto\">fournisseurs d&rsquo;h\u00e9bergement<\/span><span data-ccp-props=\"{}\"> <\/span><\/li><li><span data-contrast=\"auto\">partenaires t\u00e9l\u00e9coms\/connectivit\u00e9<\/span><span data-ccp-props=\"{}\"> <\/span><\/li><li><span data-contrast=\"auto\">partenaires satellites et m\u00e9t\u00e9orologiques<\/span><span data-ccp-props=\"{}\"> <\/span><\/li><li><span data-contrast=\"auto\">distributeurs agr\u00e9\u00e9s (pour l&rsquo;assistance uniquement)<\/span><span data-ccp-props=\"{}\"> <\/span><\/li><\/ul><p><span data-contrast=\"auto\">Nous ne vendons jamais de donn\u00e9es personnelles.<\/span><span data-ccp-props=\"{}\"> <\/span><\/p><p><b><span data-contrast=\"auto\">6. Propri\u00e9t\u00e9 des donn\u00e9es<\/span><\/b><\/p><ul><li><span data-contrast=\"auto\">Le client poss\u00e8de des donn\u00e9es sur les parcelles et les exploitations agricoles fournies manuellement.<\/span><span data-ccp-props=\"{}\"> <\/span><\/li><li><span data-contrast=\"auto\">Agurotech poss\u00e8de les donn\u00e9es des capteurs, les donn\u00e9es d\u00e9riv\u00e9es, les algorithmes et les informations g\u00e9n\u00e9r\u00e9es.<\/span><span data-ccp-props=\"{}\"> <\/span><\/li><\/ul><p><b><span data-contrast=\"auto\">7. D\u00e9lais de conservation<\/span><\/b><\/p><p><span data-contrast=\"auto\">Les donn\u00e9es sont conserv\u00e9es aussi longtemps que n\u00e9cessaire pour la prestation de services ou les obligations l\u00e9gales.<\/span> <br><span data-contrast=\"auto\">L&rsquo;enl\u00e8vement peut \u00eatre effectu\u00e9 sur demande si cela est autoris\u00e9.<\/span><span data-ccp-props=\"{}\"> <\/span><\/p><p><b><span data-contrast=\"auto\">8. S\u00e9curit\u00e9<\/span><\/b><\/p><p><span data-contrast=\"auto\">Agurotech applique des mesures de s\u00e9curit\u00e9 conformes aux normes de l&rsquo;industrie, y compris le cryptage et la gestion de l&rsquo;acc\u00e8s.<\/span><span data-ccp-props=\"{}\"> <\/span><\/p><p><b><span data-contrast=\"auto\">9. Transfert international<\/span><\/b><\/p><p><span data-contrast=\"auto\">Si les donn\u00e9es sont trait\u00e9es en dehors de l&rsquo;UE, nous utilisons des m\u00e9canismes de protection approuv\u00e9s.<\/span><span data-ccp-props=\"{}\"> <\/span><\/p><p><b><span data-contrast=\"auto\">10. Droits des utilisateurs<\/span><\/b><\/p><p><span data-contrast=\"auto\">Les utilisateurs peuvent demander :<\/span><span data-ccp-props=\"{}\"> <\/span><\/p><ul><li><span data-contrast=\"auto\">contr\u00f4le<\/span><span data-ccp-props=\"{}\"> <\/span><\/li><li><span data-contrast=\"auto\">correction ou suppression<\/span><span data-ccp-props=\"{}\"> <\/span><\/li><li><span data-contrast=\"auto\">portabilit\u00e9 des donn\u00e9es<\/span><span data-ccp-props=\"{}\"> <\/span><\/li><li><span data-contrast=\"auto\">restriction ou objection<\/span><span data-ccp-props=\"{}\"> <\/span><\/li><\/ul><p><span data-contrast=\"auto\">Demandes via <\/span><b><span data-contrast=\"auto\">info@agurotech.yourtechclub.com<\/span><\/b><span data-contrast=\"auto\">.<\/span><span data-ccp-props=\"{}\"> <\/span><\/p><p><b><span data-contrast=\"auto\">11. Changements<\/span><\/b><\/p><p><span data-contrast=\"auto\">Les mises \u00e0 jour de la pr\u00e9sente d\u00e9claration de confidentialit\u00e9 seront communiqu\u00e9es sur le site web. La poursuite de l&rsquo;utilisation du site vaut acceptation. <\/span><span data-ccp-props=\"{}\"> <\/span><\/p><p><span data-ccp-props=\"{}\"> <\/span><\/p>\t\t\t\t\t\t\t\t<\/div>\n\t\t\t\t\t<\/div>\n\t\t\t\t<\/div>\n\t\t\t\t<\/div>\n\t\t","protected":false},"excerpt":{"rendered":"<p>Politique de confidentialit\u00e9 Derni\u00e8re mise \u00e0 jour : 17 f\u00e9vrier 2025 Contact : info@agurotech.yourtechclub.com 1. Introduction La pr\u00e9sente d\u00e9claration de confidentialit\u00e9 d\u00e9crit la mani\u00e8re dont Agurotech B.V. (\u00ab\u00a0Agurotech\u00a0\u00bb, \u00ab\u00a0nous\u00a0\u00bb) recueille, traite et prot\u00e8ge les donn\u00e9es \u00e0 caract\u00e8re personnel et les donn\u00e9es du syst\u00e8me lors de l&rsquo;utilisation du syst\u00e8me de surveillance et d&rsquo;aide \u00e0 la d\u00e9cision [&hellip;]<\/p>\n","protected":false},"author":1,"featured_media":0,"parent":0,"menu_order":0,"comment_status":"closed","ping_status":"closed","template":"","meta":{"_acf_changed":false,"footnotes":""},"class_list":["post-8825","page","type-page","status-publish","hentry"],"acf":[],"yoast_head":"<!-- This site is optimized with the Yoast SEO plugin v26.8 - https:\/\/yoast.com\/product\/yoast-seo-wordpress\/ -->\n<title>Politique de confidentialit\u00e9 &#8211; Agurotech<\/title>\n<meta name=\"description\" content=\"Politique de confidentialit\u00e9 Derni\u00e8re mise \u00e0 jour : 17 f\u00e9vrier 2025 Contact : info@agurotech.yourtechclub.com 1. IntroductionLa pr\u00e9sente d\u00e9claration de - Agurotech\" \/>\n<meta name=\"robots\" content=\"index, follow, max-snippet:-1, max-image-preview:large, max-video-preview:-1\" \/>\n<link rel=\"canonical\" href=\"https:\/\/agurotech.yourtechclub.com\/fr\/politique-de-confidentialite\/\" \/>\n<meta property=\"og:locale\" content=\"fr_FR\" \/>\n<meta property=\"og:type\" content=\"article\" \/>\n<meta property=\"og:title\" content=\"Politique de confidentialit\u00e9 &#8211; Agurotech\" \/>\n<meta property=\"og:description\" content=\"Politique de confidentialit\u00e9 Derni\u00e8re mise \u00e0 jour : 17 f\u00e9vrier 2025 Contact : info@agurotech.yourtechclub.com 1. IntroductionLa pr\u00e9sente d\u00e9claration de - Agurotech\" \/>\n<meta property=\"og:url\" content=\"https:\/\/agurotech.yourtechclub.com\/fr\/politique-de-confidentialite\/\" \/>\n<meta property=\"og:site_name\" content=\"Agurotech\" \/>\n<meta property=\"article:modified_time\" content=\"2025-12-02T10:27:53+00:00\" \/>\n<meta property=\"og:image\" content=\"https:\/\/agurotech.yourtechclub.com\/wp-content\/uploads\/2024\/09\/c2311cda1ce735f53bfc454c16ccd9b3-scaled.webp\" \/>\n\t<meta property=\"og:image:width\" content=\"2560\" \/>\n\t<meta property=\"og:image:height\" content=\"1710\" \/>\n\t<meta property=\"og:image:type\" content=\"image\/webp\" \/>\n<meta name=\"twitter:card\" content=\"summary_large_image\" \/>\n<script type=\"application\/ld+json\" class=\"yoast-schema-graph\">{\"@context\":\"https:\/\/schema.org\",\"@graph\":[{\"@type\":\"WebPage\",\"@id\":\"https:\/\/agurotech.yourtechclub.com\/fr\/politique-de-confidentialite\/\",\"url\":\"https:\/\/agurotech.yourtechclub.com\/fr\/politique-de-confidentialite\/\",\"name\":\"Politique de confidentialit\u00e9 &#8211; Agurotech\",\"isPartOf\":{\"@id\":\"https:\/\/agurotech.yourtechclub.com\/fr\/#website\"},\"datePublished\":\"2024-12-03T17:18:26+00:00\",\"dateModified\":\"2025-12-02T10:27:53+00:00\",\"description\":\"Politique de confidentialit\u00e9 Derni\u00e8re mise \u00e0 jour : 17 f\u00e9vrier 2025 Contact : info@agurotech.yourtechclub.com 1. IntroductionLa pr\u00e9sente d\u00e9claration de - Agurotech\",\"breadcrumb\":{\"@id\":\"https:\/\/agurotech.yourtechclub.com\/fr\/politique-de-confidentialite\/#breadcrumb\"},\"inLanguage\":\"fr-FR\",\"potentialAction\":[{\"@type\":\"ReadAction\",\"target\":[\"https:\/\/agurotech.yourtechclub.com\/fr\/politique-de-confidentialite\/\"]}]},{\"@type\":\"BreadcrumbList\",\"@id\":\"https:\/\/agurotech.yourtechclub.com\/fr\/politique-de-confidentialite\/#breadcrumb\",\"itemListElement\":[{\"@type\":\"ListItem\",\"position\":1,\"name\":\"Home\",\"item\":\"https:\/\/agurotech.yourtechclub.com\/fr\/\"},{\"@type\":\"ListItem\",\"position\":2,\"name\":\"Politique de confidentialit\u00e9\"}]},{\"@type\":\"WebSite\",\"@id\":\"https:\/\/agurotech.yourtechclub.com\/fr\/#website\",\"url\":\"https:\/\/agurotech.yourtechclub.com\/fr\/\",\"name\":\"Agurotech\",\"description\":\"Leader du march\u00e9 des technologies de capteurs et de l'agriculture de pr\u00e9cision\",\"publisher\":{\"@id\":\"https:\/\/agurotech.yourtechclub.com\/fr\/#organization\"},\"potentialAction\":[{\"@type\":\"SearchAction\",\"target\":{\"@type\":\"EntryPoint\",\"urlTemplate\":\"https:\/\/agurotech.yourtechclub.com\/fr\/?s={search_term_string}\"},\"query-input\":{\"@type\":\"PropertyValueSpecification\",\"valueRequired\":true,\"valueName\":\"search_term_string\"}}],\"inLanguage\":\"fr-FR\"},{\"@type\":\"Organization\",\"@id\":\"https:\/\/agurotech.yourtechclub.com\/fr\/#organization\",\"name\":\"Agurotech\",\"url\":\"https:\/\/agurotech.yourtechclub.com\/fr\/\",\"logo\":{\"@type\":\"ImageObject\",\"inLanguage\":\"fr-FR\",\"@id\":\"https:\/\/agurotech.yourtechclub.com\/fr\/#\/schema\/logo\/image\/\",\"url\":\"https:\/\/agurotech.yourtechclub.com\/wp-content\/uploads\/2024\/08\/logo-500-21.png\",\"contentUrl\":\"https:\/\/agurotech.yourtechclub.com\/wp-content\/uploads\/2024\/08\/logo-500-21.png\",\"width\":186,\"height\":38,\"caption\":\"Agurotech\"},\"image\":{\"@id\":\"https:\/\/agurotech.yourtechclub.com\/fr\/#\/schema\/logo\/image\/\"},\"sameAs\":[\"https:\/\/www.linkedin.com\/company\/agurotech-b-v\/\"]}]}<\/script>\n<!-- \/ Yoast SEO plugin. -->","yoast_head_json":{"title":"Politique de confidentialit\u00e9 &#8211; Agurotech","description":"Politique de confidentialit\u00e9 Derni\u00e8re mise \u00e0 jour : 17 f\u00e9vrier 2025 Contact : info@agurotech.yourtechclub.com 1. IntroductionLa pr\u00e9sente d\u00e9claration de - Agurotech","robots":{"index":"index","follow":"follow","max-snippet":"max-snippet:-1","max-image-preview":"max-image-preview:large","max-video-preview":"max-video-preview:-1"},"canonical":"https:\/\/agurotech.yourtechclub.com\/fr\/politique-de-confidentialite\/","og_locale":"fr_FR","og_type":"article","og_title":"Politique de confidentialit\u00e9 &#8211; Agurotech","og_description":"Politique de confidentialit\u00e9 Derni\u00e8re mise \u00e0 jour : 17 f\u00e9vrier 2025 Contact : info@agurotech.yourtechclub.com 1. IntroductionLa pr\u00e9sente d\u00e9claration de - Agurotech","og_url":"https:\/\/agurotech.yourtechclub.com\/fr\/politique-de-confidentialite\/","og_site_name":"Agurotech","article_modified_time":"2025-12-02T10:27:53+00:00","og_image":[{"width":2560,"height":1710,"url":"https:\/\/agurotech.yourtechclub.com\/wp-content\/uploads\/2024\/09\/c2311cda1ce735f53bfc454c16ccd9b3-scaled.webp","type":"image\/webp"}],"twitter_card":"summary_large_image","schema":{"@context":"https:\/\/schema.org","@graph":[{"@type":"WebPage","@id":"https:\/\/agurotech.yourtechclub.com\/fr\/politique-de-confidentialite\/","url":"https:\/\/agurotech.yourtechclub.com\/fr\/politique-de-confidentialite\/","name":"Politique de confidentialit\u00e9 &#8211; Agurotech","isPartOf":{"@id":"https:\/\/agurotech.yourtechclub.com\/fr\/#website"},"datePublished":"2024-12-03T17:18:26+00:00","dateModified":"2025-12-02T10:27:53+00:00","description":"Politique de confidentialit\u00e9 Derni\u00e8re mise \u00e0 jour : 17 f\u00e9vrier 2025 Contact : info@agurotech.yourtechclub.com 1. IntroductionLa pr\u00e9sente d\u00e9claration de - Agurotech","breadcrumb":{"@id":"https:\/\/agurotech.yourtechclub.com\/fr\/politique-de-confidentialite\/#breadcrumb"},"inLanguage":"fr-FR","potentialAction":[{"@type":"ReadAction","target":["https:\/\/agurotech.yourtechclub.com\/fr\/politique-de-confidentialite\/"]}]},{"@type":"BreadcrumbList","@id":"https:\/\/agurotech.yourtechclub.com\/fr\/politique-de-confidentialite\/#breadcrumb","itemListElement":[{"@type":"ListItem","position":1,"name":"Home","item":"https:\/\/agurotech.yourtechclub.com\/fr\/"},{"@type":"ListItem","position":2,"name":"Politique de confidentialit\u00e9"}]},{"@type":"WebSite","@id":"https:\/\/agurotech.yourtechclub.com\/fr\/#website","url":"https:\/\/agurotech.yourtechclub.com\/fr\/","name":"Agurotech","description":"Leader du march\u00e9 des technologies de capteurs et de l'agriculture de pr\u00e9cision","publisher":{"@id":"https:\/\/agurotech.yourtechclub.com\/fr\/#organization"},"potentialAction":[{"@type":"SearchAction","target":{"@type":"EntryPoint","urlTemplate":"https:\/\/agurotech.yourtechclub.com\/fr\/?s={search_term_string}"},"query-input":{"@type":"PropertyValueSpecification","valueRequired":true,"valueName":"search_term_string"}}],"inLanguage":"fr-FR"},{"@type":"Organization","@id":"https:\/\/agurotech.yourtechclub.com\/fr\/#organization","name":"Agurotech","url":"https:\/\/agurotech.yourtechclub.com\/fr\/","logo":{"@type":"ImageObject","inLanguage":"fr-FR","@id":"https:\/\/agurotech.yourtechclub.com\/fr\/#\/schema\/logo\/image\/","url":"https:\/\/agurotech.yourtechclub.com\/wp-content\/uploads\/2024\/08\/logo-500-21.png","contentUrl":"https:\/\/agurotech.yourtechclub.com\/wp-content\/uploads\/2024\/08\/logo-500-21.png","width":186,"height":38,"caption":"Agurotech"},"image":{"@id":"https:\/\/agurotech.yourtechclub.com\/fr\/#\/schema\/logo\/image\/"},"sameAs":["https:\/\/www.linkedin.com\/company\/agurotech-b-v\/"]}]}},"_links":{"self":[{"href":"https:\/\/agurotech.yourtechclub.com\/fr\/wp-json\/wp\/v2\/pages\/8825","targetHints":{"allow":["GET"]}}],"collection":[{"href":"https:\/\/agurotech.yourtechclub.com\/fr\/wp-json\/wp\/v2\/pages"}],"about":[{"href":"https:\/\/agurotech.yourtechclub.com\/fr\/wp-json\/wp\/v2\/types\/page"}],"author":[{"embeddable":true,"href":"https:\/\/agurotech.yourtechclub.com\/fr\/wp-json\/wp\/v2\/users\/1"}],"replies":[{"embeddable":true,"href":"https:\/\/agurotech.yourtechclub.com\/fr\/wp-json\/wp\/v2\/comments?post=8825"}],"version-history":[{"count":4,"href":"https:\/\/agurotech.yourtechclub.com\/fr\/wp-json\/wp\/v2\/pages\/8825\/revisions"}],"predecessor-version":[{"id":16624,"href":"https:\/\/agurotech.yourtechclub.com\/fr\/wp-json\/wp\/v2\/pages\/8825\/revisions\/16624"}],"wp:attachment":[{"href":"https:\/\/agurotech.yourtechclub.com\/fr\/wp-json\/wp\/v2\/media?parent=8825"}],"curies":[{"name":"wp","href":"https:\/\/api.w.org\/{rel}","templated":true}]}}