{"id":16576,"date":"2025-12-01T16:08:37","date_gmt":"2025-12-01T16:08:37","guid":{"rendered":"https:\/\/agurotech.yourtechclub.com\/?page_id=16576"},"modified":"2025-12-01T16:10:59","modified_gmt":"2025-12-01T16:10:59","slug":"eula","status":"publish","type":"page","link":"https:\/\/agurotech.yourtechclub.com\/fr\/eula\/","title":{"rendered":"CLUF"},"content":{"rendered":"\t\t<div data-elementor-type=\"wp-page\" data-elementor-id=\"16576\" class=\"elementor elementor-16576 elementor-16573\" data-elementor-post-type=\"page\">\n\t\t\t\t<div class=\"elementor-element elementor-element-4c1bdd0 e-flex e-con-boxed e-con e-parent\" data-id=\"4c1bdd0\" data-element_type=\"container\">\n\t\t\t\t\t<div class=\"e-con-inner\">\n\t\t\t\t<div class=\"elementor-element elementor-element-4e3e6b5 elementor-widget elementor-widget-heading\" data-id=\"4e3e6b5\" data-element_type=\"widget\" data-widget_type=\"heading.default\">\n\t\t\t\t\t<h3 class=\"elementor-heading-title elementor-size-default\">EULA - Licence d'utilisateur final<\/h3>\t\t\t\t<\/div>\n\t\t\t\t<div class=\"elementor-element elementor-element-de64b04 elementor-widget elementor-widget-text-editor\" data-id=\"de64b04\" data-element_type=\"widget\" data-widget_type=\"text-editor.default\">\n\t\t\t\t\t\t\t\t\t<p><b><span data-contrast=\"auto\">Derni\u00e8re mise \u00e0 jour : 17 f\u00e9vrier 2025<\/span><\/b> <br><b><span data-contrast=\"auto\">Contact : info@agurotech.yourtechclub.com<\/span><\/b><span data-ccp-props=\"{}\"> <\/span><\/p><p><b><span data-contrast=\"auto\">1. Introduction<\/span><\/b><\/p><p><span data-contrast=\"auto\">La pr\u00e9sente licence d&rsquo;utilisateur final (\u00a0\u00bb CLUF \u00ab\u00a0) s&rsquo;applique \u00e0 l&rsquo;utilisation du syst\u00e8me de surveillance et d&rsquo;aide \u00e0 la d\u00e9cision d&rsquo;Agurotech, y compris l&rsquo;application mobile, l&rsquo;application web, les algorithmes, les tableaux de bord et tous les logiciels associ\u00e9s (\u00a0\u00bb logiciel \u00ab\u00a0).<\/span> <br><span data-contrast=\"auto\">En cr\u00e9ant un compte, en se connectant ou en utilisant le logiciel, l&rsquo;utilisateur (\u00ab\u00a0Utilisateur final\u00a0\u00bb) accepte le pr\u00e9sent CLUF.<\/span><span data-ccp-props=\"{}\"> <\/span><\/p><p><b><span data-contrast=\"auto\">2. Octroi de licences<\/span><\/b><\/p><p><span data-contrast=\"auto\">Agurotech accorde \u00e0 l&rsquo;utilisateur final une licence limit\u00e9e, r\u00e9vocable, non transf\u00e9rable et non exclusive pour l&rsquo;utilisation du logiciel dans le cadre des activit\u00e9s internes de l&rsquo;entreprise agricole.<\/span><span data-ccp-props=\"{}\"> <\/span><\/p><p><b><span data-contrast=\"auto\">3. Restrictions<\/span><\/b><\/p><p><span data-contrast=\"auto\">L&rsquo;utilisateur final ne peut pas :<\/span><span data-ccp-props=\"{}\"> <\/span><\/p><ul><li><span data-contrast=\"auto\">copier, modifier ou cr\u00e9er des \u0153uvres d\u00e9riv\u00e9es d&rsquo;un logiciel<\/span><span data-ccp-props=\"{}\"> <\/span><\/li><li><span data-contrast=\"auto\">d\u00e9compiler, faire de l&rsquo;ing\u00e9nierie inverse ou essayer de r\u00e9cup\u00e9rer le code source<\/span><span data-ccp-props=\"{}\"> <\/span><\/li><li><span data-contrast=\"auto\">vendre, conc\u00e9der des sous-licences ou distribuer le logiciel<\/span><span data-ccp-props=\"{}\"> <\/span><\/li><li><span data-contrast=\"auto\">le contournement des mesures de s\u00e9curit\u00e9<\/span><span data-ccp-props=\"{}\"> <\/span><\/li><li><span data-contrast=\"auto\">Utilisation du logiciel pour le d\u00e9veloppement de produits comp\u00e9titifs<\/span><span data-ccp-props=\"{}\"> <\/span><\/li><\/ul><p><b><span data-contrast=\"auto\">4. Propri\u00e9t\u00e9<\/span><\/b><\/p><p><span data-contrast=\"auto\">Tous les droits de propri\u00e9t\u00e9 intellectuelle restent la propri\u00e9t\u00e9 exclusive d&rsquo;Agurotech.<\/span><span data-ccp-props=\"{}\"> <\/span><\/p><p><b><span data-contrast=\"auto\">5. Obligations de l&rsquo;utilisateur final<\/span><\/b><\/p><p><span data-contrast=\"auto\">L&rsquo;utilisateur final est responsable de :<\/span><span data-ccp-props=\"{}\"> <\/span><\/p><ul><li><span data-contrast=\"auto\">saisie correcte des donn\u00e9es relatives \u00e0 la parcelle, au sol et \u00e0 la culture<\/span><span data-ccp-props=\"{}\"> <\/span><\/li><li><span data-contrast=\"auto\">l&rsquo;installation et l&rsquo;entretien corrects du mat\u00e9riel<\/span><span data-ccp-props=\"{}\"> <\/span><\/li><li><span data-contrast=\"auto\">la s\u00e9curit\u00e9 du compte d&rsquo;utilisateur<\/span><span data-ccp-props=\"{}\"> <\/span><\/li><\/ul><p><span data-contrast=\"auto\">Agurotech n&rsquo;est pas responsable des inexactitudes dues \u00e0 une saisie, une installation ou une utilisation incorrectes.<\/span><span data-ccp-props=\"{}\"> <\/span><\/p><p><b><span data-contrast=\"auto\">6. Mises \u00e0 jour du logiciel<\/span><\/b><\/p><p><span data-contrast=\"auto\">Agurotech peut effectuer des mises \u00e0 jour, des mises \u00e0 niveau ou des op\u00e9rations de maintenance \u00e0 tout moment.<\/span> <br><span data-contrast=\"auto\">Certaines mises \u00e0 jour peuvent modifier les fonctionnalit\u00e9s. La poursuite de l&rsquo;utilisation implique l&rsquo;acceptation. <\/span><span data-ccp-props=\"{}\"> <\/span><\/p><p><b><span data-contrast=\"auto\">7. Clause de non-responsabilit\u00e9 d\u00e9cisionnelle<\/span><\/b><\/p><p><span data-contrast=\"auto\">Tous les r\u00e9sultats (tels que les alertes, les indices, les visualisations et les r\u00e9sultats des mod\u00e8les) sont des outils d&rsquo;aide \u00e0 la d\u00e9cision. <\/span><b><span data-contrast=\"auto\">une aide \u00e0 la d\u00e9cision<\/span><\/b><span data-contrast=\"auto\">.<\/span> <br><span data-contrast=\"auto\">Ils ne constituent pas <\/span><b><span data-contrast=\"auto\">pas des conseils agronomiques, d&rsquo;irrigation ou de fertilisation<\/span><\/b><span data-contrast=\"auto\">.<\/span><span data-ccp-props=\"{}\"> <\/span><\/p><p><span data-contrast=\"auto\">L&rsquo;utilisateur final reste \u00e0 tout moment responsable de toutes les d\u00e9cisions prises en mati\u00e8re de culture.<\/span><span data-ccp-props=\"{}\"> <\/span><\/p><p><b><span data-contrast=\"auto\">8. Donn\u00e9es<\/span><\/b><\/p><p><span data-contrast=\"auto\">Le traitement des donn\u00e9es est r\u00e9gi par la <\/span><b><span data-contrast=\"auto\">Politique de confidentialit\u00e9 d&rsquo;Agurotech<\/span><\/b><span data-contrast=\"auto\">.<\/span> <br><span data-contrast=\"auto\">L&rsquo;utilisateur final autorise Agurotech \u00e0 traiter les donn\u00e9es \u00e0 des fins de fonctionnalit\u00e9 et d&rsquo;am\u00e9lioration du syst\u00e8me.<\/span><span data-ccp-props=\"{}\"> <\/span><\/p><p><b><span data-contrast=\"auto\">9. Disponibilit\u00e9<\/span><\/b><\/p><p><span data-contrast=\"auto\">Le logiciel est fourni dans la mesure du possible. Il n&rsquo;existe aucun droit \u00e0 une disponibilit\u00e9 ininterrompue. <\/span><span data-ccp-props=\"{}\"> <\/span><\/p><p><b><span data-contrast=\"auto\">10. R\u00e9siliation<\/span><\/b><\/p><p><span data-contrast=\"auto\">Agurotech peut mettre fin \u00e0 l&rsquo;acc\u00e8s \u00e0 l&rsquo;adresse suivante<\/span><span data-ccp-props=\"{}\"> <\/span><\/p><ul><li><span data-contrast=\"auto\">non-paiement<\/span><span data-ccp-props=\"{}\"> <\/span><\/li><li><span data-contrast=\"auto\">la violation du pr\u00e9sent CLU<\/span><span data-ccp-props=\"{}\"> <\/span><\/li><li><span data-contrast=\"auto\">l&rsquo;utilisation abusive ou ill\u00e9gale<\/span><span data-ccp-props=\"{}\"> <\/span><\/li><\/ul><p><span data-contrast=\"auto\">En cas de r\u00e9siliation, la licence expire imm\u00e9diatement.<\/span><span data-ccp-props=\"{}\"> <\/span><\/p><p><b><span data-contrast=\"auto\">11. Responsabilit\u00e9<\/span><\/b><\/p><p><span data-contrast=\"auto\">La responsabilit\u00e9 d&rsquo;Agurotech est limit\u00e9e au montant pay\u00e9 par le client au cours des 12 derniers mois.<\/span> <br><span data-contrast=\"auto\">Agurotech n&rsquo;est pas responsable des dommages aux cultures, des pertes de rendement, des dommages indirects ou des d\u00e9cisions bas\u00e9es sur les r\u00e9sultats.<\/span><span data-ccp-props=\"{}\"> <\/span><\/p><p><b><span data-contrast=\"auto\">12. Droit applicable<\/span><\/b><\/p><p><span data-contrast=\"auto\">Le droit n\u00e9erlandais s&rsquo;applique.<\/span> <br><span data-contrast=\"auto\">Les litiges sont soumis au tribunal de district d&rsquo;Amsterdam.<\/span><span data-ccp-props=\"{}\">    <\/span><span data-ccp-props=\"{}\"> <\/span><\/p>\t\t\t\t\t\t\t\t<\/div>\n\t\t\t\t\t<\/div>\n\t\t\t\t<\/div>\n\t\t\t\t<\/div>\n\t\t","protected":false},"excerpt":{"rendered":"<p>EULA &#8211; Licence d&rsquo;utilisateur final Derni\u00e8re mise \u00e0 jour : 17 f\u00e9vrier 2025 Contact : info@agurotech.yourtechclub.com 1. Introduction La pr\u00e9sente licence d&rsquo;utilisateur final (\u00a0\u00bb CLUF \u00ab\u00a0) s&rsquo;applique \u00e0 l&rsquo;utilisation du syst\u00e8me de surveillance et d&rsquo;aide \u00e0 la d\u00e9cision d&rsquo;Agurotech, y compris l&rsquo;application mobile, l&rsquo;application web, les algorithmes, les tableaux de bord et tous les logiciels [&hellip;]<\/p>\n","protected":false},"author":5,"featured_media":0,"parent":0,"menu_order":0,"comment_status":"closed","ping_status":"closed","template":"","meta":{"_acf_changed":false,"footnotes":""},"class_list":["post-16576","page","type-page","status-publish","hentry"],"acf":[],"yoast_head":"<!-- This site is optimized with the Yoast SEO plugin v26.8 - https:\/\/yoast.com\/product\/yoast-seo-wordpress\/ -->\n<title>CLUF &#8211; Agurotech<\/title>\n<meta name=\"description\" content=\"EULA - Licence d&#039;utilisateur final Derni\u00e8re mise \u00e0 jour : 17 f\u00e9vrier 2025 Contact : info@agurotech.yourtechclub.com 1. IntroductionLa pr\u00e9sente licence - Agurotech\" \/>\n<meta name=\"robots\" content=\"index, follow, max-snippet:-1, max-image-preview:large, max-video-preview:-1\" \/>\n<link rel=\"canonical\" href=\"https:\/\/agurotech.yourtechclub.com\/fr\/eula\/\" \/>\n<meta property=\"og:locale\" content=\"fr_FR\" \/>\n<meta property=\"og:type\" content=\"article\" \/>\n<meta property=\"og:title\" content=\"CLUF &#8211; Agurotech\" \/>\n<meta property=\"og:description\" content=\"EULA - Licence d&#039;utilisateur final Derni\u00e8re mise \u00e0 jour : 17 f\u00e9vrier 2025 Contact : info@agurotech.yourtechclub.com 1. IntroductionLa pr\u00e9sente licence - Agurotech\" \/>\n<meta property=\"og:url\" content=\"https:\/\/agurotech.yourtechclub.com\/fr\/eula\/\" \/>\n<meta property=\"og:site_name\" content=\"Agurotech\" \/>\n<meta property=\"article:modified_time\" content=\"2025-12-01T16:10:59+00:00\" \/>\n<meta property=\"og:image\" content=\"https:\/\/agurotech.yourtechclub.com\/wp-content\/uploads\/2024\/09\/c2311cda1ce735f53bfc454c16ccd9b3-scaled.webp\" \/>\n\t<meta property=\"og:image:width\" content=\"2560\" \/>\n\t<meta property=\"og:image:height\" content=\"1710\" \/>\n\t<meta property=\"og:image:type\" content=\"image\/webp\" \/>\n<meta name=\"twitter:card\" content=\"summary_large_image\" \/>\n<script type=\"application\/ld+json\" class=\"yoast-schema-graph\">{\"@context\":\"https:\/\/schema.org\",\"@graph\":[{\"@type\":\"WebPage\",\"@id\":\"https:\/\/agurotech.yourtechclub.com\/fr\/eula\/\",\"url\":\"https:\/\/agurotech.yourtechclub.com\/fr\/eula\/\",\"name\":\"CLUF &#8211; Agurotech\",\"isPartOf\":{\"@id\":\"https:\/\/agurotech.yourtechclub.com\/fr\/#website\"},\"datePublished\":\"2025-12-01T16:08:37+00:00\",\"dateModified\":\"2025-12-01T16:10:59+00:00\",\"description\":\"EULA - Licence d'utilisateur final Derni\u00e8re mise \u00e0 jour : 17 f\u00e9vrier 2025 Contact : info@agurotech.yourtechclub.com 1. IntroductionLa pr\u00e9sente licence - Agurotech\",\"breadcrumb\":{\"@id\":\"https:\/\/agurotech.yourtechclub.com\/fr\/eula\/#breadcrumb\"},\"inLanguage\":\"fr-FR\",\"potentialAction\":[{\"@type\":\"ReadAction\",\"target\":[\"https:\/\/agurotech.yourtechclub.com\/fr\/eula\/\"]}]},{\"@type\":\"BreadcrumbList\",\"@id\":\"https:\/\/agurotech.yourtechclub.com\/fr\/eula\/#breadcrumb\",\"itemListElement\":[{\"@type\":\"ListItem\",\"position\":1,\"name\":\"Home\",\"item\":\"https:\/\/agurotech.yourtechclub.com\/fr\/\"},{\"@type\":\"ListItem\",\"position\":2,\"name\":\"CLUF\"}]},{\"@type\":\"WebSite\",\"@id\":\"https:\/\/agurotech.yourtechclub.com\/fr\/#website\",\"url\":\"https:\/\/agurotech.yourtechclub.com\/fr\/\",\"name\":\"Agurotech\",\"description\":\"Leader du march\u00e9 des technologies de capteurs et de l'agriculture de pr\u00e9cision\",\"publisher\":{\"@id\":\"https:\/\/agurotech.yourtechclub.com\/fr\/#organization\"},\"potentialAction\":[{\"@type\":\"SearchAction\",\"target\":{\"@type\":\"EntryPoint\",\"urlTemplate\":\"https:\/\/agurotech.yourtechclub.com\/fr\/?s={search_term_string}\"},\"query-input\":{\"@type\":\"PropertyValueSpecification\",\"valueRequired\":true,\"valueName\":\"search_term_string\"}}],\"inLanguage\":\"fr-FR\"},{\"@type\":\"Organization\",\"@id\":\"https:\/\/agurotech.yourtechclub.com\/fr\/#organization\",\"name\":\"Agurotech\",\"url\":\"https:\/\/agurotech.yourtechclub.com\/fr\/\",\"logo\":{\"@type\":\"ImageObject\",\"inLanguage\":\"fr-FR\",\"@id\":\"https:\/\/agurotech.yourtechclub.com\/fr\/#\/schema\/logo\/image\/\",\"url\":\"https:\/\/agurotech.yourtechclub.com\/wp-content\/uploads\/2024\/08\/logo-500-21.png\",\"contentUrl\":\"https:\/\/agurotech.yourtechclub.com\/wp-content\/uploads\/2024\/08\/logo-500-21.png\",\"width\":186,\"height\":38,\"caption\":\"Agurotech\"},\"image\":{\"@id\":\"https:\/\/agurotech.yourtechclub.com\/fr\/#\/schema\/logo\/image\/\"},\"sameAs\":[\"https:\/\/www.linkedin.com\/company\/agurotech-b-v\/\"]}]}<\/script>\n<!-- \/ Yoast SEO plugin. -->","yoast_head_json":{"title":"CLUF &#8211; Agurotech","description":"EULA - Licence d'utilisateur final Derni\u00e8re mise \u00e0 jour : 17 f\u00e9vrier 2025 Contact : info@agurotech.yourtechclub.com 1. IntroductionLa pr\u00e9sente licence - Agurotech","robots":{"index":"index","follow":"follow","max-snippet":"max-snippet:-1","max-image-preview":"max-image-preview:large","max-video-preview":"max-video-preview:-1"},"canonical":"https:\/\/agurotech.yourtechclub.com\/fr\/eula\/","og_locale":"fr_FR","og_type":"article","og_title":"CLUF &#8211; Agurotech","og_description":"EULA - Licence d'utilisateur final Derni\u00e8re mise \u00e0 jour : 17 f\u00e9vrier 2025 Contact : info@agurotech.yourtechclub.com 1. IntroductionLa pr\u00e9sente licence - Agurotech","og_url":"https:\/\/agurotech.yourtechclub.com\/fr\/eula\/","og_site_name":"Agurotech","article_modified_time":"2025-12-01T16:10:59+00:00","og_image":[{"width":2560,"height":1710,"url":"https:\/\/agurotech.yourtechclub.com\/wp-content\/uploads\/2024\/09\/c2311cda1ce735f53bfc454c16ccd9b3-scaled.webp","type":"image\/webp"}],"twitter_card":"summary_large_image","schema":{"@context":"https:\/\/schema.org","@graph":[{"@type":"WebPage","@id":"https:\/\/agurotech.yourtechclub.com\/fr\/eula\/","url":"https:\/\/agurotech.yourtechclub.com\/fr\/eula\/","name":"CLUF &#8211; Agurotech","isPartOf":{"@id":"https:\/\/agurotech.yourtechclub.com\/fr\/#website"},"datePublished":"2025-12-01T16:08:37+00:00","dateModified":"2025-12-01T16:10:59+00:00","description":"EULA - Licence d'utilisateur final Derni\u00e8re mise \u00e0 jour : 17 f\u00e9vrier 2025 Contact : info@agurotech.yourtechclub.com 1. IntroductionLa pr\u00e9sente licence - Agurotech","breadcrumb":{"@id":"https:\/\/agurotech.yourtechclub.com\/fr\/eula\/#breadcrumb"},"inLanguage":"fr-FR","potentialAction":[{"@type":"ReadAction","target":["https:\/\/agurotech.yourtechclub.com\/fr\/eula\/"]}]},{"@type":"BreadcrumbList","@id":"https:\/\/agurotech.yourtechclub.com\/fr\/eula\/#breadcrumb","itemListElement":[{"@type":"ListItem","position":1,"name":"Home","item":"https:\/\/agurotech.yourtechclub.com\/fr\/"},{"@type":"ListItem","position":2,"name":"CLUF"}]},{"@type":"WebSite","@id":"https:\/\/agurotech.yourtechclub.com\/fr\/#website","url":"https:\/\/agurotech.yourtechclub.com\/fr\/","name":"Agurotech","description":"Leader du march\u00e9 des technologies de capteurs et de l'agriculture de pr\u00e9cision","publisher":{"@id":"https:\/\/agurotech.yourtechclub.com\/fr\/#organization"},"potentialAction":[{"@type":"SearchAction","target":{"@type":"EntryPoint","urlTemplate":"https:\/\/agurotech.yourtechclub.com\/fr\/?s={search_term_string}"},"query-input":{"@type":"PropertyValueSpecification","valueRequired":true,"valueName":"search_term_string"}}],"inLanguage":"fr-FR"},{"@type":"Organization","@id":"https:\/\/agurotech.yourtechclub.com\/fr\/#organization","name":"Agurotech","url":"https:\/\/agurotech.yourtechclub.com\/fr\/","logo":{"@type":"ImageObject","inLanguage":"fr-FR","@id":"https:\/\/agurotech.yourtechclub.com\/fr\/#\/schema\/logo\/image\/","url":"https:\/\/agurotech.yourtechclub.com\/wp-content\/uploads\/2024\/08\/logo-500-21.png","contentUrl":"https:\/\/agurotech.yourtechclub.com\/wp-content\/uploads\/2024\/08\/logo-500-21.png","width":186,"height":38,"caption":"Agurotech"},"image":{"@id":"https:\/\/agurotech.yourtechclub.com\/fr\/#\/schema\/logo\/image\/"},"sameAs":["https:\/\/www.linkedin.com\/company\/agurotech-b-v\/"]}]}},"_links":{"self":[{"href":"https:\/\/agurotech.yourtechclub.com\/fr\/wp-json\/wp\/v2\/pages\/16576","targetHints":{"allow":["GET"]}}],"collection":[{"href":"https:\/\/agurotech.yourtechclub.com\/fr\/wp-json\/wp\/v2\/pages"}],"about":[{"href":"https:\/\/agurotech.yourtechclub.com\/fr\/wp-json\/wp\/v2\/types\/page"}],"author":[{"embeddable":true,"href":"https:\/\/agurotech.yourtechclub.com\/fr\/wp-json\/wp\/v2\/users\/5"}],"replies":[{"embeddable":true,"href":"https:\/\/agurotech.yourtechclub.com\/fr\/wp-json\/wp\/v2\/comments?post=16576"}],"version-history":[{"count":3,"href":"https:\/\/agurotech.yourtechclub.com\/fr\/wp-json\/wp\/v2\/pages\/16576\/revisions"}],"predecessor-version":[{"id":16600,"href":"https:\/\/agurotech.yourtechclub.com\/fr\/wp-json\/wp\/v2\/pages\/16576\/revisions\/16600"}],"wp:attachment":[{"href":"https:\/\/agurotech.yourtechclub.com\/fr\/wp-json\/wp\/v2\/media?parent=16576"}],"curies":[{"name":"wp","href":"https:\/\/api.w.org\/{rel}","templated":true}]}}