{"id":14293,"date":"2025-07-31T09:09:30","date_gmt":"2025-07-31T09:09:30","guid":{"rendered":"https:\/\/agurotech.yourtechclub.com\/example-page\/"},"modified":"2025-07-31T09:21:39","modified_gmt":"2025-07-31T09:21:39","slug":"example-page","status":"publish","type":"page","link":"https:\/\/agurotech.yourtechclub.com\/fr\/example-page\/","title":{"rendered":"Exemple de page"},"content":{"rendered":"\t\t<div data-elementor-type=\"wp-page\" data-elementor-id=\"14293\" class=\"elementor elementor-14293\" data-elementor-post-type=\"page\">\n\t\t\t\t<div class=\"elementor-element elementor-element-28c2f52 e-flex e-con-boxed e-con e-parent\" data-id=\"28c2f52\" data-element_type=\"container\" data-settings=\"{&quot;background_background&quot;:&quot;classic&quot;}\">\n\t\t\t\t\t<div class=\"e-con-inner\">\n\t\t<div class=\"elementor-element elementor-element-ba1b4c4 e-con-full e-flex e-con e-child\" data-id=\"ba1b4c4\" data-element_type=\"container\">\n\t\t\t\t<div class=\"elementor-element elementor-element-f63c3fd elementor-widget elementor-widget-heading\" data-id=\"f63c3fd\" data-element_type=\"widget\" data-widget_type=\"heading.default\">\n\t\t\t\t\t<h2 class=\"elementor-heading-title elementor-size-default\">Pourquoi l'utiliser ?<\/h2>\t\t\t\t<\/div>\n\t\t\t\t<div class=\"elementor-element elementor-element-51510b8 elementor-widget elementor-widget-text-editor\" data-id=\"51510b8\" data-element_type=\"widget\" data-widget_type=\"text-editor.default\">\n\t\t\t\t\t\t\t\t\t<p>Il est \u00e9tabli depuis longtemps qu&rsquo;un lecteur sera distrait par le contenu lisible d&rsquo;une page lorsqu&rsquo;il regarde sa mise en page. L&rsquo;int\u00e9r\u00eat du Lorem Ipsum est qu&rsquo;il pr\u00e9sente une distribution plus ou moins normale des lettres, contrairement \u00e0 l&rsquo;utilisation de \u00ab\u00a0Content here, content here\u00a0\u00bb, qui donne l&rsquo;impression d&rsquo;un anglais lisible. De nombreux logiciels de publication assist\u00e9e par ordinateur et \u00e9diteurs de pages web utilisent d\u00e9sormais le Lorem Ipsum comme texte mod\u00e8le par d\u00e9faut, et une recherche sur \u00ab\u00a0lorem ipsum\u00a0\u00bb vous permettra de d\u00e9couvrir de nombreux sites web qui en sont encore \u00e0 leurs balbutiements. Diverses versions ont \u00e9volu\u00e9 au fil des ans, parfois par accident, parfois \u00e0 dessein (humour inject\u00e9, etc.).   <\/p>\t\t\t\t\t\t\t\t<\/div>\n\t\t\t\t<div class=\"elementor-element elementor-element-c253e2b elementor-widget elementor-widget-button\" data-id=\"c253e2b\" data-element_type=\"widget\" data-widget_type=\"button.default\">\n\t\t\t\t\t\t\t\t\t\t<a class=\"elementor-button elementor-button-link elementor-size-sm\" href=\"#\">\n\t\t\t\t\t\t<span class=\"elementor-button-content-wrapper\">\n\t\t\t\t\t\t\t\t\t<span class=\"elementor-button-text\">Lire la suite<\/span>\n\t\t\t\t\t<\/span>\n\t\t\t\t\t<\/a>\n\t\t\t\t\t\t\t\t<\/div>\n\t\t\t\t<\/div>\n\t\t<div class=\"elementor-element elementor-element-8d69ba8 e-con-full e-flex e-con e-child\" data-id=\"8d69ba8\" data-element_type=\"container\">\n\t\t\t\t<div class=\"elementor-element elementor-element-a4b936b elementor-widget elementor-widget-image\" data-id=\"a4b936b\" data-element_type=\"widget\" data-widget_type=\"image.default\">\n\t\t\t\t\t\t\t\t\t\t\t\t\t\t\t<img decoding=\"async\" width=\"2560\" height=\"1710\" src=\"https:\/\/agurotech.yourtechclub.com\/wp-content\/uploads\/2024\/08\/Group-1000003071.jpg\" class=\"attachment-full size-full wp-image-9887\" alt=\"\" srcset=\"https:\/\/agurotech.yourtechclub.com\/wp-content\/uploads\/2024\/08\/Group-1000003071.jpg 2560w, https:\/\/agurotech.yourtechclub.com\/wp-content\/uploads\/2024\/08\/Group-1000003071-768x513.jpg 768w, https:\/\/agurotech.yourtechclub.com\/wp-content\/uploads\/2024\/08\/Group-1000003071-1536x1026.jpg 1536w, https:\/\/agurotech.yourtechclub.com\/wp-content\/uploads\/2024\/08\/Group-1000003071-2048x1368.jpg 2048w, https:\/\/agurotech.yourtechclub.com\/wp-content\/uploads\/2024\/08\/Group-1000003071-650x434.jpg 650w, https:\/\/agurotech.yourtechclub.com\/wp-content\/uploads\/2024\/08\/Group-1000003071-600x401.jpg 600w\" sizes=\"(max-width: 2560px) 100vw, 2560px\" \/>\t\t\t\t\t\t\t\t\t\t\t\t\t\t\t<\/div>\n\t\t\t\t<\/div>\n\t\t\t\t\t<\/div>\n\t\t\t\t<\/div>\n\t\t\t\t<\/div>\n\t\t","protected":false},"excerpt":{"rendered":"<p>Pourquoi l&rsquo;utiliser ? Il est \u00e9tabli depuis longtemps qu&rsquo;un lecteur sera distrait par le contenu lisible d&rsquo;une page lorsqu&rsquo;il regarde sa mise en page. L&rsquo;int\u00e9r\u00eat du Lorem Ipsum est qu&rsquo;il pr\u00e9sente une distribution plus ou moins normale des lettres, contrairement \u00e0 l&rsquo;utilisation de \u00ab\u00a0Content here, content here\u00a0\u00bb, qui donne l&rsquo;impression d&rsquo;un anglais lisible. De nombreux [&hellip;]<\/p>\n","protected":false},"author":3,"featured_media":0,"parent":0,"menu_order":0,"comment_status":"closed","ping_status":"closed","template":"","meta":{"_acf_changed":false,"footnotes":""},"class_list":["post-14293","page","type-page","status-publish","hentry"],"acf":[],"yoast_head":"<!-- This site is optimized with the Yoast SEO plugin v26.8 - https:\/\/yoast.com\/product\/yoast-seo-wordpress\/ -->\n<title>Exemple de page &#8211; Agurotech<\/title>\n<meta name=\"description\" content=\"Pourquoi l&#039;utiliser ? Il est \u00e9tabli depuis longtemps qu&#039;un lecteur sera distrait par le contenu lisible d&#039;une page lorsqu&#039;il regarde sa mise en page. - Agurotech\" \/>\n<meta name=\"robots\" content=\"index, follow, max-snippet:-1, max-image-preview:large, max-video-preview:-1\" \/>\n<link rel=\"canonical\" href=\"https:\/\/agurotech.yourtechclub.com\/fr\/example-page\/\" \/>\n<meta property=\"og:locale\" content=\"fr_FR\" \/>\n<meta property=\"og:type\" content=\"article\" \/>\n<meta property=\"og:title\" content=\"Exemple de page &#8211; Agurotech\" \/>\n<meta property=\"og:description\" content=\"Pourquoi l&#039;utiliser ? Il est \u00e9tabli depuis longtemps qu&#039;un lecteur sera distrait par le contenu lisible d&#039;une page lorsqu&#039;il regarde sa mise en page. - Agurotech\" \/>\n<meta property=\"og:url\" content=\"https:\/\/agurotech.yourtechclub.com\/fr\/example-page\/\" \/>\n<meta property=\"og:site_name\" content=\"Agurotech\" \/>\n<meta property=\"article:modified_time\" content=\"2025-07-31T09:21:39+00:00\" \/>\n<meta property=\"og:image\" content=\"https:\/\/agurotech.yourtechclub.com\/wp-content\/uploads\/2024\/08\/Group-1000003071.jpg\" \/>\n\t<meta property=\"og:image:width\" content=\"2560\" \/>\n\t<meta property=\"og:image:height\" content=\"1710\" \/>\n\t<meta property=\"og:image:type\" content=\"image\/jpeg\" \/>\n<meta name=\"twitter:card\" content=\"summary_large_image\" \/>\n<script type=\"application\/ld+json\" class=\"yoast-schema-graph\">{\"@context\":\"https:\/\/schema.org\",\"@graph\":[{\"@type\":\"WebPage\",\"@id\":\"https:\/\/agurotech.yourtechclub.com\/fr\/example-page\/\",\"url\":\"https:\/\/agurotech.yourtechclub.com\/fr\/example-page\/\",\"name\":\"Exemple de page &#8211; Agurotech\",\"isPartOf\":{\"@id\":\"https:\/\/agurotech.yourtechclub.com\/fr\/#website\"},\"primaryImageOfPage\":{\"@id\":\"https:\/\/agurotech.yourtechclub.com\/fr\/example-page\/#primaryimage\"},\"image\":{\"@id\":\"https:\/\/agurotech.yourtechclub.com\/fr\/example-page\/#primaryimage\"},\"thumbnailUrl\":\"https:\/\/agurotech.yourtechclub.com\/wp-content\/uploads\/2024\/08\/Group-1000003071.jpg\",\"datePublished\":\"2025-07-31T09:09:30+00:00\",\"dateModified\":\"2025-07-31T09:21:39+00:00\",\"description\":\"Pourquoi l'utiliser ? Il est \u00e9tabli depuis longtemps qu'un lecteur sera distrait par le contenu lisible d'une page lorsqu'il regarde sa mise en page. - Agurotech\",\"breadcrumb\":{\"@id\":\"https:\/\/agurotech.yourtechclub.com\/fr\/example-page\/#breadcrumb\"},\"inLanguage\":\"fr-FR\",\"potentialAction\":[{\"@type\":\"ReadAction\",\"target\":[\"https:\/\/agurotech.yourtechclub.com\/fr\/example-page\/\"]}]},{\"@type\":\"ImageObject\",\"inLanguage\":\"fr-FR\",\"@id\":\"https:\/\/agurotech.yourtechclub.com\/fr\/example-page\/#primaryimage\",\"url\":\"https:\/\/agurotech.yourtechclub.com\/wp-content\/uploads\/2024\/08\/Group-1000003071.jpg\",\"contentUrl\":\"https:\/\/agurotech.yourtechclub.com\/wp-content\/uploads\/2024\/08\/Group-1000003071.jpg\"},{\"@type\":\"BreadcrumbList\",\"@id\":\"https:\/\/agurotech.yourtechclub.com\/fr\/example-page\/#breadcrumb\",\"itemListElement\":[{\"@type\":\"ListItem\",\"position\":1,\"name\":\"Home\",\"item\":\"https:\/\/agurotech.yourtechclub.com\/fr\/\"},{\"@type\":\"ListItem\",\"position\":2,\"name\":\"Exemple de page\"}]},{\"@type\":\"WebSite\",\"@id\":\"https:\/\/agurotech.yourtechclub.com\/fr\/#website\",\"url\":\"https:\/\/agurotech.yourtechclub.com\/fr\/\",\"name\":\"Agurotech\",\"description\":\"Leader du march\u00e9 des technologies de capteurs et de l'agriculture de pr\u00e9cision\",\"publisher\":{\"@id\":\"https:\/\/agurotech.yourtechclub.com\/fr\/#organization\"},\"potentialAction\":[{\"@type\":\"SearchAction\",\"target\":{\"@type\":\"EntryPoint\",\"urlTemplate\":\"https:\/\/agurotech.yourtechclub.com\/fr\/?s={search_term_string}\"},\"query-input\":{\"@type\":\"PropertyValueSpecification\",\"valueRequired\":true,\"valueName\":\"search_term_string\"}}],\"inLanguage\":\"fr-FR\"},{\"@type\":\"Organization\",\"@id\":\"https:\/\/agurotech.yourtechclub.com\/fr\/#organization\",\"name\":\"Agurotech\",\"url\":\"https:\/\/agurotech.yourtechclub.com\/fr\/\",\"logo\":{\"@type\":\"ImageObject\",\"inLanguage\":\"fr-FR\",\"@id\":\"https:\/\/agurotech.yourtechclub.com\/fr\/#\/schema\/logo\/image\/\",\"url\":\"https:\/\/agurotech.yourtechclub.com\/wp-content\/uploads\/2024\/08\/logo-500-21.png\",\"contentUrl\":\"https:\/\/agurotech.yourtechclub.com\/wp-content\/uploads\/2024\/08\/logo-500-21.png\",\"width\":186,\"height\":38,\"caption\":\"Agurotech\"},\"image\":{\"@id\":\"https:\/\/agurotech.yourtechclub.com\/fr\/#\/schema\/logo\/image\/\"},\"sameAs\":[\"https:\/\/www.linkedin.com\/company\/agurotech-b-v\/\"]}]}<\/script>\n<!-- \/ Yoast SEO plugin. -->","yoast_head_json":{"title":"Exemple de page &#8211; Agurotech","description":"Pourquoi l'utiliser ? Il est \u00e9tabli depuis longtemps qu'un lecteur sera distrait par le contenu lisible d'une page lorsqu'il regarde sa mise en page. - Agurotech","robots":{"index":"index","follow":"follow","max-snippet":"max-snippet:-1","max-image-preview":"max-image-preview:large","max-video-preview":"max-video-preview:-1"},"canonical":"https:\/\/agurotech.yourtechclub.com\/fr\/example-page\/","og_locale":"fr_FR","og_type":"article","og_title":"Exemple de page &#8211; Agurotech","og_description":"Pourquoi l'utiliser ? Il est \u00e9tabli depuis longtemps qu'un lecteur sera distrait par le contenu lisible d'une page lorsqu'il regarde sa mise en page. - Agurotech","og_url":"https:\/\/agurotech.yourtechclub.com\/fr\/example-page\/","og_site_name":"Agurotech","article_modified_time":"2025-07-31T09:21:39+00:00","og_image":[{"url":"https:\/\/agurotech.yourtechclub.com\/wp-content\/uploads\/2024\/08\/Group-1000003071.jpg","width":2560,"height":1710,"type":"image\/jpeg"}],"twitter_card":"summary_large_image","schema":{"@context":"https:\/\/schema.org","@graph":[{"@type":"WebPage","@id":"https:\/\/agurotech.yourtechclub.com\/fr\/example-page\/","url":"https:\/\/agurotech.yourtechclub.com\/fr\/example-page\/","name":"Exemple de page &#8211; Agurotech","isPartOf":{"@id":"https:\/\/agurotech.yourtechclub.com\/fr\/#website"},"primaryImageOfPage":{"@id":"https:\/\/agurotech.yourtechclub.com\/fr\/example-page\/#primaryimage"},"image":{"@id":"https:\/\/agurotech.yourtechclub.com\/fr\/example-page\/#primaryimage"},"thumbnailUrl":"https:\/\/agurotech.yourtechclub.com\/wp-content\/uploads\/2024\/08\/Group-1000003071.jpg","datePublished":"2025-07-31T09:09:30+00:00","dateModified":"2025-07-31T09:21:39+00:00","description":"Pourquoi l'utiliser ? Il est \u00e9tabli depuis longtemps qu'un lecteur sera distrait par le contenu lisible d'une page lorsqu'il regarde sa mise en page. - Agurotech","breadcrumb":{"@id":"https:\/\/agurotech.yourtechclub.com\/fr\/example-page\/#breadcrumb"},"inLanguage":"fr-FR","potentialAction":[{"@type":"ReadAction","target":["https:\/\/agurotech.yourtechclub.com\/fr\/example-page\/"]}]},{"@type":"ImageObject","inLanguage":"fr-FR","@id":"https:\/\/agurotech.yourtechclub.com\/fr\/example-page\/#primaryimage","url":"https:\/\/agurotech.yourtechclub.com\/wp-content\/uploads\/2024\/08\/Group-1000003071.jpg","contentUrl":"https:\/\/agurotech.yourtechclub.com\/wp-content\/uploads\/2024\/08\/Group-1000003071.jpg"},{"@type":"BreadcrumbList","@id":"https:\/\/agurotech.yourtechclub.com\/fr\/example-page\/#breadcrumb","itemListElement":[{"@type":"ListItem","position":1,"name":"Home","item":"https:\/\/agurotech.yourtechclub.com\/fr\/"},{"@type":"ListItem","position":2,"name":"Exemple de page"}]},{"@type":"WebSite","@id":"https:\/\/agurotech.yourtechclub.com\/fr\/#website","url":"https:\/\/agurotech.yourtechclub.com\/fr\/","name":"Agurotech","description":"Leader du march\u00e9 des technologies de capteurs et de l'agriculture de pr\u00e9cision","publisher":{"@id":"https:\/\/agurotech.yourtechclub.com\/fr\/#organization"},"potentialAction":[{"@type":"SearchAction","target":{"@type":"EntryPoint","urlTemplate":"https:\/\/agurotech.yourtechclub.com\/fr\/?s={search_term_string}"},"query-input":{"@type":"PropertyValueSpecification","valueRequired":true,"valueName":"search_term_string"}}],"inLanguage":"fr-FR"},{"@type":"Organization","@id":"https:\/\/agurotech.yourtechclub.com\/fr\/#organization","name":"Agurotech","url":"https:\/\/agurotech.yourtechclub.com\/fr\/","logo":{"@type":"ImageObject","inLanguage":"fr-FR","@id":"https:\/\/agurotech.yourtechclub.com\/fr\/#\/schema\/logo\/image\/","url":"https:\/\/agurotech.yourtechclub.com\/wp-content\/uploads\/2024\/08\/logo-500-21.png","contentUrl":"https:\/\/agurotech.yourtechclub.com\/wp-content\/uploads\/2024\/08\/logo-500-21.png","width":186,"height":38,"caption":"Agurotech"},"image":{"@id":"https:\/\/agurotech.yourtechclub.com\/fr\/#\/schema\/logo\/image\/"},"sameAs":["https:\/\/www.linkedin.com\/company\/agurotech-b-v\/"]}]}},"_links":{"self":[{"href":"https:\/\/agurotech.yourtechclub.com\/fr\/wp-json\/wp\/v2\/pages\/14293","targetHints":{"allow":["GET"]}}],"collection":[{"href":"https:\/\/agurotech.yourtechclub.com\/fr\/wp-json\/wp\/v2\/pages"}],"about":[{"href":"https:\/\/agurotech.yourtechclub.com\/fr\/wp-json\/wp\/v2\/types\/page"}],"author":[{"embeddable":true,"href":"https:\/\/agurotech.yourtechclub.com\/fr\/wp-json\/wp\/v2\/users\/3"}],"replies":[{"embeddable":true,"href":"https:\/\/agurotech.yourtechclub.com\/fr\/wp-json\/wp\/v2\/comments?post=14293"}],"version-history":[{"count":0,"href":"https:\/\/agurotech.yourtechclub.com\/fr\/wp-json\/wp\/v2\/pages\/14293\/revisions"}],"wp:attachment":[{"href":"https:\/\/agurotech.yourtechclub.com\/fr\/wp-json\/wp\/v2\/media?parent=14293"}],"curies":[{"name":"wp","href":"https:\/\/api.w.org\/{rel}","templated":true}]}}