{"id":8823,"date":"2024-12-03T17:26:19","date_gmt":"2024-12-03T17:26:19","guid":{"rendered":"https:\/\/agurotech.yourtechclub.com\/algemene-voorwaarden\/"},"modified":"2025-12-05T13:16:02","modified_gmt":"2025-12-05T13:16:02","slug":"terminos-y-condiciones-generales","status":"publish","type":"page","link":"https:\/\/agurotech.yourtechclub.com\/es\/terminos-y-condiciones-generales\/","title":{"rendered":"Condiciones generales"},"content":{"rendered":"\t\t<div data-elementor-type=\"wp-page\" data-elementor-id=\"8823\" class=\"elementor elementor-8823 elementor-7471\" data-elementor-post-type=\"page\">\n\t\t\t\t<div class=\"elementor-element elementor-element-eb66e5a e-flex e-con-boxed e-con e-parent\" data-id=\"eb66e5a\" data-element_type=\"container\">\n\t\t\t\t\t<div class=\"e-con-inner\">\n\t\t\t\t<div class=\"elementor-element elementor-element-310f01d elementor-widget elementor-widget-heading\" data-id=\"310f01d\" data-element_type=\"widget\" data-widget_type=\"heading.default\">\n\t\t\t\t\t<h3 class=\"elementor-heading-title elementor-size-default\">CONDICIONES GENERALES - AGUROTECH MONITORING &amp; DECISION SUPPORT SYSTEM  <\/h3>\t\t\t\t<\/div>\n\t\t\t\t<div class=\"elementor-element elementor-element-89010aa elementor-widget elementor-widget-text-editor\" data-id=\"89010aa\" data-element_type=\"widget\" data-widget_type=\"text-editor.default\">\n\t\t\t\t\t\t\t\t\t<p><b><span data-contrast=\"auto\">\u00daltima actualizaci\u00f3n: 17 de febrero de 2025 <br>Contacto: info@agurotech.yourtechclub.com <br><br>1. Definiciones<\/span><\/b><\/p><p>Agurotech: Agurotech B.V., con sede en \u00c1msterdam, KvK 81016816.<br><span class=\"TextRun SCXW68373320 BCX2\" data-contrast=\"auto\"><span class=\"NormalTextRun SCXW68373320 BCX2\">Cliente<\/span><span class=\"NormalTextRun SCXW68373320 BCX2\">: <\/span><span class=\"NormalTextRun SCXW68373320 BCX2\">Cualquier<\/span> <span class=\"NormalTextRun SCXW68373320 BCX2\">natural<\/span><span class=\"NormalTextRun SCXW68373320 BCX2\"> o <\/span><span class=\"NormalTextRun SCXW68373320 BCX2\">persona jur\u00eddica<\/span><span class=\"NormalTextRun SCXW68373320 BCX2\"> que <\/span><span class=\"NormalTextRun SCXW68373320 BCX2\">produzca<\/span><span class=\"NormalTextRun SCXW68373320 BCX2\"> o <\/span><span class=\"NormalTextRun SCXW68373320 BCX2\">servicios<\/span><span class=\"NormalTextRun SCXW68373320 BCX2\"> de Agurotech <\/span><span class=\"NormalTextRun SCXW68373320 BCX2\">adquiera<\/span><span class=\"NormalTextRun SCXW68373320 BCX2\"> o <\/span><span class=\"NormalTextRun SCXW68373320 BCX2\">utiliza<\/span><span class=\"NormalTextRun SCXW68373320 BCX2\">.<\/span><\/span><br><span class=\"TextRun SCXW68373320 BCX2\" data-contrast=\"auto\"><span class=\"NormalTextRun SCXW68373320 BCX2\">Sistema<\/span><span class=\"NormalTextRun SCXW68373320 BCX2\">: El sistema Agurotech de monitorizaci\u00f3n y ayuda a la toma de decisiones,  <\/span><span class=\"NormalTextRun SCXW68373320 BCX2\">incluyendo<\/span> <span class=\"NormalTextRun SCXW68373320 BCX2\">sensores<\/span><span class=\"NormalTextRun SCXW68373320 BCX2\">,  <\/span><span class=\"NormalTextRun SCXW68373320 BCX2\">estaciones meteorol\u00f3gicas<\/span><span class=\"NormalTextRun SCXW68373320 BCX2\">,  <\/span><span class=\"NormalTextRun SCXW68373320 BCX2\">pluvi\u00f3metros<\/span><span class=\"NormalTextRun SCXW68373320 BCX2\">,  <\/span><span class=\"NormalTextRun SCXW68373320 BCX2\">sensores de heladas<\/span><span class=\"NormalTextRun SCXW68373320 BCX2\">,  <\/span><span class=\"NormalTextRun SCXW68373320 BCX2\">datos de sat\u00e9lite<\/span><span class=\"NormalTextRun SCXW68373320 BCX2\">,  <\/span><span class=\"NormalTextRun SCXW68373320 BCX2\">plataforma de software<\/span><span class=\"NormalTextRun SCXW68373320 BCX2\">, cuadros de mando, \u00edndices,  <\/span><span class=\"NormalTextRun SCXW68373320 BCX2\">algoritmos<\/span><span class=\"NormalTextRun SCXW68373320 BCX2\">alertas y apoyo a la toma de decisiones  <\/span><span class=\"NormalTextRun SCXW68373320 BCX2\">funcionalidades<\/span><span class=\"NormalTextRun SCXW68373320 BCX2\">.<\/span><\/span><span class=\"LineBreakBlob BlobObject DragDrop SCXW68373320 BCX2\"><span class=\"SCXW68373320 BCX2\"> <\/span><\/span><br><span class=\"TextRun SCXW68373320 BCX2\" data-contrast=\"auto\"><span class=\"NormalTextRun SCXW68373320 BCX2\">Hardware: Todos los <\/span><span class=\"NormalTextRun SCXW68373320 BCX2\">f\u00edsico<\/span> <span class=\"NormalTextRun SCXW68373320 BCX2\">equipo<\/span> <span class=\"NormalTextRun SCXW68373320 BCX2\">suministrado<\/span><span class=\"NormalTextRun SCXW68373320 BCX2\"> por Agurotech.<\/span><\/span><span class=\"LineBreakBlob BlobObject DragDrop SCXW68373320 BCX2\"><span class=\"SCXW68373320 BCX2\"> <\/span><\/span><br><span class=\"TextRun SCXW68373320 BCX2\" data-contrast=\"auto\"><span class=\"NormalTextRun SCXW68373320 BCX2\">Software: La plataforma, la app, la <\/span><span class=\"NormalTextRun SCXW68373320 BCX2\">aplicaci\u00f3n web<\/span><span class=\"NormalTextRun SCXW68373320 BCX2\">, <\/span><span class=\"NormalTextRun SCXW68373320 BCX2\">algoritmos<\/span><span class=\"NormalTextRun SCXW68373320 BCX2\">, <\/span><span class=\"NormalTextRun SCXW68373320 BCX2\">modelos<\/span><span class=\"NormalTextRun SCXW68373320 BCX2\"> y API<\/span><\/span><br><span class=\"TextRun SCXW68373320 BCX2\" data-contrast=\"auto\"><span class=\"NormalTextRun SCXW68373320 BCX2\">Suscripci\u00f3n: La <\/span><span class=\"NormalTextRun SCXW68373320 BCX2\">peri\u00f3dica<\/span> <span class=\"NormalTextRun SCXW68373320 BCX2\">cuota<\/span><span class=\"NormalTextRun SCXW68373320 BCX2\"> para <\/span><span class=\"NormalTextRun SCXW68373320 BCX2\">acceso<\/span><span class=\"NormalTextRun SCXW68373320 BCX2\"> a software, servicios y <\/span><span class=\"NormalTextRun SCXW68373320 BCX2\">procesamiento de datos<\/span><span class=\"NormalTextRun SCXW68373320 BCX2\">.<\/span><\/span><br><span class=\"TextRun SCXW68373320 BCX2\" data-contrast=\"auto\"><span class=\"NormalTextRun SCXW68373320 BCX2\">Datos: Todos los datos proporcionados por el <\/span><span class=\"NormalTextRun SCXW68373320 BCX2\">Sistema<\/span> <span class=\"NormalTextRun SCXW68373320 BCX2\">recogidos<\/span><span class=\"NormalTextRun SCXW68373320 BCX2\"> o <\/span><span class=\"NormalTextRun SCXW68373320 BCX2\">procesados<\/span> <span class=\"NormalTextRun SCXW68373320 BCX2\">datos<\/span><span class=\"NormalTextRun SCXW68373320 BCX2\">.<\/span><\/span><br><span class=\"TextRun SCXW67008748 BCX2\" data-contrast=\"auto\"><span class=\"NormalTextRun SCXW67008748 BCX2\">Fiestas<\/span><span class=\"NormalTextRun SCXW67008748 BCX2\">: Agurotech y <\/span><span class=\"NormalTextRun SCXW67008748 BCX2\">Cliente<\/span> <span class=\"NormalTextRun SCXW67008748 BCX2\">conjuntamente<\/span><span class=\"NormalTextRun SCXW67008748 BCX2\">.<\/span><\/span><\/p><p><b><span data-contrast=\"auto\">2. Aplicabilidad  <\/span><\/b><\/p><p>Estas condiciones se aplican a todas las ofertas, entregas, suscripciones y uso de los productos y servicios de Agurotech. Quedan excluidas las condiciones generales del Cliente. <\/p><p><strong>3. Aceptaci\u00f3n de las condiciones  <\/strong><\/p><p><span data-contrast=\"auto\">El uso del Sistema, app o aplicaci\u00f3n web s\u00f3lo est\u00e1 permitido despu\u00e9s de que el Cliente haya aceptado expl\u00edcitamente estos t\u00e9rminos y condiciones.<\/span> <br><span data-contrast=\"auto\">Al iniciar sesi\u00f3n, utilizar una cuenta o acceder a la aplicaci\u00f3n, el Cliente acepta estos t\u00e9rminos y condiciones y cualquier modificaci\u00f3n futura de los mismos.<\/span><span data-ccp-props=\"{}\"> <\/span><\/p><p><b><span data-contrast=\"auto\">4.  <\/span><\/b><b><span data-contrast=\"auto\">Acuerdos y suscripciones<\/span><\/b><span data-ccp-props=\"{}\"> <\/span><\/p><p><span data-contrast=\"auto\">Las suscripciones son indefinidas y se renuevan autom\u00e1ticamente a menos que se cancelen con un preaviso de dos meses.<\/span><span data-ccp-props=\"{}\"> <\/span><\/p><p><strong><span class=\"TextRun SCXW53453705 BCX2\" data-contrast=\"auto\"><span class=\"NormalTextRun SCXW53453705 BCX2\">5. Precios<\/span><\/span><\/strong><\/p><p><span data-contrast=\"auto\">Todos los precios son sin IVA ni costes adicionales. Agurotech puede ajustar las tarifas y comunicar\u00e1 los cambios con antelaci\u00f3n. <\/span><span data-ccp-props=\"{}\"> <\/span><\/p><p><strong><span class=\"TextRun SCXW56741042 BCX2\" data-contrast=\"auto\"><span class=\"NormalTextRun SCXW56741042 BCX2\">6. Pagos<\/span><\/span><\/strong><\/p><p><span data-contrast=\"auto\">Los plazos de pago son fatales. En caso de impago, Agurotech podr\u00e1 suspender inmediatamente el acceso al Sistema. <\/span><span data-ccp-props=\"{}\"> <\/span><\/p><p><b><span data-contrast=\"auto\">7. Entrega de hardware<\/span><\/b><span data-ccp-props=\"{}\"> <\/span><\/p><p><span data-contrast=\"auto\">La entrega tiene lugar DAP (Incoterms 2020). El riesgo se transfiere f\u00edsicamente. <\/span> <br><span data-contrast=\"auto\">El hardware suministrado para pilotos o demostraciones sigue siendo propiedad de Agurotech.<\/span><span data-ccp-props=\"{}\"> <\/span><\/p><p><b><span data-contrast=\"auto\">8. Responsabilidad de la instalaci\u00f3n<\/span><\/b><span data-ccp-props=\"{}\"> <\/span><\/p><p><span data-contrast=\"auto\">El cliente es totalmente responsable de la correcta instalaci\u00f3n, colocaci\u00f3n, ajuste de profundidad, configuraci\u00f3n y mantenimiento del hardware.<\/span> <br><span data-contrast=\"auto\">Agurotech no se hace responsable de los errores de medici\u00f3n debidos a una instalaci\u00f3n incorrecta, a datos err\u00f3neos de la parcela, el suelo o el cultivo o a cualquier otro uso incorrecto.<\/span><span data-ccp-props=\"{}\"> <\/span><\/p><p><b><span data-contrast=\"auto\">9. Garant\u00eda y recursos<\/span><\/b><span data-ccp-props=\"{}\"> <\/span><\/p><p><span data-contrast=\"auto\">Un a\u00f1o de garant\u00eda contra defectos de fabricaci\u00f3n.<\/span> <br><span data-contrast=\"auto\">La garant\u00eda queda anulada en caso de uso inadecuado, da\u00f1os debidos a las condiciones de cultivo o modificaciones por parte del Cliente.<\/span> <br><b><span data-contrast=\"auto\">El \u00fanico remedio disponible para el hardware defectuoso es la reparaci\u00f3n o la sustituci\u00f3n.<\/span><\/b> <br><span data-contrast=\"auto\">El Cliente no tiene derecho a compensaci\u00f3n adicional.<\/span><span data-ccp-props=\"{}\"> <\/span><\/p><p><strong><span class=\"TextRun SCXW222655270 BCX2\" data-contrast=\"auto\"><span class=\"NormalTextRun SCXW222655270 BCX2\">10. Utiliza<\/span><span class=\"NormalTextRun SCXW222655270 BCX2\"> del <\/span><span class=\"NormalTextRun SCXW222655270 BCX2\">Sistema<\/span><\/span><\/strong><\/p><p><span data-contrast=\"auto\">El uso es intransferible. El cliente no puede copiar, modificar, realizar ingenier\u00eda inversa ni distribuir software. <\/span> <br><span data-contrast=\"auto\">Agurotech puede realizar actualizaciones, mantenimiento o modificaciones del sistema sin consentimiento previo.<\/span><span data-ccp-props=\"{}\"> <\/span><\/p><p><b><span data-contrast=\"auto\">11. Funcionalidades de apoyo a la toma de decisiones y descargo de datos<\/span><\/b><span data-ccp-props=\"{}\"> <\/span><\/p><p><span data-contrast=\"auto\">Todos los resultados, modelos, \u00edndices, alertas y visualizaciones son un apoyo a la toma de decisiones y no constituyen <\/span><b><span data-contrast=\"auto\">no asesoramiento agron\u00f3mico<\/span><\/b><span data-contrast=\"auto\">.<\/span><span data-ccp-props=\"{}\"> <\/span><\/p><p><span data-contrast=\"auto\">Agurotech no lo garantiza:<\/span><span data-ccp-props=\"{}\"> <\/span><\/p><ul><li><span data-contrast=\"auto\">los datos del sensor son totalmente precisos<\/span><span data-ccp-props=\"{}\"> <\/span><\/li><li><span data-contrast=\"auto\">los datos de sat\u00e9lite est\u00e1n totalmente actualizados o disponibles<\/span><span data-ccp-props=\"{}\"> <\/span><\/li><li><span data-contrast=\"auto\">los datos meteorol\u00f3gicos coinciden exactamente con las condiciones locales<\/span><span data-ccp-props=\"{}\"> <\/span><\/li><li><span data-contrast=\"auto\">modelos o algoritmos proporcionan una fiabilidad total<\/span><span data-ccp-props=\"{}\"> <\/span><\/li><\/ul><p><b><span data-contrast=\"auto\">El cliente sigue siendo el \u00fanico responsable de las decisiones de riego, fertilizaci\u00f3n y cultivo en todo momento.<\/span><\/b><span data-ccp-props=\"{}\"> <\/span><\/p><p><strong><span class=\"TextRun SCXW132562961 BCX2\" data-contrast=\"auto\"><span class=\"NormalTextRun SCXW132562961 BCX2\">12. Datos-<\/span><span class=\"NormalTextRun SCXW132562961 BCX2\">propiedad<\/span><span class=\"NormalTextRun SCXW132562961 BCX2\"> &amp; <\/span><span class=\"NormalTextRun SCXW132562961 BCX2\">Uso de datos<\/span><\/span><\/strong><\/p><p><span data-contrast=\"auto\">El cliente conserva la propiedad de los datos de la explotaci\u00f3n y de la parcela que haya suministrado.<\/span> <br><span data-contrast=\"auto\">Agurotech sigue siendo propietaria de los datos de los sensores, los datos derivados, los \u00edndices, los modelos y los algoritmos.<\/span> <br><span data-contrast=\"auto\">Agurotech puede utilizar datos anonimizados con fines de investigaci\u00f3n, mejora de productos y comerciales.<\/span><span data-ccp-props=\"{}\"> <\/span><\/p><p><b><span data-contrast=\"auto\">13. Integraciones con terceros<\/span><\/b><span data-ccp-props=\"{}\"> <\/span><\/p><p><span data-contrast=\"auto\">Agurotech no se hace responsable de errores o fallos en sistemas de terceros (datos de sat\u00e9lite, redes de telecomunicaciones, API meteorol\u00f3gicas, etc.).<\/span><span data-ccp-props=\"{}\"> <\/span><\/p><p><b><span data-contrast=\"auto\">14. Disponibilidad<\/span><\/b><span data-ccp-props=\"{}\"> <\/span><\/p><p><span data-contrast=\"auto\">Agurotech trabaja sobre la base del mejor esfuerzo.<\/span> <br><span data-contrast=\"auto\">No hay garant\u00edas de tiempo de actividad.<\/span> <br><span data-contrast=\"auto\">El tiempo de inactividad no te da derecho a indemnizaci\u00f3n.<\/span><span data-ccp-props=\"{}\"> <\/span><\/p><p><b><span data-contrast=\"auto\">15. Responsabilidad<\/span><\/b><span data-ccp-props=\"{}\"> <\/span><\/p><p><span data-contrast=\"auto\">La responsabilidad se limita al importe pagado por el Cliente a Agurotech en los \u00faltimos 12 meses.<\/span><span data-ccp-props=\"{}\"> <\/span><\/p><p><span data-contrast=\"auto\">Agurotech nunca es responsable de:<\/span><span data-ccp-props=\"{}\"> <\/span><\/p><ul><li><span data-contrast=\"auto\">da\u00f1os a los cultivos, p\u00e9rdidas de rendimiento o de calidad<\/span><span data-ccp-props=\"{}\"> <\/span><\/li><li><span data-contrast=\"auto\">da\u00f1os indirectos o consecuentes<\/span><span data-ccp-props=\"{}\"> <\/span><\/li><li><span data-contrast=\"auto\">decisiones basadas en los resultados del sistema<\/span><span data-ccp-props=\"{}\"> <\/span><\/li><li><span data-contrast=\"auto\">errores debidos a una introducci\u00f3n, instalaci\u00f3n o utilizaci\u00f3n incorrectas por parte del Cliente<\/span><span data-ccp-props=\"{}\"> <\/span><\/li><\/ul><p><b><span data-contrast=\"auto\">16. Indemnizaci\u00f3n<\/span><\/b><span data-ccp-props=\"{}\"> <\/span><\/p><p><span data-contrast=\"auto\">El Cliente indemniza a Agurotech por todas las reclamaciones de terceros derivadas de:<\/span><span data-ccp-props=\"{}\"> <\/span><\/p><ul><li><span data-contrast=\"auto\">Uso indebido del sistema<\/span><span data-ccp-props=\"{}\"> <\/span><\/li><li><span data-contrast=\"auto\">instalaci\u00f3n o introducci\u00f3n de datos incorrecta<\/span><span data-ccp-props=\"{}\"> <\/span><\/li><li><span data-contrast=\"auto\">gesti\u00f3n del Cliente<\/span><span data-ccp-props=\"{}\"> <\/span><\/li><\/ul><p><b><span data-contrast=\"auto\">17. Fuerza mayor<\/span><\/b><span data-ccp-props=\"{}\"> <\/span><\/p><p><span data-contrast=\"auto\">Situaciones fuera del control de Agurotech suspenden las obligaciones sin responsabilidad.<\/span><span data-ccp-props=\"{}\"> <\/span><\/p><p><b><span data-contrast=\"auto\">18. Terminaci\u00f3n<\/span><\/b><span data-ccp-props=\"{}\"> <\/span><\/p><p><span data-contrast=\"auto\">El plazo de preaviso es de dos meses.<\/span> <br><span data-contrast=\"auto\">Agurotech podr\u00e1 rescindir inmediatamente el contrato en caso de impago, abuso o incumplimiento del contrato.<\/span><span data-ccp-props=\"{}\"> <\/span><\/p><p><b><span data-contrast=\"auto\">19. Propiedad intelectual<\/span><\/b><span data-ccp-props=\"{}\"> <\/span><\/p><p><span data-contrast=\"auto\">Todos los derechos de propiedad intelectual pertenecen a Agurotech.<\/span> <br><span data-contrast=\"auto\">El cliente no puede utilizar la propiedad intelectual sin permiso por escrito.<\/span><span data-ccp-props=\"{}\"> <\/span><\/p><p><b><span data-contrast=\"auto\">20. Confidencialidad<\/span><\/b><span data-ccp-props=\"{}\"> <\/span><\/p><p><span data-contrast=\"auto\">El cliente debe mantener la confidencialidad de la informaci\u00f3n durante la cooperaci\u00f3n y durante tres a\u00f1os despu\u00e9s.<\/span><span data-ccp-props=\"{}\"> <\/span><\/p><p><b><span data-contrast=\"auto\">21. Derecho aplicable<\/span><\/b><span data-ccp-props=\"{}\"> <\/span><\/p><p><span data-contrast=\"auto\">Se aplica la legislaci\u00f3n neerlandesa.<\/span> <br><span data-contrast=\"auto\">Los litigios se someten al Tribunal de Distrito de \u00c1msterdam.<\/span><span data-ccp-props=\"{}\"> <\/span><\/p>\t\t\t\t\t\t\t\t<\/div>\n\t\t\t\t\t<\/div>\n\t\t\t\t<\/div>\n\t\t\t\t<\/div>\n\t\t","protected":false},"excerpt":{"rendered":"<p>CONDICIONES GENERALES &#8211; AGUROTECH MONITORING &amp; DECISION SUPPORT SYSTEM \u00daltima actualizaci\u00f3n: 17 de febrero de 2025 Contacto: info@agurotech.yourtechclub.com 1. Definiciones Agurotech: Agurotech B.V., con sede en \u00c1msterdam, KvK 81016816.Cliente: Cualquier natural o persona jur\u00eddica que produzca o servicios de Agurotech adquiera o utiliza.Sistema: El sistema Agurotech de monitorizaci\u00f3n y ayuda a la toma de decisiones, [&hellip;]<\/p>\n","protected":false},"author":1,"featured_media":0,"parent":0,"menu_order":0,"comment_status":"closed","ping_status":"closed","template":"","meta":{"_acf_changed":false,"footnotes":""},"class_list":["post-8823","page","type-page","status-publish","hentry"],"acf":[],"yoast_head":"<!-- This site is optimized with the Yoast SEO plugin v26.8 - https:\/\/yoast.com\/product\/yoast-seo-wordpress\/ -->\n<title>Condiciones generales &#8211; Agurotech<\/title>\n<meta name=\"description\" content=\"CONDICIONES GENERALES - AGUROTECH MONITORING &amp; DECISION SUPPORT SYSTEM \u00daltima actualizaci\u00f3n: 17 de febrero de 2025 Contacto: - Agurotech\" \/>\n<meta name=\"robots\" content=\"index, follow, max-snippet:-1, max-image-preview:large, max-video-preview:-1\" \/>\n<link rel=\"canonical\" href=\"https:\/\/agurotech.yourtechclub.com\/es\/terminos-y-condiciones-generales\/\" \/>\n<meta property=\"og:locale\" content=\"es_ES\" \/>\n<meta property=\"og:type\" content=\"article\" \/>\n<meta property=\"og:title\" content=\"Condiciones generales &#8211; Agurotech\" \/>\n<meta property=\"og:description\" content=\"CONDICIONES GENERALES - AGUROTECH MONITORING &amp; DECISION SUPPORT SYSTEM \u00daltima actualizaci\u00f3n: 17 de febrero de 2025 Contacto: - Agurotech\" \/>\n<meta property=\"og:url\" content=\"https:\/\/agurotech.yourtechclub.com\/es\/terminos-y-condiciones-generales\/\" \/>\n<meta property=\"og:site_name\" content=\"Agurotech\" \/>\n<meta property=\"article:modified_time\" content=\"2025-12-05T13:16:02+00:00\" \/>\n<meta property=\"og:image\" content=\"https:\/\/agurotech.yourtechclub.com\/wp-content\/uploads\/2024\/09\/c2311cda1ce735f53bfc454c16ccd9b3-scaled.webp\" \/>\n\t<meta property=\"og:image:width\" content=\"2560\" \/>\n\t<meta property=\"og:image:height\" content=\"1710\" \/>\n\t<meta property=\"og:image:type\" content=\"image\/webp\" \/>\n<meta name=\"twitter:card\" content=\"summary_large_image\" \/>\n<script type=\"application\/ld+json\" class=\"yoast-schema-graph\">{\"@context\":\"https:\/\/schema.org\",\"@graph\":[{\"@type\":\"WebPage\",\"@id\":\"https:\/\/agurotech.yourtechclub.com\/es\/terminos-y-condiciones-generales\/\",\"url\":\"https:\/\/agurotech.yourtechclub.com\/es\/terminos-y-condiciones-generales\/\",\"name\":\"Condiciones generales &#8211; Agurotech\",\"isPartOf\":{\"@id\":\"https:\/\/agurotech.yourtechclub.com\/es\/#website\"},\"datePublished\":\"2024-12-03T17:26:19+00:00\",\"dateModified\":\"2025-12-05T13:16:02+00:00\",\"description\":\"CONDICIONES GENERALES - AGUROTECH MONITORING &amp; DECISION SUPPORT SYSTEM \u00daltima actualizaci\u00f3n: 17 de febrero de 2025 Contacto: - Agurotech\",\"breadcrumb\":{\"@id\":\"https:\/\/agurotech.yourtechclub.com\/es\/terminos-y-condiciones-generales\/#breadcrumb\"},\"inLanguage\":\"es\",\"potentialAction\":[{\"@type\":\"ReadAction\",\"target\":[\"https:\/\/agurotech.yourtechclub.com\/es\/terminos-y-condiciones-generales\/\"]}]},{\"@type\":\"BreadcrumbList\",\"@id\":\"https:\/\/agurotech.yourtechclub.com\/es\/terminos-y-condiciones-generales\/#breadcrumb\",\"itemListElement\":[{\"@type\":\"ListItem\",\"position\":1,\"name\":\"Home\",\"item\":\"https:\/\/agurotech.yourtechclub.com\/es\/\"},{\"@type\":\"ListItem\",\"position\":2,\"name\":\"Condiciones generales\"}]},{\"@type\":\"WebSite\",\"@id\":\"https:\/\/agurotech.yourtechclub.com\/es\/#website\",\"url\":\"https:\/\/agurotech.yourtechclub.com\/es\/\",\"name\":\"Agurotech\",\"description\":\"L\u00edder del mercado en tecnolog\u00eda de sensores y agricultura de precisi\u00f3n\",\"publisher\":{\"@id\":\"https:\/\/agurotech.yourtechclub.com\/es\/#organization\"},\"potentialAction\":[{\"@type\":\"SearchAction\",\"target\":{\"@type\":\"EntryPoint\",\"urlTemplate\":\"https:\/\/agurotech.yourtechclub.com\/es\/?s={search_term_string}\"},\"query-input\":{\"@type\":\"PropertyValueSpecification\",\"valueRequired\":true,\"valueName\":\"search_term_string\"}}],\"inLanguage\":\"es\"},{\"@type\":\"Organization\",\"@id\":\"https:\/\/agurotech.yourtechclub.com\/es\/#organization\",\"name\":\"Agurotech\",\"url\":\"https:\/\/agurotech.yourtechclub.com\/es\/\",\"logo\":{\"@type\":\"ImageObject\",\"inLanguage\":\"es\",\"@id\":\"https:\/\/agurotech.yourtechclub.com\/es\/#\/schema\/logo\/image\/\",\"url\":\"https:\/\/agurotech.yourtechclub.com\/wp-content\/uploads\/2024\/08\/logo-500-21.png\",\"contentUrl\":\"https:\/\/agurotech.yourtechclub.com\/wp-content\/uploads\/2024\/08\/logo-500-21.png\",\"width\":186,\"height\":38,\"caption\":\"Agurotech\"},\"image\":{\"@id\":\"https:\/\/agurotech.yourtechclub.com\/es\/#\/schema\/logo\/image\/\"},\"sameAs\":[\"https:\/\/www.linkedin.com\/company\/agurotech-b-v\/\"]}]}<\/script>\n<!-- \/ Yoast SEO plugin. -->","yoast_head_json":{"title":"Condiciones generales &#8211; Agurotech","description":"CONDICIONES GENERALES - AGUROTECH MONITORING &amp; DECISION SUPPORT SYSTEM \u00daltima actualizaci\u00f3n: 17 de febrero de 2025 Contacto: - Agurotech","robots":{"index":"index","follow":"follow","max-snippet":"max-snippet:-1","max-image-preview":"max-image-preview:large","max-video-preview":"max-video-preview:-1"},"canonical":"https:\/\/agurotech.yourtechclub.com\/es\/terminos-y-condiciones-generales\/","og_locale":"es_ES","og_type":"article","og_title":"Condiciones generales &#8211; Agurotech","og_description":"CONDICIONES GENERALES - AGUROTECH MONITORING &amp; DECISION SUPPORT SYSTEM \u00daltima actualizaci\u00f3n: 17 de febrero de 2025 Contacto: - Agurotech","og_url":"https:\/\/agurotech.yourtechclub.com\/es\/terminos-y-condiciones-generales\/","og_site_name":"Agurotech","article_modified_time":"2025-12-05T13:16:02+00:00","og_image":[{"width":2560,"height":1710,"url":"https:\/\/agurotech.yourtechclub.com\/wp-content\/uploads\/2024\/09\/c2311cda1ce735f53bfc454c16ccd9b3-scaled.webp","type":"image\/webp"}],"twitter_card":"summary_large_image","schema":{"@context":"https:\/\/schema.org","@graph":[{"@type":"WebPage","@id":"https:\/\/agurotech.yourtechclub.com\/es\/terminos-y-condiciones-generales\/","url":"https:\/\/agurotech.yourtechclub.com\/es\/terminos-y-condiciones-generales\/","name":"Condiciones generales &#8211; Agurotech","isPartOf":{"@id":"https:\/\/agurotech.yourtechclub.com\/es\/#website"},"datePublished":"2024-12-03T17:26:19+00:00","dateModified":"2025-12-05T13:16:02+00:00","description":"CONDICIONES GENERALES - AGUROTECH MONITORING &amp; DECISION SUPPORT SYSTEM \u00daltima actualizaci\u00f3n: 17 de febrero de 2025 Contacto: - Agurotech","breadcrumb":{"@id":"https:\/\/agurotech.yourtechclub.com\/es\/terminos-y-condiciones-generales\/#breadcrumb"},"inLanguage":"es","potentialAction":[{"@type":"ReadAction","target":["https:\/\/agurotech.yourtechclub.com\/es\/terminos-y-condiciones-generales\/"]}]},{"@type":"BreadcrumbList","@id":"https:\/\/agurotech.yourtechclub.com\/es\/terminos-y-condiciones-generales\/#breadcrumb","itemListElement":[{"@type":"ListItem","position":1,"name":"Home","item":"https:\/\/agurotech.yourtechclub.com\/es\/"},{"@type":"ListItem","position":2,"name":"Condiciones generales"}]},{"@type":"WebSite","@id":"https:\/\/agurotech.yourtechclub.com\/es\/#website","url":"https:\/\/agurotech.yourtechclub.com\/es\/","name":"Agurotech","description":"L\u00edder del mercado en tecnolog\u00eda de sensores y agricultura de precisi\u00f3n","publisher":{"@id":"https:\/\/agurotech.yourtechclub.com\/es\/#organization"},"potentialAction":[{"@type":"SearchAction","target":{"@type":"EntryPoint","urlTemplate":"https:\/\/agurotech.yourtechclub.com\/es\/?s={search_term_string}"},"query-input":{"@type":"PropertyValueSpecification","valueRequired":true,"valueName":"search_term_string"}}],"inLanguage":"es"},{"@type":"Organization","@id":"https:\/\/agurotech.yourtechclub.com\/es\/#organization","name":"Agurotech","url":"https:\/\/agurotech.yourtechclub.com\/es\/","logo":{"@type":"ImageObject","inLanguage":"es","@id":"https:\/\/agurotech.yourtechclub.com\/es\/#\/schema\/logo\/image\/","url":"https:\/\/agurotech.yourtechclub.com\/wp-content\/uploads\/2024\/08\/logo-500-21.png","contentUrl":"https:\/\/agurotech.yourtechclub.com\/wp-content\/uploads\/2024\/08\/logo-500-21.png","width":186,"height":38,"caption":"Agurotech"},"image":{"@id":"https:\/\/agurotech.yourtechclub.com\/es\/#\/schema\/logo\/image\/"},"sameAs":["https:\/\/www.linkedin.com\/company\/agurotech-b-v\/"]}]}},"_links":{"self":[{"href":"https:\/\/agurotech.yourtechclub.com\/es\/wp-json\/wp\/v2\/pages\/8823","targetHints":{"allow":["GET"]}}],"collection":[{"href":"https:\/\/agurotech.yourtechclub.com\/es\/wp-json\/wp\/v2\/pages"}],"about":[{"href":"https:\/\/agurotech.yourtechclub.com\/es\/wp-json\/wp\/v2\/types\/page"}],"author":[{"embeddable":true,"href":"https:\/\/agurotech.yourtechclub.com\/es\/wp-json\/wp\/v2\/users\/1"}],"replies":[{"embeddable":true,"href":"https:\/\/agurotech.yourtechclub.com\/es\/wp-json\/wp\/v2\/comments?post=8823"}],"version-history":[{"count":8,"href":"https:\/\/agurotech.yourtechclub.com\/es\/wp-json\/wp\/v2\/pages\/8823\/revisions"}],"predecessor-version":[{"id":16654,"href":"https:\/\/agurotech.yourtechclub.com\/es\/wp-json\/wp\/v2\/pages\/8823\/revisions\/16654"}],"wp:attachment":[{"href":"https:\/\/agurotech.yourtechclub.com\/es\/wp-json\/wp\/v2\/media?parent=8823"}],"curies":[{"name":"wp","href":"https:\/\/api.w.org\/{rel}","templated":true}]}}