{"id":16575,"date":"2025-12-01T16:08:37","date_gmt":"2025-12-01T16:08:37","guid":{"rendered":"https:\/\/agurotech.yourtechclub.com\/?page_id=16575"},"modified":"2025-12-01T16:11:07","modified_gmt":"2025-12-01T16:11:07","slug":"eula","status":"publish","type":"page","link":"https:\/\/agurotech.yourtechclub.com\/es\/eula\/","title":{"rendered":"CLUF"},"content":{"rendered":"\t\t<div data-elementor-type=\"wp-page\" data-elementor-id=\"16575\" class=\"elementor elementor-16575 elementor-16573\" data-elementor-post-type=\"page\">\n\t\t\t\t<div class=\"elementor-element elementor-element-4c1bdd0 e-flex e-con-boxed e-con e-parent\" data-id=\"4c1bdd0\" data-element_type=\"container\">\n\t\t\t\t\t<div class=\"e-con-inner\">\n\t\t\t\t<div class=\"elementor-element elementor-element-4e3e6b5 elementor-widget elementor-widget-heading\" data-id=\"4e3e6b5\" data-element_type=\"widget\" data-widget_type=\"heading.default\">\n\t\t\t\t\t<h3 class=\"elementor-heading-title elementor-size-default\">EULA - Licencia de usuario final<\/h3>\t\t\t\t<\/div>\n\t\t\t\t<div class=\"elementor-element elementor-element-de64b04 elementor-widget elementor-widget-text-editor\" data-id=\"de64b04\" data-element_type=\"widget\" data-widget_type=\"text-editor.default\">\n\t\t\t\t\t\t\t\t\t<p><b><span data-contrast=\"auto\">\u00daltima actualizaci\u00f3n: 17 de febrero de 2025<\/span><\/b> <br><b><span data-contrast=\"auto\">Contacto: info@agurotech.yourtechclub.com<\/span><\/b><span data-ccp-props=\"{}\"> <\/span><\/p><p><b><span data-contrast=\"auto\">1. Introducci\u00f3n<\/span><\/b><\/p><p><span data-contrast=\"auto\">Esta Licencia de Usuario Final (\u00abEULA\u00bb) se aplica al uso del Sistema de Monitorizaci\u00f3n y Ayuda a la Toma de Decisiones de Agurotech, incluyendo la aplicaci\u00f3n m\u00f3vil, la aplicaci\u00f3n web, los algoritmos, los cuadros de mando y todo el software asociado (\u00abSoftware\u00bb).<\/span> <br><span data-contrast=\"auto\">Al crear una cuenta, iniciar sesi\u00f3n o utilizar el Software, el usuario (\u00abUsuario final\u00bb) acepta este CLUF.<\/span><span data-ccp-props=\"{}\"> <\/span><\/p><p><b><span data-contrast=\"auto\">2. Licencia<\/span><\/b><\/p><p><span data-contrast=\"auto\">Agurotech concede al Usuario Final una licencia limitada, revocable, intransferible y no exclusiva para utilizar el Software para operaciones internas del negocio agr\u00edcola.<\/span><span data-ccp-props=\"{}\"> <\/span><\/p><p><b><span data-contrast=\"auto\">3. Restricciones<\/span><\/b><\/p><p><span data-contrast=\"auto\">El Usuario Final no puede:<\/span><span data-ccp-props=\"{}\"> <\/span><\/p><ul><li><span data-contrast=\"auto\">copiar, modificar o crear obras derivadas del software<\/span><span data-ccp-props=\"{}\"> <\/span><\/li><li><span data-contrast=\"auto\">descompilar, aplicar ingenier\u00eda inversa o intentar recuperar el c\u00f3digo fuente<\/span><span data-ccp-props=\"{}\"> <\/span><\/li><li><span data-contrast=\"auto\">vender, sublicenciar o distribuir el Software<\/span><span data-ccp-props=\"{}\"> <\/span><\/li><li><span data-contrast=\"auto\">eludir las medidas de seguridad<\/span><span data-ccp-props=\"{}\"> <\/span><\/li><li><span data-contrast=\"auto\">Utilizar el Software para el desarrollo de productos competitivos<\/span><span data-ccp-props=\"{}\"> <\/span><\/li><\/ul><p><b><span data-contrast=\"auto\">4. Propiedad<\/span><\/b><\/p><p><span data-contrast=\"auto\">Todos los derechos de propiedad intelectual pertenecen exclusivamente a Agurotech.<\/span><span data-ccp-props=\"{}\"> <\/span><\/p><p><b><span data-contrast=\"auto\">5. Obligaciones del Usuario Final<\/span><\/b><\/p><p><span data-contrast=\"auto\">El Usuario Final es responsable de:<\/span><span data-ccp-props=\"{}\"> <\/span><\/p><ul><li><span data-contrast=\"auto\">introducci\u00f3n correcta de los datos de la parcela, el suelo y el cultivo<\/span><span data-ccp-props=\"{}\"> <\/span><\/li><li><span data-contrast=\"auto\">correcta instalaci\u00f3n y mantenimiento del hardware<\/span><span data-ccp-props=\"{}\"> <\/span><\/li><li><span data-contrast=\"auto\">seguridad de la cuenta de usuario<\/span><span data-ccp-props=\"{}\"> <\/span><\/li><\/ul><p><span data-contrast=\"auto\">Agurotech no se hace responsable de las inexactitudes debidas a una introducci\u00f3n, instalaci\u00f3n o uso incorrectos.<\/span><span data-ccp-props=\"{}\"> <\/span><\/p><p><b><span data-contrast=\"auto\">6. Actualizaciones de software<\/span><\/b><\/p><p><span data-contrast=\"auto\">Agurotech puede realizar actualizaciones, mejoras o mantenimiento en cualquier momento.<\/span> <br><span data-contrast=\"auto\">Algunas actualizaciones pueden cambiar la funcionalidad. El uso continuado implica su aceptaci\u00f3n. <\/span><span data-ccp-props=\"{}\"> <\/span><\/p><p><b><span data-contrast=\"auto\">7. Exenci\u00f3n de responsabilidad en la toma de decisiones<\/span><\/b><\/p><p><span data-contrast=\"auto\">Todos los resultados (como alertas, \u00edndices, visualizaciones y resultados de modelos) son <\/span><b><span data-contrast=\"auto\">apoyo a la decisi\u00f3n<\/span><\/b><span data-contrast=\"auto\">.<\/span> <br><span data-contrast=\"auto\">No constituyen <\/span><b><span data-contrast=\"auto\">consejos agron\u00f3micos, de riego o de fertilizaci\u00f3n<\/span><\/b><span data-contrast=\"auto\">.<\/span><span data-ccp-props=\"{}\"> <\/span><\/p><p><span data-contrast=\"auto\">El Usuario Final sigue siendo responsable de todas las decisiones de cultivo en todo momento.<\/span><span data-ccp-props=\"{}\"> <\/span><\/p><p><b><span data-contrast=\"auto\">8. Datos<\/span><\/b><\/p><p><span data-contrast=\"auto\">El tratamiento de datos est\u00e1 regulado en la <\/span><b><span data-contrast=\"auto\">Pol\u00edtica de Privacidad de Agurotech<\/span><\/b><span data-contrast=\"auto\">.<\/span> <br><span data-contrast=\"auto\">El Usuario Final concede permiso a Agurotech para procesar los datos para la funcionalidad y mejora del sistema.<\/span><span data-ccp-props=\"{}\"> <\/span><\/p><p><b><span data-contrast=\"auto\">9. Disponibilidad<\/span><\/b><\/p><p><span data-contrast=\"auto\">El software se proporciona en el mejor de los casos. No hay derecho a una disponibilidad ininterrumpida. <\/span><span data-ccp-props=\"{}\"> <\/span><\/p><p><b><span data-contrast=\"auto\">10. Terminaci\u00f3n<\/span><\/b><\/p><p><span data-contrast=\"auto\">Agurotech puede cancelar el acceso en:<\/span><span data-ccp-props=\"{}\"> <\/span><\/p><ul><li><span data-contrast=\"auto\">impago<\/span><span data-ccp-props=\"{}\"> <\/span><\/li><li><span data-contrast=\"auto\">incumplimiento de este CLUF<\/span><span data-ccp-props=\"{}\"> <\/span><\/li><li><span data-contrast=\"auto\">uso indebido o il\u00edcito<\/span><span data-ccp-props=\"{}\"> <\/span><\/li><\/ul><p><span data-contrast=\"auto\">En caso de rescisi\u00f3n, la licencia caduca inmediatamente.<\/span><span data-ccp-props=\"{}\"> <\/span><\/p><p><b><span data-contrast=\"auto\">11. Responsabilidad<\/span><\/b><\/p><p><span data-contrast=\"auto\">La responsabilidad de Agurotech se limita al importe pagado por el cliente en los \u00faltimos 12 meses.<\/span> <br><span data-contrast=\"auto\">Agurotech no se hace responsable de los da\u00f1os a los cultivos, las p\u00e9rdidas de rendimiento, los da\u00f1os indirectos o las decisiones basadas en los resultados.<\/span><span data-ccp-props=\"{}\"> <\/span><\/p><p><b><span data-contrast=\"auto\">12. Legislaci\u00f3n aplicable<\/span><\/b><\/p><p><span data-contrast=\"auto\">Se aplica la legislaci\u00f3n neerlandesa.<\/span> <br><span data-contrast=\"auto\">Los litigios se someten al Tribunal de Distrito de \u00c1msterdam.<\/span><span data-ccp-props=\"{}\">    <\/span><span data-ccp-props=\"{}\"> <\/span><\/p>\t\t\t\t\t\t\t\t<\/div>\n\t\t\t\t\t<\/div>\n\t\t\t\t<\/div>\n\t\t\t\t<\/div>\n\t\t","protected":false},"excerpt":{"rendered":"<p>EULA &#8211; Licencia de usuario final \u00daltima actualizaci\u00f3n: 17 de febrero de 2025 Contacto: info@agurotech.yourtechclub.com 1. Introducci\u00f3n Esta Licencia de Usuario Final (\u00abEULA\u00bb) se aplica al uso del Sistema de Monitorizaci\u00f3n y Ayuda a la Toma de Decisiones de Agurotech, incluyendo la aplicaci\u00f3n m\u00f3vil, la aplicaci\u00f3n web, los algoritmos, los cuadros de mando y todo [&hellip;]<\/p>\n","protected":false},"author":5,"featured_media":0,"parent":0,"menu_order":0,"comment_status":"closed","ping_status":"closed","template":"","meta":{"_acf_changed":false,"footnotes":""},"class_list":["post-16575","page","type-page","status-publish","hentry"],"acf":[],"yoast_head":"<!-- This site is optimized with the Yoast SEO plugin v26.8 - https:\/\/yoast.com\/product\/yoast-seo-wordpress\/ -->\n<title>CLUF &#8211; Agurotech<\/title>\n<meta name=\"description\" content=\"EULA - Licencia de usuario final \u00daltima actualizaci\u00f3n: 17 de febrero de 2025 Contacto: info@agurotech.yourtechclub.com 1. Introducci\u00f3nEsta Licencia de - Agurotech\" \/>\n<meta name=\"robots\" content=\"index, follow, max-snippet:-1, max-image-preview:large, max-video-preview:-1\" \/>\n<link rel=\"canonical\" href=\"https:\/\/agurotech.yourtechclub.com\/es\/eula\/\" \/>\n<meta property=\"og:locale\" content=\"es_ES\" \/>\n<meta property=\"og:type\" content=\"article\" \/>\n<meta property=\"og:title\" content=\"CLUF &#8211; Agurotech\" \/>\n<meta property=\"og:description\" content=\"EULA - Licencia de usuario final \u00daltima actualizaci\u00f3n: 17 de febrero de 2025 Contacto: info@agurotech.yourtechclub.com 1. Introducci\u00f3nEsta Licencia de - Agurotech\" \/>\n<meta property=\"og:url\" content=\"https:\/\/agurotech.yourtechclub.com\/es\/eula\/\" \/>\n<meta property=\"og:site_name\" content=\"Agurotech\" \/>\n<meta property=\"article:modified_time\" content=\"2025-12-01T16:11:07+00:00\" \/>\n<meta property=\"og:image\" content=\"https:\/\/agurotech.yourtechclub.com\/wp-content\/uploads\/2024\/09\/c2311cda1ce735f53bfc454c16ccd9b3-scaled.webp\" \/>\n\t<meta property=\"og:image:width\" content=\"2560\" \/>\n\t<meta property=\"og:image:height\" content=\"1710\" \/>\n\t<meta property=\"og:image:type\" content=\"image\/webp\" \/>\n<meta name=\"twitter:card\" content=\"summary_large_image\" \/>\n<script type=\"application\/ld+json\" class=\"yoast-schema-graph\">{\"@context\":\"https:\/\/schema.org\",\"@graph\":[{\"@type\":\"WebPage\",\"@id\":\"https:\/\/agurotech.yourtechclub.com\/es\/eula\/\",\"url\":\"https:\/\/agurotech.yourtechclub.com\/es\/eula\/\",\"name\":\"CLUF &#8211; Agurotech\",\"isPartOf\":{\"@id\":\"https:\/\/agurotech.yourtechclub.com\/es\/#website\"},\"datePublished\":\"2025-12-01T16:08:37+00:00\",\"dateModified\":\"2025-12-01T16:11:07+00:00\",\"description\":\"EULA - Licencia de usuario final \u00daltima actualizaci\u00f3n: 17 de febrero de 2025 Contacto: info@agurotech.yourtechclub.com 1. Introducci\u00f3nEsta Licencia de - Agurotech\",\"breadcrumb\":{\"@id\":\"https:\/\/agurotech.yourtechclub.com\/es\/eula\/#breadcrumb\"},\"inLanguage\":\"es\",\"potentialAction\":[{\"@type\":\"ReadAction\",\"target\":[\"https:\/\/agurotech.yourtechclub.com\/es\/eula\/\"]}]},{\"@type\":\"BreadcrumbList\",\"@id\":\"https:\/\/agurotech.yourtechclub.com\/es\/eula\/#breadcrumb\",\"itemListElement\":[{\"@type\":\"ListItem\",\"position\":1,\"name\":\"Home\",\"item\":\"https:\/\/agurotech.yourtechclub.com\/es\/\"},{\"@type\":\"ListItem\",\"position\":2,\"name\":\"CLUF\"}]},{\"@type\":\"WebSite\",\"@id\":\"https:\/\/agurotech.yourtechclub.com\/es\/#website\",\"url\":\"https:\/\/agurotech.yourtechclub.com\/es\/\",\"name\":\"Agurotech\",\"description\":\"L\u00edder del mercado en tecnolog\u00eda de sensores y agricultura de precisi\u00f3n\",\"publisher\":{\"@id\":\"https:\/\/agurotech.yourtechclub.com\/es\/#organization\"},\"potentialAction\":[{\"@type\":\"SearchAction\",\"target\":{\"@type\":\"EntryPoint\",\"urlTemplate\":\"https:\/\/agurotech.yourtechclub.com\/es\/?s={search_term_string}\"},\"query-input\":{\"@type\":\"PropertyValueSpecification\",\"valueRequired\":true,\"valueName\":\"search_term_string\"}}],\"inLanguage\":\"es\"},{\"@type\":\"Organization\",\"@id\":\"https:\/\/agurotech.yourtechclub.com\/es\/#organization\",\"name\":\"Agurotech\",\"url\":\"https:\/\/agurotech.yourtechclub.com\/es\/\",\"logo\":{\"@type\":\"ImageObject\",\"inLanguage\":\"es\",\"@id\":\"https:\/\/agurotech.yourtechclub.com\/es\/#\/schema\/logo\/image\/\",\"url\":\"https:\/\/agurotech.yourtechclub.com\/wp-content\/uploads\/2024\/08\/logo-500-21.png\",\"contentUrl\":\"https:\/\/agurotech.yourtechclub.com\/wp-content\/uploads\/2024\/08\/logo-500-21.png\",\"width\":186,\"height\":38,\"caption\":\"Agurotech\"},\"image\":{\"@id\":\"https:\/\/agurotech.yourtechclub.com\/es\/#\/schema\/logo\/image\/\"},\"sameAs\":[\"https:\/\/www.linkedin.com\/company\/agurotech-b-v\/\"]}]}<\/script>\n<!-- \/ Yoast SEO plugin. -->","yoast_head_json":{"title":"CLUF &#8211; Agurotech","description":"EULA - Licencia de usuario final \u00daltima actualizaci\u00f3n: 17 de febrero de 2025 Contacto: info@agurotech.yourtechclub.com 1. Introducci\u00f3nEsta Licencia de - Agurotech","robots":{"index":"index","follow":"follow","max-snippet":"max-snippet:-1","max-image-preview":"max-image-preview:large","max-video-preview":"max-video-preview:-1"},"canonical":"https:\/\/agurotech.yourtechclub.com\/es\/eula\/","og_locale":"es_ES","og_type":"article","og_title":"CLUF &#8211; Agurotech","og_description":"EULA - Licencia de usuario final \u00daltima actualizaci\u00f3n: 17 de febrero de 2025 Contacto: info@agurotech.yourtechclub.com 1. Introducci\u00f3nEsta Licencia de - Agurotech","og_url":"https:\/\/agurotech.yourtechclub.com\/es\/eula\/","og_site_name":"Agurotech","article_modified_time":"2025-12-01T16:11:07+00:00","og_image":[{"width":2560,"height":1710,"url":"https:\/\/agurotech.yourtechclub.com\/wp-content\/uploads\/2024\/09\/c2311cda1ce735f53bfc454c16ccd9b3-scaled.webp","type":"image\/webp"}],"twitter_card":"summary_large_image","schema":{"@context":"https:\/\/schema.org","@graph":[{"@type":"WebPage","@id":"https:\/\/agurotech.yourtechclub.com\/es\/eula\/","url":"https:\/\/agurotech.yourtechclub.com\/es\/eula\/","name":"CLUF &#8211; Agurotech","isPartOf":{"@id":"https:\/\/agurotech.yourtechclub.com\/es\/#website"},"datePublished":"2025-12-01T16:08:37+00:00","dateModified":"2025-12-01T16:11:07+00:00","description":"EULA - Licencia de usuario final \u00daltima actualizaci\u00f3n: 17 de febrero de 2025 Contacto: info@agurotech.yourtechclub.com 1. Introducci\u00f3nEsta Licencia de - Agurotech","breadcrumb":{"@id":"https:\/\/agurotech.yourtechclub.com\/es\/eula\/#breadcrumb"},"inLanguage":"es","potentialAction":[{"@type":"ReadAction","target":["https:\/\/agurotech.yourtechclub.com\/es\/eula\/"]}]},{"@type":"BreadcrumbList","@id":"https:\/\/agurotech.yourtechclub.com\/es\/eula\/#breadcrumb","itemListElement":[{"@type":"ListItem","position":1,"name":"Home","item":"https:\/\/agurotech.yourtechclub.com\/es\/"},{"@type":"ListItem","position":2,"name":"CLUF"}]},{"@type":"WebSite","@id":"https:\/\/agurotech.yourtechclub.com\/es\/#website","url":"https:\/\/agurotech.yourtechclub.com\/es\/","name":"Agurotech","description":"L\u00edder del mercado en tecnolog\u00eda de sensores y agricultura de precisi\u00f3n","publisher":{"@id":"https:\/\/agurotech.yourtechclub.com\/es\/#organization"},"potentialAction":[{"@type":"SearchAction","target":{"@type":"EntryPoint","urlTemplate":"https:\/\/agurotech.yourtechclub.com\/es\/?s={search_term_string}"},"query-input":{"@type":"PropertyValueSpecification","valueRequired":true,"valueName":"search_term_string"}}],"inLanguage":"es"},{"@type":"Organization","@id":"https:\/\/agurotech.yourtechclub.com\/es\/#organization","name":"Agurotech","url":"https:\/\/agurotech.yourtechclub.com\/es\/","logo":{"@type":"ImageObject","inLanguage":"es","@id":"https:\/\/agurotech.yourtechclub.com\/es\/#\/schema\/logo\/image\/","url":"https:\/\/agurotech.yourtechclub.com\/wp-content\/uploads\/2024\/08\/logo-500-21.png","contentUrl":"https:\/\/agurotech.yourtechclub.com\/wp-content\/uploads\/2024\/08\/logo-500-21.png","width":186,"height":38,"caption":"Agurotech"},"image":{"@id":"https:\/\/agurotech.yourtechclub.com\/es\/#\/schema\/logo\/image\/"},"sameAs":["https:\/\/www.linkedin.com\/company\/agurotech-b-v\/"]}]}},"_links":{"self":[{"href":"https:\/\/agurotech.yourtechclub.com\/es\/wp-json\/wp\/v2\/pages\/16575","targetHints":{"allow":["GET"]}}],"collection":[{"href":"https:\/\/agurotech.yourtechclub.com\/es\/wp-json\/wp\/v2\/pages"}],"about":[{"href":"https:\/\/agurotech.yourtechclub.com\/es\/wp-json\/wp\/v2\/types\/page"}],"author":[{"embeddable":true,"href":"https:\/\/agurotech.yourtechclub.com\/es\/wp-json\/wp\/v2\/users\/5"}],"replies":[{"embeddable":true,"href":"https:\/\/agurotech.yourtechclub.com\/es\/wp-json\/wp\/v2\/comments?post=16575"}],"version-history":[{"count":3,"href":"https:\/\/agurotech.yourtechclub.com\/es\/wp-json\/wp\/v2\/pages\/16575\/revisions"}],"predecessor-version":[{"id":16604,"href":"https:\/\/agurotech.yourtechclub.com\/es\/wp-json\/wp\/v2\/pages\/16575\/revisions\/16604"}],"wp:attachment":[{"href":"https:\/\/agurotech.yourtechclub.com\/es\/wp-json\/wp\/v2\/media?parent=16575"}],"curies":[{"name":"wp","href":"https:\/\/api.w.org\/{rel}","templated":true}]}}