{"id":14297,"date":"2025-07-31T09:09:30","date_gmt":"2025-07-31T09:09:30","guid":{"rendered":"https:\/\/agurotech.yourtechclub.com\/example-page\/"},"modified":"2025-07-31T09:21:42","modified_gmt":"2025-07-31T09:21:42","slug":"example-page","status":"publish","type":"page","link":"https:\/\/agurotech.yourtechclub.com\/es\/example-page\/","title":{"rendered":"P\u00e1gina de ejemplo"},"content":{"rendered":"\t\t<div data-elementor-type=\"wp-page\" data-elementor-id=\"14297\" class=\"elementor elementor-14297\" data-elementor-post-type=\"page\">\n\t\t\t\t<div class=\"elementor-element elementor-element-28c2f52 e-flex e-con-boxed e-con e-parent\" data-id=\"28c2f52\" data-element_type=\"container\" data-settings=\"{&quot;background_background&quot;:&quot;classic&quot;}\">\n\t\t\t\t\t<div class=\"e-con-inner\">\n\t\t<div class=\"elementor-element elementor-element-ba1b4c4 e-con-full e-flex e-con e-child\" data-id=\"ba1b4c4\" data-element_type=\"container\">\n\t\t\t\t<div class=\"elementor-element elementor-element-f63c3fd elementor-widget elementor-widget-heading\" data-id=\"f63c3fd\" data-element_type=\"widget\" data-widget_type=\"heading.default\">\n\t\t\t\t\t<h2 class=\"elementor-heading-title elementor-size-default\">\u00bfPor qu\u00e9 lo utilizamos?<\/h2>\t\t\t\t<\/div>\n\t\t\t\t<div class=\"elementor-element elementor-element-51510b8 elementor-widget elementor-widget-text-editor\" data-id=\"51510b8\" data-element_type=\"widget\" data-widget_type=\"text-editor.default\">\n\t\t\t\t\t\t\t\t\t<p>Es un hecho establecido desde hace mucho tiempo que un lector se distraer\u00e1 del contenido legible de una p\u00e1gina cuando mire su dise\u00f1o. El sentido de utilizar Lorem Ipsum es que tiene una distribuci\u00f3n m\u00e1s o menos normal de las letras, a diferencia de utilizar \u00abContenido aqu\u00ed, contenido aqu\u00ed\u00bb, lo que hace que parezca un ingl\u00e9s legible. Muchos paquetes de autoedici\u00f3n y editores de p\u00e1ginas web utilizan ahora Lorem Ipsum como texto modelo por defecto, y una b\u00fasqueda de \u00ablorem ipsum\u00bb descubrir\u00e1 muchos sitios web que a\u00fan est\u00e1n en pa\u00f1ales. A lo largo de los a\u00f1os han evolucionado varias versiones, a veces por accidente, a veces a prop\u00f3sito (inyectando humor y cosas por el estilo).   <\/p>\t\t\t\t\t\t\t\t<\/div>\n\t\t\t\t<div class=\"elementor-element elementor-element-c253e2b elementor-widget elementor-widget-button\" data-id=\"c253e2b\" data-element_type=\"widget\" data-widget_type=\"button.default\">\n\t\t\t\t\t\t\t\t\t\t<a class=\"elementor-button elementor-button-link elementor-size-sm\" href=\"#\">\n\t\t\t\t\t\t<span class=\"elementor-button-content-wrapper\">\n\t\t\t\t\t\t\t\t\t<span class=\"elementor-button-text\">Sigue leyendo<\/span>\n\t\t\t\t\t<\/span>\n\t\t\t\t\t<\/a>\n\t\t\t\t\t\t\t\t<\/div>\n\t\t\t\t<\/div>\n\t\t<div class=\"elementor-element elementor-element-8d69ba8 e-con-full e-flex e-con e-child\" data-id=\"8d69ba8\" data-element_type=\"container\">\n\t\t\t\t<div class=\"elementor-element elementor-element-a4b936b elementor-widget elementor-widget-image\" data-id=\"a4b936b\" data-element_type=\"widget\" data-widget_type=\"image.default\">\n\t\t\t\t\t\t\t\t\t\t\t\t\t\t\t<img decoding=\"async\" width=\"2560\" height=\"1710\" src=\"https:\/\/agurotech.yourtechclub.com\/wp-content\/uploads\/2024\/08\/Group-1000003071.jpg\" class=\"attachment-full size-full wp-image-9889\" alt=\"\" srcset=\"https:\/\/agurotech.yourtechclub.com\/wp-content\/uploads\/2024\/08\/Group-1000003071.jpg 2560w, https:\/\/agurotech.yourtechclub.com\/wp-content\/uploads\/2024\/08\/Group-1000003071-768x513.jpg 768w, https:\/\/agurotech.yourtechclub.com\/wp-content\/uploads\/2024\/08\/Group-1000003071-1536x1026.jpg 1536w, https:\/\/agurotech.yourtechclub.com\/wp-content\/uploads\/2024\/08\/Group-1000003071-2048x1368.jpg 2048w, https:\/\/agurotech.yourtechclub.com\/wp-content\/uploads\/2024\/08\/Group-1000003071-650x434.jpg 650w, https:\/\/agurotech.yourtechclub.com\/wp-content\/uploads\/2024\/08\/Group-1000003071-600x401.jpg 600w\" sizes=\"(max-width: 2560px) 100vw, 2560px\" \/>\t\t\t\t\t\t\t\t\t\t\t\t\t\t\t<\/div>\n\t\t\t\t<\/div>\n\t\t\t\t\t<\/div>\n\t\t\t\t<\/div>\n\t\t\t\t<\/div>\n\t\t","protected":false},"excerpt":{"rendered":"<p>\u00bfPor qu\u00e9 lo utilizamos? Es un hecho establecido desde hace mucho tiempo que un lector se distraer\u00e1 del contenido legible de una p\u00e1gina cuando mire su dise\u00f1o. El sentido de utilizar Lorem Ipsum es que tiene una distribuci\u00f3n m\u00e1s o menos normal de las letras, a diferencia de utilizar \u00abContenido aqu\u00ed, contenido aqu\u00ed\u00bb, lo que [&hellip;]<\/p>\n","protected":false},"author":3,"featured_media":0,"parent":0,"menu_order":0,"comment_status":"closed","ping_status":"closed","template":"","meta":{"_acf_changed":false,"footnotes":""},"class_list":["post-14297","page","type-page","status-publish","hentry"],"acf":[],"yoast_head":"<!-- This site is optimized with the Yoast SEO plugin v26.8 - https:\/\/yoast.com\/product\/yoast-seo-wordpress\/ -->\n<title>P\u00e1gina de ejemplo &#8211; Agurotech<\/title>\n<meta name=\"description\" content=\"\u00bfPor qu\u00e9 lo utilizamos? Es un hecho establecido desde hace mucho tiempo que un lector se distraer\u00e1 del contenido legible de una p\u00e1gina cuando mire su - Agurotech\" \/>\n<meta name=\"robots\" content=\"index, follow, max-snippet:-1, max-image-preview:large, max-video-preview:-1\" \/>\n<link rel=\"canonical\" href=\"https:\/\/agurotech.yourtechclub.com\/es\/example-page\/\" \/>\n<meta property=\"og:locale\" content=\"es_ES\" \/>\n<meta property=\"og:type\" content=\"article\" \/>\n<meta property=\"og:title\" content=\"P\u00e1gina de ejemplo &#8211; Agurotech\" \/>\n<meta property=\"og:description\" content=\"\u00bfPor qu\u00e9 lo utilizamos? Es un hecho establecido desde hace mucho tiempo que un lector se distraer\u00e1 del contenido legible de una p\u00e1gina cuando mire su - Agurotech\" \/>\n<meta property=\"og:url\" content=\"https:\/\/agurotech.yourtechclub.com\/es\/example-page\/\" \/>\n<meta property=\"og:site_name\" content=\"Agurotech\" \/>\n<meta property=\"article:modified_time\" content=\"2025-07-31T09:21:42+00:00\" \/>\n<meta property=\"og:image\" content=\"https:\/\/agurotech.yourtechclub.com\/wp-content\/uploads\/2024\/08\/Group-1000003071.jpg\" \/>\n\t<meta property=\"og:image:width\" content=\"2560\" \/>\n\t<meta property=\"og:image:height\" content=\"1710\" \/>\n\t<meta property=\"og:image:type\" content=\"image\/jpeg\" \/>\n<meta name=\"twitter:card\" content=\"summary_large_image\" \/>\n<script type=\"application\/ld+json\" class=\"yoast-schema-graph\">{\"@context\":\"https:\/\/schema.org\",\"@graph\":[{\"@type\":\"WebPage\",\"@id\":\"https:\/\/agurotech.yourtechclub.com\/es\/example-page\/\",\"url\":\"https:\/\/agurotech.yourtechclub.com\/es\/example-page\/\",\"name\":\"P\u00e1gina de ejemplo &#8211; Agurotech\",\"isPartOf\":{\"@id\":\"https:\/\/agurotech.yourtechclub.com\/es\/#website\"},\"primaryImageOfPage\":{\"@id\":\"https:\/\/agurotech.yourtechclub.com\/es\/example-page\/#primaryimage\"},\"image\":{\"@id\":\"https:\/\/agurotech.yourtechclub.com\/es\/example-page\/#primaryimage\"},\"thumbnailUrl\":\"https:\/\/agurotech.yourtechclub.com\/wp-content\/uploads\/2024\/08\/Group-1000003071.jpg\",\"datePublished\":\"2025-07-31T09:09:30+00:00\",\"dateModified\":\"2025-07-31T09:21:42+00:00\",\"description\":\"\u00bfPor qu\u00e9 lo utilizamos? Es un hecho establecido desde hace mucho tiempo que un lector se distraer\u00e1 del contenido legible de una p\u00e1gina cuando mire su - Agurotech\",\"breadcrumb\":{\"@id\":\"https:\/\/agurotech.yourtechclub.com\/es\/example-page\/#breadcrumb\"},\"inLanguage\":\"es\",\"potentialAction\":[{\"@type\":\"ReadAction\",\"target\":[\"https:\/\/agurotech.yourtechclub.com\/es\/example-page\/\"]}]},{\"@type\":\"ImageObject\",\"inLanguage\":\"es\",\"@id\":\"https:\/\/agurotech.yourtechclub.com\/es\/example-page\/#primaryimage\",\"url\":\"https:\/\/agurotech.yourtechclub.com\/wp-content\/uploads\/2024\/08\/Group-1000003071.jpg\",\"contentUrl\":\"https:\/\/agurotech.yourtechclub.com\/wp-content\/uploads\/2024\/08\/Group-1000003071.jpg\"},{\"@type\":\"BreadcrumbList\",\"@id\":\"https:\/\/agurotech.yourtechclub.com\/es\/example-page\/#breadcrumb\",\"itemListElement\":[{\"@type\":\"ListItem\",\"position\":1,\"name\":\"Home\",\"item\":\"https:\/\/agurotech.yourtechclub.com\/es\/\"},{\"@type\":\"ListItem\",\"position\":2,\"name\":\"P\u00e1gina de ejemplo\"}]},{\"@type\":\"WebSite\",\"@id\":\"https:\/\/agurotech.yourtechclub.com\/es\/#website\",\"url\":\"https:\/\/agurotech.yourtechclub.com\/es\/\",\"name\":\"Agurotech\",\"description\":\"L\u00edder del mercado en tecnolog\u00eda de sensores y agricultura de precisi\u00f3n\",\"publisher\":{\"@id\":\"https:\/\/agurotech.yourtechclub.com\/es\/#organization\"},\"potentialAction\":[{\"@type\":\"SearchAction\",\"target\":{\"@type\":\"EntryPoint\",\"urlTemplate\":\"https:\/\/agurotech.yourtechclub.com\/es\/?s={search_term_string}\"},\"query-input\":{\"@type\":\"PropertyValueSpecification\",\"valueRequired\":true,\"valueName\":\"search_term_string\"}}],\"inLanguage\":\"es\"},{\"@type\":\"Organization\",\"@id\":\"https:\/\/agurotech.yourtechclub.com\/es\/#organization\",\"name\":\"Agurotech\",\"url\":\"https:\/\/agurotech.yourtechclub.com\/es\/\",\"logo\":{\"@type\":\"ImageObject\",\"inLanguage\":\"es\",\"@id\":\"https:\/\/agurotech.yourtechclub.com\/es\/#\/schema\/logo\/image\/\",\"url\":\"https:\/\/agurotech.yourtechclub.com\/wp-content\/uploads\/2024\/08\/logo-500-21.png\",\"contentUrl\":\"https:\/\/agurotech.yourtechclub.com\/wp-content\/uploads\/2024\/08\/logo-500-21.png\",\"width\":186,\"height\":38,\"caption\":\"Agurotech\"},\"image\":{\"@id\":\"https:\/\/agurotech.yourtechclub.com\/es\/#\/schema\/logo\/image\/\"},\"sameAs\":[\"https:\/\/www.linkedin.com\/company\/agurotech-b-v\/\"]}]}<\/script>\n<!-- \/ Yoast SEO plugin. -->","yoast_head_json":{"title":"P\u00e1gina de ejemplo &#8211; Agurotech","description":"\u00bfPor qu\u00e9 lo utilizamos? Es un hecho establecido desde hace mucho tiempo que un lector se distraer\u00e1 del contenido legible de una p\u00e1gina cuando mire su - Agurotech","robots":{"index":"index","follow":"follow","max-snippet":"max-snippet:-1","max-image-preview":"max-image-preview:large","max-video-preview":"max-video-preview:-1"},"canonical":"https:\/\/agurotech.yourtechclub.com\/es\/example-page\/","og_locale":"es_ES","og_type":"article","og_title":"P\u00e1gina de ejemplo &#8211; Agurotech","og_description":"\u00bfPor qu\u00e9 lo utilizamos? Es un hecho establecido desde hace mucho tiempo que un lector se distraer\u00e1 del contenido legible de una p\u00e1gina cuando mire su - Agurotech","og_url":"https:\/\/agurotech.yourtechclub.com\/es\/example-page\/","og_site_name":"Agurotech","article_modified_time":"2025-07-31T09:21:42+00:00","og_image":[{"url":"https:\/\/agurotech.yourtechclub.com\/wp-content\/uploads\/2024\/08\/Group-1000003071.jpg","width":2560,"height":1710,"type":"image\/jpeg"}],"twitter_card":"summary_large_image","schema":{"@context":"https:\/\/schema.org","@graph":[{"@type":"WebPage","@id":"https:\/\/agurotech.yourtechclub.com\/es\/example-page\/","url":"https:\/\/agurotech.yourtechclub.com\/es\/example-page\/","name":"P\u00e1gina de ejemplo &#8211; Agurotech","isPartOf":{"@id":"https:\/\/agurotech.yourtechclub.com\/es\/#website"},"primaryImageOfPage":{"@id":"https:\/\/agurotech.yourtechclub.com\/es\/example-page\/#primaryimage"},"image":{"@id":"https:\/\/agurotech.yourtechclub.com\/es\/example-page\/#primaryimage"},"thumbnailUrl":"https:\/\/agurotech.yourtechclub.com\/wp-content\/uploads\/2024\/08\/Group-1000003071.jpg","datePublished":"2025-07-31T09:09:30+00:00","dateModified":"2025-07-31T09:21:42+00:00","description":"\u00bfPor qu\u00e9 lo utilizamos? Es un hecho establecido desde hace mucho tiempo que un lector se distraer\u00e1 del contenido legible de una p\u00e1gina cuando mire su - Agurotech","breadcrumb":{"@id":"https:\/\/agurotech.yourtechclub.com\/es\/example-page\/#breadcrumb"},"inLanguage":"es","potentialAction":[{"@type":"ReadAction","target":["https:\/\/agurotech.yourtechclub.com\/es\/example-page\/"]}]},{"@type":"ImageObject","inLanguage":"es","@id":"https:\/\/agurotech.yourtechclub.com\/es\/example-page\/#primaryimage","url":"https:\/\/agurotech.yourtechclub.com\/wp-content\/uploads\/2024\/08\/Group-1000003071.jpg","contentUrl":"https:\/\/agurotech.yourtechclub.com\/wp-content\/uploads\/2024\/08\/Group-1000003071.jpg"},{"@type":"BreadcrumbList","@id":"https:\/\/agurotech.yourtechclub.com\/es\/example-page\/#breadcrumb","itemListElement":[{"@type":"ListItem","position":1,"name":"Home","item":"https:\/\/agurotech.yourtechclub.com\/es\/"},{"@type":"ListItem","position":2,"name":"P\u00e1gina de ejemplo"}]},{"@type":"WebSite","@id":"https:\/\/agurotech.yourtechclub.com\/es\/#website","url":"https:\/\/agurotech.yourtechclub.com\/es\/","name":"Agurotech","description":"L\u00edder del mercado en tecnolog\u00eda de sensores y agricultura de precisi\u00f3n","publisher":{"@id":"https:\/\/agurotech.yourtechclub.com\/es\/#organization"},"potentialAction":[{"@type":"SearchAction","target":{"@type":"EntryPoint","urlTemplate":"https:\/\/agurotech.yourtechclub.com\/es\/?s={search_term_string}"},"query-input":{"@type":"PropertyValueSpecification","valueRequired":true,"valueName":"search_term_string"}}],"inLanguage":"es"},{"@type":"Organization","@id":"https:\/\/agurotech.yourtechclub.com\/es\/#organization","name":"Agurotech","url":"https:\/\/agurotech.yourtechclub.com\/es\/","logo":{"@type":"ImageObject","inLanguage":"es","@id":"https:\/\/agurotech.yourtechclub.com\/es\/#\/schema\/logo\/image\/","url":"https:\/\/agurotech.yourtechclub.com\/wp-content\/uploads\/2024\/08\/logo-500-21.png","contentUrl":"https:\/\/agurotech.yourtechclub.com\/wp-content\/uploads\/2024\/08\/logo-500-21.png","width":186,"height":38,"caption":"Agurotech"},"image":{"@id":"https:\/\/agurotech.yourtechclub.com\/es\/#\/schema\/logo\/image\/"},"sameAs":["https:\/\/www.linkedin.com\/company\/agurotech-b-v\/"]}]}},"_links":{"self":[{"href":"https:\/\/agurotech.yourtechclub.com\/es\/wp-json\/wp\/v2\/pages\/14297","targetHints":{"allow":["GET"]}}],"collection":[{"href":"https:\/\/agurotech.yourtechclub.com\/es\/wp-json\/wp\/v2\/pages"}],"about":[{"href":"https:\/\/agurotech.yourtechclub.com\/es\/wp-json\/wp\/v2\/types\/page"}],"author":[{"embeddable":true,"href":"https:\/\/agurotech.yourtechclub.com\/es\/wp-json\/wp\/v2\/users\/3"}],"replies":[{"embeddable":true,"href":"https:\/\/agurotech.yourtechclub.com\/es\/wp-json\/wp\/v2\/comments?post=14297"}],"version-history":[{"count":0,"href":"https:\/\/agurotech.yourtechclub.com\/es\/wp-json\/wp\/v2\/pages\/14297\/revisions"}],"wp:attachment":[{"href":"https:\/\/agurotech.yourtechclub.com\/es\/wp-json\/wp\/v2\/media?parent=14297"}],"curies":[{"name":"wp","href":"https:\/\/api.w.org\/{rel}","templated":true}]}}