{"id":13464,"date":"2025-01-05T20:12:50","date_gmt":"2025-01-05T20:12:50","guid":{"rendered":"https:\/\/agurotech.yourtechclub.com\/carrito\/"},"modified":"2025-01-05T20:12:52","modified_gmt":"2025-01-05T20:12:52","slug":"carrito","status":"publish","type":"page","link":"https:\/\/agurotech.yourtechclub.com\/es\/carrito\/","title":{"rendered":"Carrito"},"content":{"rendered":"\n<div data-block-name=\"woocommerce\/cart\" class=\"wp-block-woocommerce-cart alignwide is-loading\">\n<div data-block-name=\"woocommerce\/filled-cart-block\" class=\"wp-block-woocommerce-filled-cart-block\">\n<div data-block-name=\"woocommerce\/cart-items-block\" class=\"wp-block-woocommerce-cart-items-block\">\n<div data-block-name=\"woocommerce\/cart-line-items-block\" class=\"wp-block-woocommerce-cart-line-items-block\"><\/div>\n\n\n\n<div data-block-name=\"woocommerce\/cart-cross-sells-block\" class=\"wp-block-woocommerce-cart-cross-sells-block\">\n<h2 class=\"wp-block-heading has-large-font-size\">You may be interested in\u2026<\/h2>\n\n\n\n<div data-block-name=\"woocommerce\/cart-cross-sells-products-block\" class=\"wp-block-woocommerce-cart-cross-sells-products-block\"><\/div>\n<\/div>\n<\/div>\n\n\n\n<div data-block-name=\"woocommerce\/cart-totals-block\" class=\"wp-block-woocommerce-cart-totals-block\">\n<div data-block-name=\"woocommerce\/cart-order-summary-block\" class=\"wp-block-woocommerce-cart-order-summary-block\">\n<div data-block-name=\"woocommerce\/cart-order-summary-heading-block\" class=\"wp-block-woocommerce-cart-order-summary-heading-block\"><\/div><div data-block-name=\"woocommerce\/cart-order-summary-coupon-form-block\" class=\"wp-block-woocommerce-cart-order-summary-coupon-form-block\"><\/div><div data-block-name=\"woocommerce\/cart-order-summary-totals-block\" class=\"wp-block-woocommerce-cart-order-summary-totals-block\">\n<div data-block-name=\"woocommerce\/cart-order-summary-subtotal-block\" class=\"wp-block-woocommerce-cart-order-summary-subtotal-block\"><\/div>\n<div data-block-name=\"woocommerce\/cart-order-summary-discount-block\" class=\"wp-block-woocommerce-cart-order-summary-discount-block\"><\/div>\n<div data-block-name=\"woocommerce\/cart-order-summary-fee-block\" class=\"wp-block-woocommerce-cart-order-summary-fee-block\"><\/div>\n<div data-block-name=\"woocommerce\/cart-order-summary-shipping-block\" class=\"wp-block-woocommerce-cart-order-summary-shipping-block\"><\/div>\n<div data-block-name=\"woocommerce\/cart-order-summary-taxes-block\" class=\"wp-block-woocommerce-cart-order-summary-taxes-block\"><\/div><\/div>\n<\/div>\n\n\n\n<div data-block-name=\"woocommerce\/cart-express-payment-block\" class=\"wp-block-woocommerce-cart-express-payment-block\"><\/div>\n\n\n\n<div data-block-name=\"woocommerce\/proceed-to-checkout-block\" class=\"wp-block-woocommerce-proceed-to-checkout-block\"><\/div>\n\n\n\n<div data-block-name=\"woocommerce\/cart-accepted-payment-methods-block\" class=\"wp-block-woocommerce-cart-accepted-payment-methods-block\"><\/div>\n<\/div>\n<\/div>\n\n\n\n<div data-block-name=\"woocommerce\/empty-cart-block\" class=\"wp-block-woocommerce-empty-cart-block\">\n<h2 class=\"wp-block-heading has-text-align-center with-empty-cart-icon wc-block-cart__empty-cart__title\">Your cart is currently empty!<\/h2>\n\n\n\n<hr class=\"wp-block-separator has-alpha-channel-opacity is-style-dots\"\/>\n\n\n\n<h2 class=\"wp-block-heading has-text-align-center\">New in store<\/h2>\n\n\n<div data-block-name=\"woocommerce\/product-new\" data-columns=\"4\" data-rows=\"1\" class=\"wc-block-grid wp-block-product-new wp-block-woocommerce-product-new wc-block-product-new has-4-columns\"><ul class=\"wc-block-grid__products\"><li class=\"wc-block-grid__product\">\n\t\t\t\t<a href=\"https:\/\/agurotech.yourtechclub.com\/es\/product\/vorstmonitoring\/\" class=\"wc-block-grid__product-link\">\n\t\t\t\t\t\n\t\t\t\t\t<div class=\"wc-block-grid__product-image\"><img decoding=\"async\" width=\"300\" height=\"257\" src=\"https:\/\/agurotech.yourtechclub.com\/wp-content\/uploads\/2024\/11\/7a99c87ba42e80d7458b54b6c0c183ee-scaled.webp\" class=\"attachment-woocommerce_thumbnail size-woocommerce_thumbnail\" alt=\"Control de heladas\" \/><\/div>\n\t\t\t\t\t<div class=\"wc-block-grid__product-title\">Control de heladas<\/div>\n\t\t\t\t<\/a>\n\t\t\t\t<div class=\"wc-block-grid__product-price price\"><\/div>\n\t\t\t\t\n\t\t\t\t<div class=\"wp-block-button wc-block-grid__product-add-to-cart\"><a href=\"https:\/\/agurotech.yourtechclub.com\/es\/product\/vorstmonitoring\/\" aria-label=\"Lee m\u00e1s sobre &ldquo;Control de heladas&rdquo;\" data-quantity=\"1\" data-product_id=\"9348\" data-product_sku=\"\" data-price=\"0\" rel=\"nofollow\" class=\"wp-block-button__link  add_to_cart_button\">Leer m\u00e1s<\/a><\/div>\n\t\t\t<\/li><li class=\"wc-block-grid__product\">\n\t\t\t\t<a href=\"https:\/\/agurotech.yourtechclub.com\/es\/product\/pluviometro-digital\/\" class=\"wc-block-grid__product-link\">\n\t\t\t\t\t\n\t\t\t\t\t<div class=\"wc-block-grid__product-image\"><img decoding=\"async\" width=\"300\" height=\"300\" src=\"https:\/\/agurotech.yourtechclub.com\/wp-content\/uploads\/2024\/08\/DSC01732-3-300x300.jpg\" class=\"attachment-woocommerce_thumbnail size-woocommerce_thumbnail\" alt=\"Pluvi\u00f3metro digital\" srcset=\"https:\/\/agurotech.yourtechclub.com\/wp-content\/uploads\/2024\/08\/DSC01732-3-300x300.jpg 300w, https:\/\/agurotech.yourtechclub.com\/wp-content\/uploads\/2024\/08\/DSC01732-3-400x400.jpg 400w, https:\/\/agurotech.yourtechclub.com\/wp-content\/uploads\/2024\/08\/DSC01732-3-600x600.jpg 600w, https:\/\/agurotech.yourtechclub.com\/wp-content\/uploads\/2024\/08\/DSC01732-3-150x150.jpg 150w, https:\/\/agurotech.yourtechclub.com\/wp-content\/uploads\/2024\/08\/DSC01732-3-100x100.jpg 100w\" sizes=\"(max-width: 300px) 100vw, 300px\" \/><\/div>\n\t\t\t\t\t<div class=\"wc-block-grid__product-title\">Pluvi\u00f3metro digital<\/div>\n\t\t\t\t<\/a>\n\t\t\t\t<div class=\"wc-block-grid__product-price price\"><\/div>\n\t\t\t\t\n\t\t\t\t<div class=\"wp-block-button wc-block-grid__product-add-to-cart\"><a href=\"https:\/\/agurotech.yourtechclub.com\/es\/product\/pluviometro-digital\/\" aria-label=\"Lee m\u00e1s sobre &ldquo;Pluvi\u00f3metro digital&rdquo;\" data-quantity=\"1\" data-product_id=\"9352\" data-product_sku=\"\" data-price=\"0\" rel=\"nofollow\" class=\"wp-block-button__link  add_to_cart_button\">Leer m\u00e1s<\/a><\/div>\n\t\t\t<\/li><li class=\"wc-block-grid__product\">\n\t\t\t\t<a href=\"https:\/\/agurotech.yourtechclub.com\/es\/product\/estacion-meteorologica\/\" class=\"wc-block-grid__product-link\">\n\t\t\t\t\t\n\t\t\t\t\t<div class=\"wc-block-grid__product-image\"><img decoding=\"async\" width=\"300\" height=\"300\" src=\"https:\/\/agurotech.yourtechclub.com\/wp-content\/uploads\/2024\/08\/Weerstation-300x300.jpg\" class=\"attachment-woocommerce_thumbnail size-woocommerce_thumbnail\" alt=\"Estaci\u00f3n meteorol\u00f3gica\" srcset=\"https:\/\/agurotech.yourtechclub.com\/wp-content\/uploads\/2024\/08\/Weerstation-300x300.jpg 300w, https:\/\/agurotech.yourtechclub.com\/wp-content\/uploads\/2024\/08\/Weerstation-400x400.jpg 400w, https:\/\/agurotech.yourtechclub.com\/wp-content\/uploads\/2024\/08\/Weerstation-600x600.jpg 600w, https:\/\/agurotech.yourtechclub.com\/wp-content\/uploads\/2024\/08\/Weerstation-150x150.jpg 150w, https:\/\/agurotech.yourtechclub.com\/wp-content\/uploads\/2024\/08\/Weerstation-100x100.jpg 100w\" sizes=\"(max-width: 300px) 100vw, 300px\" \/><\/div>\n\t\t\t\t\t<div class=\"wc-block-grid__product-title\">Estaci\u00f3n meteorol\u00f3gica<\/div>\n\t\t\t\t<\/a>\n\t\t\t\t<div class=\"wc-block-grid__product-price price\"><\/div>\n\t\t\t\t\n\t\t\t\t<div class=\"wp-block-button wc-block-grid__product-add-to-cart\"><a href=\"https:\/\/agurotech.yourtechclub.com\/es\/product\/estacion-meteorologica\/\" aria-label=\"Lee m\u00e1s sobre &ldquo;Estaci\u00f3n meteorol\u00f3gica&rdquo;\" data-quantity=\"1\" data-product_id=\"9356\" data-product_sku=\"\" data-price=\"0\" rel=\"nofollow\" class=\"wp-block-button__link  add_to_cart_button\">Leer m\u00e1s<\/a><\/div>\n\t\t\t<\/li><li class=\"wc-block-grid__product\">\n\t\t\t\t<a href=\"https:\/\/agurotech.yourtechclub.com\/es\/product\/tecnologia-de-sensores\/\" class=\"wc-block-grid__product-link\">\n\t\t\t\t\t\n\t\t\t\t\t<div class=\"wc-block-grid__product-image\"><img decoding=\"async\" width=\"300\" height=\"300\" src=\"https:\/\/agurotech.yourtechclub.com\/wp-content\/uploads\/2024\/08\/Group-1000003071-300x300.jpg\" class=\"attachment-woocommerce_thumbnail size-woocommerce_thumbnail\" alt=\"Tecnolog\u00eda de sensores\" srcset=\"https:\/\/agurotech.yourtechclub.com\/wp-content\/uploads\/2024\/08\/Group-1000003071-300x300.jpg 300w, https:\/\/agurotech.yourtechclub.com\/wp-content\/uploads\/2024\/08\/Group-1000003071-150x150.jpg 150w, https:\/\/agurotech.yourtechclub.com\/wp-content\/uploads\/2024\/08\/Group-1000003071-400x400.jpg 400w, https:\/\/agurotech.yourtechclub.com\/wp-content\/uploads\/2024\/08\/Group-1000003071-600x600.jpg 600w, https:\/\/agurotech.yourtechclub.com\/wp-content\/uploads\/2024\/08\/Group-1000003071-100x100.jpg 100w\" sizes=\"(max-width: 300px) 100vw, 300px\" \/><\/div>\n\t\t\t\t\t<div class=\"wc-block-grid__product-title\">Tecnolog\u00eda de sensores<\/div>\n\t\t\t\t<\/a>\n\t\t\t\t<div class=\"wc-block-grid__product-price price\"><\/div>\n\t\t\t\t\n\t\t\t\t<div class=\"wp-block-button wc-block-grid__product-add-to-cart\"><a href=\"https:\/\/agurotech.yourtechclub.com\/es\/product\/tecnologia-de-sensores\/\" aria-label=\"Lee m\u00e1s sobre &ldquo;Tecnolog\u00eda de sensores&rdquo;\" data-quantity=\"1\" data-product_id=\"9360\" data-product_sku=\"\" data-price=\"0\" rel=\"nofollow\" class=\"wp-block-button__link  add_to_cart_button\">Leer m\u00e1s<\/a><\/div>\n\t\t\t<\/li><\/ul><\/div><\/div>\n<\/div>\n","protected":false},"excerpt":{"rendered":"","protected":false},"author":1,"featured_media":0,"parent":0,"menu_order":0,"comment_status":"closed","ping_status":"closed","template":"","meta":{"_acf_changed":false,"footnotes":""},"class_list":["post-13464","page","type-page","status-publish","hentry"],"acf":[],"yoast_head":"<!-- This site is optimized with the Yoast SEO plugin v26.8 - https:\/\/yoast.com\/product\/yoast-seo-wordpress\/ -->\n<title>Carrito &#8211; Agurotech<\/title>\n<meta name=\"description\" content=\"You may be interested in\u2026                            Your cart is currently empty!    New in store - Agurotech\" \/>\n<meta name=\"robots\" content=\"index, follow, max-snippet:-1, max-image-preview:large, max-video-preview:-1\" \/>\n<link rel=\"canonical\" href=\"https:\/\/agurotech.yourtechclub.com\/es\/carrito\/\" \/>\n<meta property=\"og:locale\" content=\"es_ES\" \/>\n<meta property=\"og:type\" content=\"article\" \/>\n<meta property=\"og:title\" content=\"Carrito &#8211; Agurotech\" \/>\n<meta property=\"og:description\" content=\"You may be interested in\u2026                            Your cart is currently empty!    New in store - Agurotech\" \/>\n<meta property=\"og:url\" content=\"https:\/\/agurotech.yourtechclub.com\/es\/carrito\/\" \/>\n<meta property=\"og:site_name\" content=\"Agurotech\" \/>\n<meta property=\"article:modified_time\" content=\"2025-01-05T20:12:52+00:00\" \/>\n<meta property=\"og:image\" content=\"https:\/\/agurotech.yourtechclub.com\/wp-content\/uploads\/2024\/09\/c2311cda1ce735f53bfc454c16ccd9b3-scaled.webp\" \/>\n\t<meta property=\"og:image:width\" content=\"2560\" \/>\n\t<meta property=\"og:image:height\" content=\"1710\" \/>\n\t<meta property=\"og:image:type\" content=\"image\/webp\" \/>\n<meta name=\"twitter:card\" content=\"summary_large_image\" \/>\n<script type=\"application\/ld+json\" class=\"yoast-schema-graph\">{\"@context\":\"https:\/\/schema.org\",\"@graph\":[{\"@type\":\"WebPage\",\"@id\":\"https:\/\/agurotech.yourtechclub.com\/es\/carrito\/\",\"url\":\"https:\/\/agurotech.yourtechclub.com\/es\/carrito\/\",\"name\":\"Carrito &#8211; Agurotech\",\"isPartOf\":{\"@id\":\"https:\/\/agurotech.yourtechclub.com\/es\/#website\"},\"datePublished\":\"2025-01-05T20:12:50+00:00\",\"dateModified\":\"2025-01-05T20:12:52+00:00\",\"description\":\"You may be interested in\u2026 Your cart is currently empty! New in store - Agurotech\",\"breadcrumb\":{\"@id\":\"https:\/\/agurotech.yourtechclub.com\/es\/carrito\/#breadcrumb\"},\"inLanguage\":\"es\",\"potentialAction\":[{\"@type\":\"ReadAction\",\"target\":[\"https:\/\/agurotech.yourtechclub.com\/es\/carrito\/\"]}]},{\"@type\":\"BreadcrumbList\",\"@id\":\"https:\/\/agurotech.yourtechclub.com\/es\/carrito\/#breadcrumb\",\"itemListElement\":[{\"@type\":\"ListItem\",\"position\":1,\"name\":\"Home\",\"item\":\"https:\/\/agurotech.yourtechclub.com\/es\/\"},{\"@type\":\"ListItem\",\"position\":2,\"name\":\"Carrito\"}]},{\"@type\":\"WebSite\",\"@id\":\"https:\/\/agurotech.yourtechclub.com\/es\/#website\",\"url\":\"https:\/\/agurotech.yourtechclub.com\/es\/\",\"name\":\"Agurotech\",\"description\":\"L\u00edder del mercado en tecnolog\u00eda de sensores y agricultura de precisi\u00f3n\",\"publisher\":{\"@id\":\"https:\/\/agurotech.yourtechclub.com\/es\/#organization\"},\"potentialAction\":[{\"@type\":\"SearchAction\",\"target\":{\"@type\":\"EntryPoint\",\"urlTemplate\":\"https:\/\/agurotech.yourtechclub.com\/es\/?s={search_term_string}\"},\"query-input\":{\"@type\":\"PropertyValueSpecification\",\"valueRequired\":true,\"valueName\":\"search_term_string\"}}],\"inLanguage\":\"es\"},{\"@type\":\"Organization\",\"@id\":\"https:\/\/agurotech.yourtechclub.com\/es\/#organization\",\"name\":\"Agurotech\",\"url\":\"https:\/\/agurotech.yourtechclub.com\/es\/\",\"logo\":{\"@type\":\"ImageObject\",\"inLanguage\":\"es\",\"@id\":\"https:\/\/agurotech.yourtechclub.com\/es\/#\/schema\/logo\/image\/\",\"url\":\"https:\/\/agurotech.yourtechclub.com\/wp-content\/uploads\/2024\/08\/logo-500-21.png\",\"contentUrl\":\"https:\/\/agurotech.yourtechclub.com\/wp-content\/uploads\/2024\/08\/logo-500-21.png\",\"width\":186,\"height\":38,\"caption\":\"Agurotech\"},\"image\":{\"@id\":\"https:\/\/agurotech.yourtechclub.com\/es\/#\/schema\/logo\/image\/\"},\"sameAs\":[\"https:\/\/www.linkedin.com\/company\/agurotech-b-v\/\"]}]}<\/script>\n<!-- \/ Yoast SEO plugin. -->","yoast_head_json":{"title":"Carrito &#8211; Agurotech","description":"You may be interested in\u2026                            Your cart is currently empty!    New in store - Agurotech","robots":{"index":"index","follow":"follow","max-snippet":"max-snippet:-1","max-image-preview":"max-image-preview:large","max-video-preview":"max-video-preview:-1"},"canonical":"https:\/\/agurotech.yourtechclub.com\/es\/carrito\/","og_locale":"es_ES","og_type":"article","og_title":"Carrito &#8211; Agurotech","og_description":"You may be interested in\u2026                            Your cart is currently empty!    New in store - Agurotech","og_url":"https:\/\/agurotech.yourtechclub.com\/es\/carrito\/","og_site_name":"Agurotech","article_modified_time":"2025-01-05T20:12:52+00:00","og_image":[{"width":2560,"height":1710,"url":"https:\/\/agurotech.yourtechclub.com\/wp-content\/uploads\/2024\/09\/c2311cda1ce735f53bfc454c16ccd9b3-scaled.webp","type":"image\/webp"}],"twitter_card":"summary_large_image","schema":{"@context":"https:\/\/schema.org","@graph":[{"@type":"WebPage","@id":"https:\/\/agurotech.yourtechclub.com\/es\/carrito\/","url":"https:\/\/agurotech.yourtechclub.com\/es\/carrito\/","name":"Carrito &#8211; Agurotech","isPartOf":{"@id":"https:\/\/agurotech.yourtechclub.com\/es\/#website"},"datePublished":"2025-01-05T20:12:50+00:00","dateModified":"2025-01-05T20:12:52+00:00","description":"You may be interested in\u2026 Your cart is currently empty! New in store - Agurotech","breadcrumb":{"@id":"https:\/\/agurotech.yourtechclub.com\/es\/carrito\/#breadcrumb"},"inLanguage":"es","potentialAction":[{"@type":"ReadAction","target":["https:\/\/agurotech.yourtechclub.com\/es\/carrito\/"]}]},{"@type":"BreadcrumbList","@id":"https:\/\/agurotech.yourtechclub.com\/es\/carrito\/#breadcrumb","itemListElement":[{"@type":"ListItem","position":1,"name":"Home","item":"https:\/\/agurotech.yourtechclub.com\/es\/"},{"@type":"ListItem","position":2,"name":"Carrito"}]},{"@type":"WebSite","@id":"https:\/\/agurotech.yourtechclub.com\/es\/#website","url":"https:\/\/agurotech.yourtechclub.com\/es\/","name":"Agurotech","description":"L\u00edder del mercado en tecnolog\u00eda de sensores y agricultura de precisi\u00f3n","publisher":{"@id":"https:\/\/agurotech.yourtechclub.com\/es\/#organization"},"potentialAction":[{"@type":"SearchAction","target":{"@type":"EntryPoint","urlTemplate":"https:\/\/agurotech.yourtechclub.com\/es\/?s={search_term_string}"},"query-input":{"@type":"PropertyValueSpecification","valueRequired":true,"valueName":"search_term_string"}}],"inLanguage":"es"},{"@type":"Organization","@id":"https:\/\/agurotech.yourtechclub.com\/es\/#organization","name":"Agurotech","url":"https:\/\/agurotech.yourtechclub.com\/es\/","logo":{"@type":"ImageObject","inLanguage":"es","@id":"https:\/\/agurotech.yourtechclub.com\/es\/#\/schema\/logo\/image\/","url":"https:\/\/agurotech.yourtechclub.com\/wp-content\/uploads\/2024\/08\/logo-500-21.png","contentUrl":"https:\/\/agurotech.yourtechclub.com\/wp-content\/uploads\/2024\/08\/logo-500-21.png","width":186,"height":38,"caption":"Agurotech"},"image":{"@id":"https:\/\/agurotech.yourtechclub.com\/es\/#\/schema\/logo\/image\/"},"sameAs":["https:\/\/www.linkedin.com\/company\/agurotech-b-v\/"]}]}},"_links":{"self":[{"href":"https:\/\/agurotech.yourtechclub.com\/es\/wp-json\/wp\/v2\/pages\/13464","targetHints":{"allow":["GET"]}}],"collection":[{"href":"https:\/\/agurotech.yourtechclub.com\/es\/wp-json\/wp\/v2\/pages"}],"about":[{"href":"https:\/\/agurotech.yourtechclub.com\/es\/wp-json\/wp\/v2\/types\/page"}],"author":[{"embeddable":true,"href":"https:\/\/agurotech.yourtechclub.com\/es\/wp-json\/wp\/v2\/users\/1"}],"replies":[{"embeddable":true,"href":"https:\/\/agurotech.yourtechclub.com\/es\/wp-json\/wp\/v2\/comments?post=13464"}],"version-history":[{"count":0,"href":"https:\/\/agurotech.yourtechclub.com\/es\/wp-json\/wp\/v2\/pages\/13464\/revisions"}],"wp:attachment":[{"href":"https:\/\/agurotech.yourtechclub.com\/es\/wp-json\/wp\/v2\/media?parent=13464"}],"curies":[{"name":"wp","href":"https:\/\/api.w.org\/{rel}","templated":true}]}}